{"id":13207,"date":"2023-06-02T11:15:35","date_gmt":"2023-06-02T11:15:35","guid":{"rendered":"https:\/\/kasima.lt\/shop\/uncategorized\/merlo-pallet-forks-4000-kg\/"},"modified":"2025-10-29T08:31:45","modified_gmt":"2025-10-29T08:31:45","slug":"pallet-sakes-measure-4000-kg","status":"publish","type":"product","link":"https:\/\/kasima3.bcapps.lt\/en\/produktas\/pallet-sakes-measure-4000-kg\/","title":{"rendered":"MERLO pallet forks 4000 kg."},"content":{"rendered":"<p>SPECIFICATIONS of pallet forks:<br \/>\nLifting capacity: 4000 kg<br \/>\nFork length: 120 cm.<br \/>\nAdjustable fork width up to 120 cm.<\/p>\n<p>Coupling type: MERLO<\/p>\n<p>We offer you a complete set of MERLO pallet forks for telehandler. Set includes: frame, fork set, clips. Pallet forks are used in the construction and agricultural sectors, for loading and transporting a wide range of loads. Working with the forks of a telehandler speeds up and facilitates the loading, unloading or transporting of goods. <\/p>\n<p>DELIVERY OF THE GOODS:<br \/>\nWe have the goods on site so you can come and see them in personal. Fast delivery to your address.<\/p>\n<p>*U\u017e papildom\u0105 mokest\u012f galime individualiai pritaikyti J\u016bs\u0173 teleskopiniam krautuvui.<\/p>\n","protected":false},"excerpt":{"rendered":"<p>Price without VAT<\/p>\n<p>Manufacturer: for the MERLO telehandlers<br \/>\nModel: 4000 kg.<br \/>\nCall: <a href=\"tel:+37067607071\">+37067607071<\/a><br \/>\nContact: <a href=\"mailto:sales@kasima3.bcapps.lt\">sales@kasima3.bcapps.lt<\/a><\/p>\n","protected":false},"featured_media":13158,"template":"","meta":{"_et_pb_use_builder":"","_et_pb_old_content":"","_et_gb_content_width":""},"product_brand":[],"product_cat":[115,127,128,321],"product_tag":[],"class_list":{"0":"post-13207","1":"product","2":"type-product","3":"status-publish","4":"has-post-thumbnail","6":"product_cat-3-5-tonnes","7":"product_cat-5-7-tonnes","8":"product_cat-7-10-tonnes","9":"product_cat-pallet-forks","11":"first","12":"instock","13":"taxable","14":"shipping-taxable","15":"purchasable","16":"product-type-simple"},"_links":{"self":[{"href":"https:\/\/kasima3.bcapps.lt\/en\/wp-json\/wp\/v2\/product\/13207","targetHints":{"allow":["GET"]}}],"collection":[{"href":"https:\/\/kasima3.bcapps.lt\/en\/wp-json\/wp\/v2\/product"}],"about":[{"href":"https:\/\/kasima3.bcapps.lt\/en\/wp-json\/wp\/v2\/types\/product"}],"wp:featuredmedia":[{"embeddable":true,"href":"https:\/\/kasima3.bcapps.lt\/en\/wp-json\/wp\/v2\/media\/13158"}],"wp:attachment":[{"href":"https:\/\/kasima3.bcapps.lt\/en\/wp-json\/wp\/v2\/media?parent=13207"}],"wp:term":[{"taxonomy":"product_brand","embeddable":true,"href":"https:\/\/kasima3.bcapps.lt\/en\/wp-json\/wp\/v2\/product_brand?post=13207"},{"taxonomy":"product_cat","embeddable":true,"href":"https:\/\/kasima3.bcapps.lt\/en\/wp-json\/wp\/v2\/product_cat?post=13207"},{"taxonomy":"product_tag","embeddable":true,"href":"https:\/\/kasima3.bcapps.lt\/en\/wp-json\/wp\/v2\/product_tag?post=13207"}],"curies":[{"name":"wp","href":"https:\/\/api.w.org\/{rel}","templated":true}]}}