{"id":34352,"date":"2025-01-16T11:02:48","date_gmt":"2025-01-16T11:02:48","guid":{"rendered":"https:\/\/kasima.lt\/produktas\/bobcat-valdymo-voztuvas\/"},"modified":"2025-10-29T08:33:27","modified_gmt":"2025-10-29T08:33:27","slug":"bobcat-valdymo-voztuvas","status":"publish","type":"product","link":"https:\/\/kasima3.bcapps.lt\/en\/produktas\/bobcat-valdymo-voztuvas\/","title":{"rendered":"Bobcat Control Valve"},"content":{"rendered":"<p>Naudotas valdymo vo\u017etuvas, i\u0161imtas i\u0161 \u201eBobcat T590\u201c krautuvo. <br \/>Detal\u0117s numeris 7297074<br \/>\u0160is originalus \u201eBobcat\u201c komponentas suderinamas su S510, S530, S550, S570, S590, S595, T550, T590 ir T595 modeliais.<br \/>Valdymo vo\u017etuvas yra labai svarbi krautuvo hidraulin\u0117s sistemos dalis, u\u017etikrinanti skland\u0173 \u012fvairi\u0173 funkcij\u0173 veikim\u0105. <\/p>\n","protected":false},"excerpt":{"rendered":"<p>Price without VAT<\/p>\n<p>Manufacturer: BOBCAT<br \/>Model:T590BC0020<br \/>Call: <a href=\"tel:+37060842988\">+37060842988<\/a><br \/>Email: <a href=\"mailto:usedparts@kasima3.bcapps.lt\">usedparts@kasima3.bcapps.lt <\/a><\/p>\n","protected":false},"featured_media":34333,"template":"","meta":{"_et_pb_use_builder":"","_et_pb_old_content":"","_et_gb_content_width":""},"product_brand":[],"product_cat":[404,320,451],"product_tag":[],"class_list":{"0":"post-34352","1":"product","2":"type-product","3":"status-publish","4":"has-post-thumbnail","6":"product_cat-bobcat-parts","7":"product_cat-used-parts","8":"product_cat-construction-machinery-parts","10":"first","11":"instock","12":"taxable","13":"shipping-taxable","14":"purchasable","15":"product-type-simple"},"_links":{"self":[{"href":"https:\/\/kasima3.bcapps.lt\/en\/wp-json\/wp\/v2\/product\/34352","targetHints":{"allow":["GET"]}}],"collection":[{"href":"https:\/\/kasima3.bcapps.lt\/en\/wp-json\/wp\/v2\/product"}],"about":[{"href":"https:\/\/kasima3.bcapps.lt\/en\/wp-json\/wp\/v2\/types\/product"}],"wp:featuredmedia":[{"embeddable":true,"href":"https:\/\/kasima3.bcapps.lt\/en\/wp-json\/wp\/v2\/media\/34333"}],"wp:attachment":[{"href":"https:\/\/kasima3.bcapps.lt\/en\/wp-json\/wp\/v2\/media?parent=34352"}],"wp:term":[{"taxonomy":"product_brand","embeddable":true,"href":"https:\/\/kasima3.bcapps.lt\/en\/wp-json\/wp\/v2\/product_brand?post=34352"},{"taxonomy":"product_cat","embeddable":true,"href":"https:\/\/kasima3.bcapps.lt\/en\/wp-json\/wp\/v2\/product_cat?post=34352"},{"taxonomy":"product_tag","embeddable":true,"href":"https:\/\/kasima3.bcapps.lt\/en\/wp-json\/wp\/v2\/product_tag?post=34352"}],"curies":[{"name":"wp","href":"https:\/\/api.w.org\/{rel}","templated":true}]}}