{"id":37546,"date":"2025-02-21T07:26:15","date_gmt":"2025-02-21T07:26:15","guid":{"rendered":"https:\/\/kasima.lt\/produktas\/volvo-gumine-grindu-danga\/"},"modified":"2025-10-29T08:33:44","modified_gmt":"2025-10-29T08:33:44","slug":"volvo-gumine-grindu-danga","status":"publish","type":"product","link":"https:\/\/kasima3.bcapps.lt\/en\/produktas\/volvo-gumine-grindu-danga\/","title":{"rendered":"Volvo Rubber Floor Cover"},"content":{"rendered":"<p>\u0160i originali \u201eVolvo\u201c detal\u0117 yra naudota, bet geros b\u016bkl\u0117s, be \u012ftr\u016bkim\u0173, i\u0161imta i\u0161 \u201eVolvo EC210BLC<br \/>\nDetal\u0117s numeris: VOE 14508103<\/p>\n","protected":false},"excerpt":{"rendered":"<p>Price without VAT<\/p>\n<p>Manufacturer: VOLVO<br \/>\nModel:EC210BLC0067<br \/>\nCall: <a href=\"tel:+37060842988\">+37060842988<br \/><\/a>Email: <a href=\"mailto:usedparts@kasima3.bcapps.lt\">usedparts@kasima3.bcapps.lt<\/a><\/p>\n","protected":false},"featured_media":37532,"template":"","meta":{"_et_pb_use_builder":"","_et_pb_old_content":"","_et_gb_content_width":""},"product_brand":[],"product_cat":[396,320,451],"product_tag":[],"class_list":{"0":"post-37546","1":"product","2":"type-product","3":"status-publish","4":"has-post-thumbnail","6":"product_cat-volvo-parts","7":"product_cat-used-parts","8":"product_cat-construction-machinery-parts","10":"first","11":"instock","12":"taxable","13":"shipping-taxable","14":"purchasable","15":"product-type-simple"},"_links":{"self":[{"href":"https:\/\/kasima3.bcapps.lt\/en\/wp-json\/wp\/v2\/product\/37546","targetHints":{"allow":["GET"]}}],"collection":[{"href":"https:\/\/kasima3.bcapps.lt\/en\/wp-json\/wp\/v2\/product"}],"about":[{"href":"https:\/\/kasima3.bcapps.lt\/en\/wp-json\/wp\/v2\/types\/product"}],"wp:featuredmedia":[{"embeddable":true,"href":"https:\/\/kasima3.bcapps.lt\/en\/wp-json\/wp\/v2\/media\/37532"}],"wp:attachment":[{"href":"https:\/\/kasima3.bcapps.lt\/en\/wp-json\/wp\/v2\/media?parent=37546"}],"wp:term":[{"taxonomy":"product_brand","embeddable":true,"href":"https:\/\/kasima3.bcapps.lt\/en\/wp-json\/wp\/v2\/product_brand?post=37546"},{"taxonomy":"product_cat","embeddable":true,"href":"https:\/\/kasima3.bcapps.lt\/en\/wp-json\/wp\/v2\/product_cat?post=37546"},{"taxonomy":"product_tag","embeddable":true,"href":"https:\/\/kasima3.bcapps.lt\/en\/wp-json\/wp\/v2\/product_tag?post=37546"}],"curies":[{"name":"wp","href":"https:\/\/api.w.org\/{rel}","templated":true}]}}