{"id":38630,"date":"2025-03-03T09:40:11","date_gmt":"2025-03-03T09:40:11","guid":{"rendered":"https:\/\/kasima.lt\/produktas\/bobcat-dm02-variklio-bloko-apatine-dalis\/"},"modified":"2025-10-29T08:33:53","modified_gmt":"2025-10-29T08:33:53","slug":"bobcat-dm02-variklio-bloko-apatine-dalis","status":"publish","type":"product","link":"https:\/\/kasima3.bcapps.lt\/en\/produktas\/bobcat-dm02-variklio-bloko-apatine-dalis\/","title":{"rendered":"Bobcat DM02 Engine Block bottom part"},"content":{"rendered":"<p>\u0160i originali dalis yra naudota, bet puikios b\u016bkl\u0117s<br \/>\nPa\u0161alinta i\u0161 \u201eBobcat S76\u201c variklio DM02-LEL00 , 2022 m.<\/p>\n","protected":false},"excerpt":{"rendered":"<p>Price without VAT<\/p>\n<p>Manufacturer: BOBCAT<br \/>\nModel: T590BC0038<br \/>\nCall: <a href=\"tel:+37060842988\">+37060842988<br \/><\/a>Email: <a href=\"mailto:usedparts@kasima3.bcapps.lt\">usedparts@kasima3.bcapps.lt<\/a><\/p>\n","protected":false},"featured_media":38606,"template":"","meta":{"_et_pb_use_builder":"","_et_pb_old_content":"","_et_gb_content_width":""},"product_brand":[],"product_cat":[404,320,451],"product_tag":[],"class_list":{"0":"post-38630","1":"product","2":"type-product","3":"status-publish","4":"has-post-thumbnail","6":"product_cat-bobcat-parts","7":"product_cat-used-parts","8":"product_cat-construction-machinery-parts","10":"first","11":"instock","12":"taxable","13":"shipping-taxable","14":"product-type-simple"},"_links":{"self":[{"href":"https:\/\/kasima3.bcapps.lt\/en\/wp-json\/wp\/v2\/product\/38630","targetHints":{"allow":["GET"]}}],"collection":[{"href":"https:\/\/kasima3.bcapps.lt\/en\/wp-json\/wp\/v2\/product"}],"about":[{"href":"https:\/\/kasima3.bcapps.lt\/en\/wp-json\/wp\/v2\/types\/product"}],"wp:featuredmedia":[{"embeddable":true,"href":"https:\/\/kasima3.bcapps.lt\/en\/wp-json\/wp\/v2\/media\/38606"}],"wp:attachment":[{"href":"https:\/\/kasima3.bcapps.lt\/en\/wp-json\/wp\/v2\/media?parent=38630"}],"wp:term":[{"taxonomy":"product_brand","embeddable":true,"href":"https:\/\/kasima3.bcapps.lt\/en\/wp-json\/wp\/v2\/product_brand?post=38630"},{"taxonomy":"product_cat","embeddable":true,"href":"https:\/\/kasima3.bcapps.lt\/en\/wp-json\/wp\/v2\/product_cat?post=38630"},{"taxonomy":"product_tag","embeddable":true,"href":"https:\/\/kasima3.bcapps.lt\/en\/wp-json\/wp\/v2\/product_tag?post=38630"}],"curies":[{"name":"wp","href":"https:\/\/api.w.org\/{rel}","templated":true}]}}