{"id":40872,"date":"2025-03-21T08:35:03","date_gmt":"2025-03-21T08:35:03","guid":{"rendered":"https:\/\/kasima.lt\/produktas\/jcb-hidraulinis-bakas\/"},"modified":"2025-10-29T08:34:06","modified_gmt":"2025-10-29T08:34:06","slug":"jcb-hidraulinis-bakas","status":"publish","type":"product","link":"https:\/\/kasima3.bcapps.lt\/en\/produktas\/jcb-hidraulinis-bakas\/","title":{"rendered":"JCB hydraulic tank"},"content":{"rendered":"<p>\u0160i originali detal\u0117 yra naudota, bet geros b\u016bkl\u0117s<br \/>\nI\u0161imtas i\u0161 JCB JS130LC, 2006 m.<br \/>\nDetal\u0117s numeris: 215\/12878<\/p>\n","protected":false},"excerpt":{"rendered":"<p>Price without VAT<\/p>\n<p>Manufacturer: JCB<br \/>\nModel: JS130LC0045<br \/>\nCall: <a href=\"tel:+37060842988\">+37060842988<br \/><\/a>Email: <a href=\"mailto:usedparts@kasima3.bcapps.lt\">usedparts@kasima3.bcapps.lt<\/a><\/p>\n","protected":false},"featured_media":40863,"template":"","meta":{"_et_pb_use_builder":"","_et_pb_old_content":"","_et_gb_content_width":""},"product_brand":[],"product_cat":[442,320,451],"product_tag":[],"class_list":{"0":"post-40872","1":"product","2":"type-product","3":"status-publish","4":"has-post-thumbnail","6":"product_cat-jcb-parts-en","7":"product_cat-used-parts","8":"product_cat-construction-machinery-parts","10":"first","11":"instock","12":"taxable","13":"shipping-taxable","14":"purchasable","15":"product-type-simple"},"_links":{"self":[{"href":"https:\/\/kasima3.bcapps.lt\/en\/wp-json\/wp\/v2\/product\/40872","targetHints":{"allow":["GET"]}}],"collection":[{"href":"https:\/\/kasima3.bcapps.lt\/en\/wp-json\/wp\/v2\/product"}],"about":[{"href":"https:\/\/kasima3.bcapps.lt\/en\/wp-json\/wp\/v2\/types\/product"}],"wp:featuredmedia":[{"embeddable":true,"href":"https:\/\/kasima3.bcapps.lt\/en\/wp-json\/wp\/v2\/media\/40863"}],"wp:attachment":[{"href":"https:\/\/kasima3.bcapps.lt\/en\/wp-json\/wp\/v2\/media?parent=40872"}],"wp:term":[{"taxonomy":"product_brand","embeddable":true,"href":"https:\/\/kasima3.bcapps.lt\/en\/wp-json\/wp\/v2\/product_brand?post=40872"},{"taxonomy":"product_cat","embeddable":true,"href":"https:\/\/kasima3.bcapps.lt\/en\/wp-json\/wp\/v2\/product_cat?post=40872"},{"taxonomy":"product_tag","embeddable":true,"href":"https:\/\/kasima3.bcapps.lt\/en\/wp-json\/wp\/v2\/product_tag?post=40872"}],"curies":[{"name":"wp","href":"https:\/\/api.w.org\/{rel}","templated":true}]}}