{"id":7173,"date":"2022-11-09T12:54:47","date_gmt":"2022-11-09T12:54:47","guid":{"rendered":"https:\/\/kasima.lt\/privaatsuspoliitika\/"},"modified":"2024-06-11T15:10:58","modified_gmt":"2024-06-11T15:10:58","slug":"privaatsuspoliitika","status":"publish","type":"page","link":"https:\/\/kasima3.bcapps.lt\/et\/privaatsuspoliitika\/","title":{"rendered":"Privaatsuspoliitika"},"content":{"rendered":"<h1>PRIVAATSUSE POLIITIKA<\/h1>\n<p>\t\t\t\t\t\t\t\t\t\t\t\t\t<img loading=\"lazy\" decoding=\"async\" width=\"768\" height=\"164\" src=\"https:\/\/kasima3.bcapps.lt\/wp-content\/uploads\/2023\/01\/perskirimas-2.png\" alt=\"\" srcset=\"https:\/\/kasima3.bcapps.lt\/wp-content\/uploads\/2023\/01\/perskirimas-2.png 1024w, https:\/\/kasima3.bcapps.lt\/wp-content\/uploads\/2023\/01\/perskirimas-2-100x21.png 100w, https:\/\/kasima3.bcapps.lt\/wp-content\/uploads\/2023\/01\/perskirimas-2-600x128.png 600w\" sizes=\"(max-width: 768px) 100vw, 768px\" \/>\t\t\t\t\t\t\t\t\t\t\t\t\t<\/p>\n<p>\u00dcLDINE TEAVE<\/p>\n<\/p>\n<p>&nbsp;&nbsp;&nbsp;&nbsp;Kui k\u00fclastate veebilehte<a href=\"https:\/\/www.kasima3.bcapps.lt\/\" target=\"_blank\" rel=\"noopener\" data-auto-recognition=\"true\">https:\/\/www.kasima3.bcapps.lt\/<\/a>, t\u00f6\u00f6tleb teie isikuandmeid UAB &#8220;KASIMA&#8221;, ettev\u00f5tte kood 302752257 (edaspidi &#8220;ettev\u00f5te&#8221;).<\/p>\n<p>Aadress: Daukanto g. 66, Tel\u0161iai<\/p>\n<p>El. Mail:&nbsp;<a href=\"mailto:info@kasima3.bcapps.lt\" data-auto-recognition=\"true\">info@kasima3.bcapps.lt<\/a><\/p>\n<p>Me austame f\u00fc\u00fcsiliste isikute \u00f5igust oma isikuandmete kaitsele ja p\u00fc\u00fcame tagada sellel veebisaidil t\u00f6\u00f6deldavate isikuandmete kaitse.<\/p>\n<p>Ettev\u00f5te v\u00f5ib k\u00e4esolevat privaatsuspoliitikat igal ajal l\u00e4bi vaadata ja muuta, seega soovitame teil perioodiliselt kontrollida, et te oleksite kursis k\u00e4esoleva privaatsuspoliitika kehtiva versiooniga. Privaatsuspoliitika kehtiva versiooni avaldamise kuup\u00e4ev on m\u00e4rgitud veebisaidi selle lehek\u00fclje \u00fclaosas.<\/p>\n<p>Veebisaidi k\u00fclastajate ja teiste andmesubjektide isikuandmeid t\u00f6\u00f6deldakse koosk\u00f5las kehtivate \u00f5igusaktidega ning isikuandmete kaitseks vajalike tehniliste ja korralduslike meetmetega.<\/p>\n<p>Ettev\u00f5te kasutab teie poolt esitatud v\u00f5i ettev\u00f5tte poolt kogutud isikuandmeid ainult privaatsuspoliitikas v\u00f5i teile saadetud eraldi teatises s\u00e4testatud eesm\u00e4rkidel ning ei anna isikuandmeid teistele isikutele haldamiseks edasi, v\u00e4lja arvatud k\u00e4esolevas privaatsuspoliitikas s\u00e4testatud juhtudel. Seadusega etten\u00e4htud juhtudel v\u00f5idakse teie andmed edastada ka p\u00e4devatele asutustele. Muud juhtumid, mil teie isikuandmeid edastatakse kolmandatele isikutele (ettev\u00f5tte partnerid, andmet\u00f6\u00f6tlejad jne), on s\u00e4testatud privaatsuspoliitika eraldi osades.<\/p>\n","protected":false},"excerpt":{"rendered":"<p>PRIVAATSUSE POLIITIKA \u00dcLDINE TEAVE &nbsp;&nbsp;&nbsp;&nbsp;Kui k\u00fclastate veebilehtehttps:\/\/www.kasima3.bcapps.lt\/, t\u00f6\u00f6tleb teie isikuandmeid UAB &#8220;KASIMA&#8221;, ettev\u00f5tte kood 302752257 (edaspidi &#8220;ettev\u00f5te&#8221;). Aadress: Daukanto g. 66, Tel\u0161iai El. Mail:&nbsp;info@kasima3.bcapps.lt Me austame f\u00fc\u00fcsiliste isikute \u00f5igust oma isikuandmete kaitsele ja p\u00fc\u00fcame tagada sellel veebisaidil t\u00f6\u00f6deldavate isikuandmete kaitse. Ettev\u00f5te v\u00f5ib k\u00e4esolevat privaatsuspoliitikat igal ajal l\u00e4bi vaadata ja muuta, seega soovitame teil perioodiliselt kontrollida, [&hellip;]<\/p>\n","protected":false},"author":1,"featured_media":0,"parent":0,"menu_order":0,"comment_status":"closed","ping_status":"closed","template":"","meta":{"_et_pb_use_builder":"on","_et_pb_old_content":"","_et_gb_content_width":"","footnotes":""},"class_list":["post-7173","page","type-page","status-publish","hentry"],"_links":{"self":[{"href":"https:\/\/kasima3.bcapps.lt\/et\/wp-json\/wp\/v2\/pages\/7173","targetHints":{"allow":["GET"]}}],"collection":[{"href":"https:\/\/kasima3.bcapps.lt\/et\/wp-json\/wp\/v2\/pages"}],"about":[{"href":"https:\/\/kasima3.bcapps.lt\/et\/wp-json\/wp\/v2\/types\/page"}],"author":[{"embeddable":true,"href":"https:\/\/kasima3.bcapps.lt\/et\/wp-json\/wp\/v2\/users\/1"}],"replies":[{"embeddable":true,"href":"https:\/\/kasima3.bcapps.lt\/et\/wp-json\/wp\/v2\/comments?post=7173"}],"version-history":[{"count":3,"href":"https:\/\/kasima3.bcapps.lt\/et\/wp-json\/wp\/v2\/pages\/7173\/revisions"}],"predecessor-version":[{"id":20981,"href":"https:\/\/kasima3.bcapps.lt\/et\/wp-json\/wp\/v2\/pages\/7173\/revisions\/20981"}],"wp:attachment":[{"href":"https:\/\/kasima3.bcapps.lt\/et\/wp-json\/wp\/v2\/media?parent=7173"}],"curies":[{"name":"wp","href":"https:\/\/api.w.org\/{rel}","templated":true}]}}