{"id":7226,"date":"2022-11-09T14:10:04","date_gmt":"2022-11-09T14:10:04","guid":{"rendered":"https:\/\/kasima.lt\/kontakt\/"},"modified":"2025-09-02T11:35:58","modified_gmt":"2025-09-02T11:35:58","slug":"kontaktid","status":"publish","type":"page","link":"https:\/\/kasima3.bcapps.lt\/et\/kontaktid\/","title":{"rendered":"Kontakt"},"content":{"rendered":"<p>[et_pb_section fb_built=&#8221;1&#8243; admin_label=&#8221;Header&#8221; _builder_version=&#8221;4.27.4&#8243; _module_preset=&#8221;default&#8221; use_background_color_gradient=&#8221;on&#8221; background_color_gradient_stops=&#8221;rgba(0,0,0,0.3) 0%|rgba(0,0,0,0.3) 100%&#8221; background_color_gradient_overlays_image=&#8221;on&#8221; background_image=&#8221;https:\/\/kasima3.bcapps.lt\/wp-content\/uploads\/2023\/01\/apie-1.png&#8221; locked=&#8221;off&#8221; collapsed=&#8221;on&#8221; global_colors_info=&#8221;{}&#8221;][et_pb_row _builder_version=&#8221;4.22.0&#8243; _module_preset=&#8221;default&#8221; global_colors_info=&#8221;{}&#8221;][et_pb_column type=&#8221;4_4&#8243; _builder_version=&#8221;4.22.0&#8243; _module_preset=&#8221;default&#8221; custom_padding=&#8221;60px||60px||true|false&#8221; custom_padding_tablet=&#8221;0px||0px||true|false&#8221; custom_padding_phone=&#8221;0px||0px||true|false&#8221; custom_padding_last_edited=&#8221;on|desktop&#8221; global_colors_info=&#8221;{}&#8221;][et_pb_text _builder_version=&#8221;4.27.4&#8243; _module_preset=&#8221;d8784a26-fd3e-4db3-b592-acd62648a1a1&#8243; header_font=&#8221;|600||on|||||&#8221; header_text_color=&#8221;#FFFFFF&#8221; header_letter_spacing=&#8221;1px&#8221; global_colors_info=&#8221;{}&#8221;]<\/p>\n<h1>Kontakt<\/h1>\n<p>[\/et_pb_text][\/et_pb_column][\/et_pb_row][\/et_pb_section][et_pb_section fb_built=&#8221;1&#8243; _builder_version=&#8221;4.27.4&#8243; _module_preset=&#8221;default&#8221; global_colors_info=&#8221;{}&#8221;][et_pb_row _builder_version=&#8221;4.23&#8243; _module_preset=&#8221;default&#8221; background_image=&#8221;https:\/\/kasima3.bcapps.lt\/wp-content\/uploads\/2023\/01\/perskirimas-2.png&#8221; background_size=&#8221;initial&#8221; background_position=&#8221;top_right&#8221; global_colors_info=&#8221;{}&#8221;][et_pb_column type=&#8221;4_4&#8243; _builder_version=&#8221;4.23&#8243; _module_preset=&#8221;default&#8221; global_colors_info=&#8221;{}&#8221;][et_pb_heading title=&#8221;Rekvisiidid&#8221; _builder_version=&#8221;4.27.4&#8243; _module_preset=&#8221;default&#8221; title_level=&#8221;h2&#8243; title_font=&#8221;|600||on|||||&#8221; title_font_size=&#8221;32px&#8221; global_colors_info=&#8221;{}&#8221;][\/et_pb_heading][\/et_pb_column][\/et_pb_row][et_pb_row column_structure=&#8221;1_2,1_2&#8243; use_custom_gutter=&#8221;on&#8221; gutter_width=&#8221;1&#8243; _builder_version=&#8221;4.27.4&#8243; _module_preset=&#8221;default&#8221; global_colors_info=&#8221;{}&#8221;][et_pb_column type=&#8221;1_2&#8243; _builder_version=&#8221;4.27.4&#8243; _module_preset=&#8221;default&#8221; global_colors_info=&#8221;{}&#8221;][et_pb_text _builder_version=&#8221;4.27.4&#8243; _module_preset=&#8221;default&#8221; header_3_line_height=&#8221;1.6em&#8221; global_colors_info=&#8221;{}&#8221;]<\/p>\n<h3>UAB &#8220;KASIMA&#8221;<br \/>Daukanto g. 66<br \/>Tel\u0161iai, Leedu, LT87101<br \/>Ettev\u00f5tte kood: 302752257<br \/>El.   E-post: info@kasima.lt<\/h3>\n<p>[\/et_pb_text][\/et_pb_column][et_pb_column type=&#8221;1_2&#8243; _builder_version=&#8221;4.27.4&#8243; _module_preset=&#8221;default&#8221; global_colors_info=&#8221;{}&#8221;][et_pb_text _builder_version=&#8221;4.27.4&#8243; _module_preset=&#8221;default&#8221; header_3_line_height=&#8221;1.6em&#8221; global_colors_info=&#8221;{}&#8221;]<\/p>\n<h3>K\u00e4ibemaksu maksja kood: LT100006761113<br \/>A\/S LT15 7230 0000 0646 7027<br \/>UAB Urbo Bankas<br \/>A\/S LT67 7300 0101 3100 9281<br \/>AB Swedbank<\/h3>\n<p>[\/et_pb_text][\/et_pb_column][\/et_pb_row][\/et_pb_section][et_pb_section fb_built=&#8221;1&#8243; admin_label=&#8221;Subscribe&#8221; _builder_version=&#8221;4.27.4&#8243; _module_preset=&#8221;default&#8221; background_image=&#8221;https:\/\/kasima3.bcapps.lt\/wp-content\/uploads\/2023\/01\/3fonas-01.png&#8221; parallax=&#8221;on&#8221; saved_tabs=&#8221;all&#8221; collapsed=&#8221;on&#8221; global_colors_info=&#8221;{}&#8221;][et_pb_row _builder_version=&#8221;4.27.4&#8243; _module_preset=&#8221;default&#8221; background_size=&#8221;initial&#8221; background_position=&#8221;top_right&#8221; hover_enabled=&#8221;0&#8243; global_colors_info=&#8221;{}&#8221; background_enable_image=&#8221;off&#8221; sticky_enabled=&#8221;0&#8243;][et_pb_column type=&#8221;4_4&#8243; _builder_version=&#8221;4.23&#8243; _module_preset=&#8221;default&#8221; global_colors_info=&#8221;{}&#8221;][et_pb_heading title=&#8221;Meie meeskond&#8221; _builder_version=&#8221;4.27.4&#8243; _module_preset=&#8221;default&#8221; title_level=&#8221;h2&#8243; title_font=&#8221;|600||on|||||&#8221; title_font_size=&#8221;32px&#8221; global_colors_info=&#8221;{}&#8221;][\/et_pb_heading][\/et_pb_column][\/et_pb_row][et_pb_row column_structure=&#8221;1_3,1_3,1_3&#8243; _builder_version=&#8221;4.27.4&#8243; _module_preset=&#8221;default&#8221; global_colors_info=&#8221;{}&#8221;][et_pb_column type=&#8221;1_3&#8243; _builder_version=&#8221;4.27.4&#8243; _module_preset=&#8221;default&#8221; global_colors_info=&#8221;{}&#8221;][et_pb_team_member name=&#8221;Evaldas Kasparas&#8221; position=&#8221;Masinate m\u00fc\u00fck, logistika&#8221; image_url=&#8221;https:\/\/kasima3.bcapps.lt\/wp-content\/uploads\/2023\/01\/man1.jpg&#8221; _builder_version=&#8221;4.27.4&#8243; _module_preset=&#8221;default&#8221; header_level=&#8221;h2&#8243; header_font_size=&#8221;24px&#8221; body_text_align=&#8221;left&#8221; body_ul_type=&#8221;square&#8221; body_ul_position=&#8221;inside&#8221; position_text_align=&#8221;left&#8221; position_line_height=&#8221;2em&#8221; body_ul_line_height=&#8221;1.7em&#8221; text_orientation=&#8221;left&#8221; custom_margin=&#8221;||||false|false&#8221; custom_padding=&#8221;||||false|false&#8221; hover_enabled=&#8221;0&#8243; border_color_left=&#8221;#FF5F00&#8243; box_shadow_style_image=&#8221;preset3&#8243; global_colors_info=&#8221;{}&#8221; header_font=&#8221;|600|||||||&#8221; sticky_enabled=&#8221;0&#8243;]<\/p>\n<h3 style=\"text-align: left;\"><\/h3>\n<h3 style=\"text-align: left;\">Ettev\u00f5tte direktor<\/h3>\n<ul>\n<li style=\"text-align: left;\"><a href=\"tel:+37061118674\">+370 611 18674<\/a><\/li>\n<li style=\"text-align: left;\"><a href=\"mailto:info@kasima.lt\">info@kasima.lt<\/a><\/li>\n<\/ul>\n<p>[\/et_pb_team_member][\/et_pb_column][et_pb_column type=&#8221;1_3&#8243; _builder_version=&#8221;4.27.4&#8243; _module_preset=&#8221;default&#8221; global_colors_info=&#8221;{}&#8221;][et_pb_team_member name=&#8221;Tomas Kniuksta&#8221; position=&#8221;Masinate lisaseadmed m\u00fc\u00fck ja remont&#8221; image_url=&#8221;https:\/\/kasima3.bcapps.lt\/wp-content\/uploads\/2023\/01\/man1.jpg&#8221; _builder_version=&#8221;4.27.4&#8243; _module_preset=&#8221;default&#8221; header_level=&#8221;h2&#8243; header_font_size=&#8221;24px&#8221; body_text_align=&#8221;left&#8221; body_ul_type=&#8221;square&#8221; body_ul_position=&#8221;inside&#8221; position_text_align=&#8221;left&#8221; position_line_height=&#8221;2em&#8221; body_ul_line_height=&#8221;1.7em&#8221; text_orientation=&#8221;left&#8221; custom_margin=&#8221;||||false|false&#8221; custom_padding=&#8221;||||false|false&#8221; hover_enabled=&#8221;0&#8243; border_color_left=&#8221;#FF5F00&#8243; box_shadow_style_image=&#8221;preset3&#8243; global_colors_info=&#8221;{}&#8221; header_font=&#8221;|600|||||||&#8221; sticky_enabled=&#8221;0&#8243;]<\/p>\n<h3><\/h3>\n<h3>Kommertsjuht<\/h3>\n<ul>\n<li><a href=\"tel:+37067607071\">+370 676 07071<\/a><\/li>\n<li><a href=\"mailto:sales@kasima.lt\">sales@kasima.lt<\/a><\/li>\n<\/ul>\n<p>[\/et_pb_team_member][\/et_pb_column][et_pb_column type=&#8221;1_3&#8243; _builder_version=&#8221;4.27.4&#8243; _module_preset=&#8221;default&#8221; global_colors_info=&#8221;{}&#8221;][et_pb_team_member name=&#8221;Simona Kaspariene&#8221; position=&#8221;Rahandus&#8221; image_url=&#8221;https:\/\/kasima3.bcapps.lt\/wp-content\/uploads\/2023\/01\/man1.jpg&#8221; _builder_version=&#8221;4.27.4&#8243; _module_preset=&#8221;default&#8221; header_level=&#8221;h2&#8243; header_font_size=&#8221;24px&#8221; body_text_align=&#8221;left&#8221; body_ul_type=&#8221;square&#8221; body_ul_position=&#8221;inside&#8221; position_text_align=&#8221;left&#8221; position_line_height=&#8221;2em&#8221; body_ul_line_height=&#8221;1.7em&#8221; text_orientation=&#8221;left&#8221; custom_margin=&#8221;||||false|false&#8221; custom_padding=&#8221;||||false|false&#8221; hover_enabled=&#8221;0&#8243; border_color_left=&#8221;#FF5F00&#8243; box_shadow_style_image=&#8221;preset3&#8243; global_colors_info=&#8221;{}&#8221; header_font=&#8221;|600|||||||&#8221; sticky_enabled=&#8221;0&#8243;]<\/p>\n<h3><\/h3>\n<h3>Finantsjuht<\/h3>\n<ul>\n<li><a href=\"tel:+37069853291\">+370 698 53291<\/a><\/li>\n<li><a href=\"mailto:simona@kasima.lt\">simona@kasima.lt<\/a><\/li>\n<\/ul>\n<p>[\/et_pb_team_member][\/et_pb_column][\/et_pb_row][et_pb_row column_structure=&#8221;1_3,1_3,1_3&#8243; _builder_version=&#8221;4.27.4&#8243; _module_preset=&#8221;default&#8221; global_colors_info=&#8221;{}&#8221;][et_pb_column type=&#8221;1_3&#8243; _builder_version=&#8221;4.27.4&#8243; _module_preset=&#8221;default&#8221; global_colors_info=&#8221;{}&#8221;][et_pb_team_member name=&#8221;Marius Bukys&#8221; position=&#8221;Kasutatud osade m\u00fc\u00fck&#8221; image_url=&#8221;https:\/\/kasima3.bcapps.lt\/wp-content\/uploads\/2023\/01\/man1.jpg&#8221; _builder_version=&#8221;4.27.4&#8243; _module_preset=&#8221;default&#8221; header_level=&#8221;h2&#8243; header_font_size=&#8221;24px&#8221; body_text_align=&#8221;left&#8221; body_ul_type=&#8221;square&#8221; body_ul_position=&#8221;inside&#8221; position_text_align=&#8221;left&#8221; position_line_height=&#8221;2em&#8221; body_ul_line_height=&#8221;1.7em&#8221; text_orientation=&#8221;left&#8221; custom_margin=&#8221;||||false|false&#8221; custom_padding=&#8221;||||false|false&#8221; hover_enabled=&#8221;0&#8243; border_color_left=&#8221;#FF5F00&#8243; box_shadow_style_image=&#8221;preset3&#8243; global_colors_info=&#8221;{}&#8221; header_font=&#8221;|600|||||||&#8221; sticky_enabled=&#8221;0&#8243;]<\/p>\n<h3><\/h3>\n<ul>\n<li><a href=\"tel:+37060842988\">+370 608 42988<\/a><\/li>\n<li><a href=\"mailto:usedparts@kasima.lt\">usedparts@kasima.lt<\/a><\/li>\n<\/ul>\n<p>[\/et_pb_team_member][\/et_pb_column][et_pb_column type=&#8221;1_3&#8243; _builder_version=&#8221;4.27.4&#8243; _module_preset=&#8221;default&#8221; global_colors_info=&#8221;{}&#8221;][et_pb_team_member name=&#8221;Tehniline ja teenindusjuht&#8221; image_url=&#8221;https:\/\/kasima3.bcapps.lt\/wp-content\/uploads\/2023\/01\/man1.jpg&#8221; _builder_version=&#8221;4.27.4&#8243; _module_preset=&#8221;default&#8221; header_level=&#8221;h2&#8243; header_font_size=&#8221;24px&#8221; body_text_align=&#8221;left&#8221; body_ul_type=&#8221;square&#8221; body_ul_position=&#8221;inside&#8221; position_text_align=&#8221;left&#8221; position_line_height=&#8221;2em&#8221; body_ul_line_height=&#8221;1.7em&#8221; text_orientation=&#8221;left&#8221; custom_margin=&#8221;||||false|false&#8221; custom_padding=&#8221;||||false|false&#8221; hover_enabled=&#8221;0&#8243; border_color_left=&#8221;#FF5F00&#8243; box_shadow_style_image=&#8221;preset3&#8243; global_colors_info=&#8221;{}&#8221; header_font=&#8221;|600|||||||&#8221; sticky_enabled=&#8221;0&#8243;]<\/p>\n<h3><\/h3>\n<ul>\n<li><a href=\"tel:+37066822211\">+370 668 22211<\/a><\/li>\n<li><a href=\"mailto:servisas@kasima.lt\">servisas@kasima.lt<\/a><\/li>\n<\/ul>\n<p>[\/et_pb_team_member][\/et_pb_column][et_pb_column type=&#8221;1_3&#8243; _builder_version=&#8221;4.27.4&#8243; _module_preset=&#8221;default&#8221; global_colors_info=&#8221;{}&#8221;][\/et_pb_column][\/et_pb_row][\/et_pb_section][et_pb_section fb_built=&#8221;1&#8243; admin_label=&#8221;Contact Form &#038; Info&#8221; _builder_version=&#8221;4.22.0&#8243; _module_preset=&#8221;default&#8221; collapsed=&#8221;on&#8221; global_colors_info=&#8221;{}&#8221;][et_pb_row column_structure=&#8221;3_5,2_5&#8243; _builder_version=&#8221;4.22.0&#8243; _module_preset=&#8221;default&#8221; global_colors_info=&#8221;{}&#8221;][et_pb_column type=&#8221;3_5&#8243; _builder_version=&#8221;4.22.0&#8243; _module_preset=&#8221;default&#8221; global_colors_info=&#8221;{}&#8221;][et_pb_contact_form captcha=&#8221;off&#8221; email=&#8221;indre@balticode.com&#8221; success_message=&#8221;T\u00e4nan teid. Teie s\u00f5num on saadetud.&#8221; submit_button_text=&#8221;Saada&#8221; _builder_version=&#8221;4.27.4&#8243; _module_preset=&#8221;4191d9de-ed1c-46e1-a3d0-5e52d41ab117&#8243; button_text_color=&#8221;#FFFFFF&#8221; button_bg_color=&#8221;#FF5F00&#8243; button_border_width=&#8221;2px&#8221; button_border_color=&#8221;#FF5F00&#8243; button_font=&#8221;|700|||||||&#8221; locked=&#8221;off&#8221; global_colors_info=&#8221;{}&#8221;][et_pb_contact_field field_id=&#8221;Name&#8221; field_title=&#8221;Nimi&#8221; fullwidth_field=&#8221;on&#8221; _builder_version=&#8221;4.27.4&#8243; _module_preset=&#8221;default&#8221; global_colors_info=&#8221;{}&#8221; button_text_size__hover_enabled=&#8221;off&#8221; button_one_text_size__hover_enabled=&#8221;off&#8221; button_two_text_size__hover_enabled=&#8221;off&#8221; button_text_color__hover_enabled=&#8221;off&#8221; button_one_text_color__hover_enabled=&#8221;off&#8221; button_two_text_color__hover_enabled=&#8221;off&#8221; button_border_width__hover_enabled=&#8221;off&#8221; button_one_border_width__hover_enabled=&#8221;off&#8221; button_two_border_width__hover_enabled=&#8221;off&#8221; button_border_color__hover_enabled=&#8221;off&#8221; button_one_border_color__hover_enabled=&#8221;off&#8221; button_two_border_color__hover_enabled=&#8221;off&#8221; button_border_radius__hover_enabled=&#8221;off&#8221; button_one_border_radius__hover_enabled=&#8221;off&#8221; button_two_border_radius__hover_enabled=&#8221;off&#8221; button_letter_spacing__hover_enabled=&#8221;off&#8221; button_one_letter_spacing__hover_enabled=&#8221;off&#8221; button_two_letter_spacing__hover_enabled=&#8221;off&#8221; button_bg_color__hover_enabled=&#8221;off&#8221; button_one_bg_color__hover_enabled=&#8221;off&#8221; button_two_bg_color__hover_enabled=&#8221;off&#8221;][\/et_pb_contact_field][et_pb_contact_field field_id=&#8221;Email&#8221; field_title=&#8221;El. E-post&#8221; field_type=&#8221;email&#8221; fullwidth_field=&#8221;on&#8221; _builder_version=&#8221;4.27.4&#8243; _module_preset=&#8221;default&#8221; global_colors_info=&#8221;{}&#8221; button_text_size__hover_enabled=&#8221;off&#8221; button_one_text_size__hover_enabled=&#8221;off&#8221; button_two_text_size__hover_enabled=&#8221;off&#8221; button_text_color__hover_enabled=&#8221;off&#8221; button_one_text_color__hover_enabled=&#8221;off&#8221; button_two_text_color__hover_enabled=&#8221;off&#8221; button_border_width__hover_enabled=&#8221;off&#8221; button_one_border_width__hover_enabled=&#8221;off&#8221; button_two_border_width__hover_enabled=&#8221;off&#8221; button_border_color__hover_enabled=&#8221;off&#8221; button_one_border_color__hover_enabled=&#8221;off&#8221; button_two_border_color__hover_enabled=&#8221;off&#8221; button_border_radius__hover_enabled=&#8221;off&#8221; button_one_border_radius__hover_enabled=&#8221;off&#8221; button_two_border_radius__hover_enabled=&#8221;off&#8221; button_letter_spacing__hover_enabled=&#8221;off&#8221; button_one_letter_spacing__hover_enabled=&#8221;off&#8221; button_two_letter_spacing__hover_enabled=&#8221;off&#8221; button_bg_color__hover_enabled=&#8221;off&#8221; button_one_bg_color__hover_enabled=&#8221;off&#8221; button_two_bg_color__hover_enabled=&#8221;off&#8221;][\/et_pb_contact_field][et_pb_contact_field field_id=&#8221;Message&#8221; field_title=&#8221;Aruanne \/ k\u00fcsimus&#8221; field_type=&#8221;text&#8221; fullwidth_field=&#8221;on&#8221; _builder_version=&#8221;4.27.4&#8243; _module_preset=&#8221;default&#8221; global_colors_info=&#8221;{}&#8221; button_text_size__hover_enabled=&#8221;off&#8221; button_one_text_size__hover_enabled=&#8221;off&#8221; button_two_text_size__hover_enabled=&#8221;off&#8221; button_text_color__hover_enabled=&#8221;off&#8221; button_one_text_color__hover_enabled=&#8221;off&#8221; button_two_text_color__hover_enabled=&#8221;off&#8221; button_border_width__hover_enabled=&#8221;off&#8221; button_one_border_width__hover_enabled=&#8221;off&#8221; button_two_border_width__hover_enabled=&#8221;off&#8221; button_border_color__hover_enabled=&#8221;off&#8221; button_one_border_color__hover_enabled=&#8221;off&#8221; button_two_border_color__hover_enabled=&#8221;off&#8221; button_border_radius__hover_enabled=&#8221;off&#8221; button_one_border_radius__hover_enabled=&#8221;off&#8221; button_two_border_radius__hover_enabled=&#8221;off&#8221; button_letter_spacing__hover_enabled=&#8221;off&#8221; button_one_letter_spacing__hover_enabled=&#8221;off&#8221; button_two_letter_spacing__hover_enabled=&#8221;off&#8221; button_bg_color__hover_enabled=&#8221;off&#8221; button_one_bg_color__hover_enabled=&#8221;off&#8221; button_two_bg_color__hover_enabled=&#8221;off&#8221;][\/et_pb_contact_field][\/et_pb_contact_form][\/et_pb_column][et_pb_column type=&#8221;2_5&#8243; _builder_version=&#8221;4.22.0&#8243; _module_preset=&#8221;default&#8221; global_colors_info=&#8221;{}&#8221;][et_pb_text _builder_version=&#8221;4.27.4&#8243; _module_preset=&#8221;f67c7885-967c-4bce-8fc8-b6dab973b5ce&#8221; header_3_font=&#8221;|600|||||||&#8221; global_colors_info=&#8221;{}&#8221;]<\/p>\n<h3><a href=\"tel:+37061152225\">+370 611 52225<\/a><\/h3>\n<p>[\/et_pb_text][et_pb_text _builder_version=&#8221;4.27.4&#8243; _module_preset=&#8221;a6f6f1d9-1ef6-4f5b-b19c-4cb96ae31d7f&#8221; global_colors_info=&#8221;{}&#8221;]<\/p>\n<h5><a href=\"mailto:info@kasima.lt\">info@kasima.lt<\/a><\/h5>\n<p>[\/et_pb_text][et_pb_social_media_follow icon_color=&#8221;#000000&#8243; _builder_version=&#8221;4.27.4&#8243; _module_preset=&#8221;default&#8221; locked=&#8221;off&#8221; global_colors_info=&#8221;{}&#8221;][et_pb_social_media_follow_network social_network=&#8221;facebook&#8221; _builder_version=&#8221;4.22.0&#8243; _module_preset=&#8221;default&#8221; global_colors_info=&#8221;{}&#8221; follow_button=&#8221;off&#8221; url_new_window=&#8221;on&#8221;]facebook[\/et_pb_social_media_follow_network][et_pb_social_media_follow_network social_network=&#8221;linkedin&#8221; icon_color=&#8221;#000000&#8243; _builder_version=&#8221;4.27.4&#8243; _module_preset=&#8221;default&#8221; background_color=&#8221;RGBA(255,255,255,0)&#8221; background_enable_color=&#8221;on&#8221; global_colors_info=&#8221;{}&#8221; follow_button=&#8221;off&#8221; url_new_window=&#8221;on&#8221;]linkedin[\/et_pb_social_media_follow_network][et_pb_social_media_follow_network social_network=&#8221;instagram&#8221; _builder_version=&#8221;4.22.0&#8243; _module_preset=&#8221;default&#8221; global_colors_info=&#8221;{}&#8221; follow_button=&#8221;off&#8221; url_new_window=&#8221;on&#8221;]instagram[\/et_pb_social_media_follow_network][et_pb_social_media_follow_network social_network=&#8221;youtube&#8221; icon_color=&#8221;#000000&#8243; _builder_version=&#8221;4.27.4&#8243; _module_preset=&#8221;default&#8221; background_color=&#8221;RGBA(255,255,255,0)&#8221; background_enable_color=&#8221;on&#8221; global_colors_info=&#8221;{}&#8221; follow_button=&#8221;off&#8221; url_new_window=&#8221;on&#8221;]youtube[\/et_pb_social_media_follow_network][\/et_pb_social_media_follow][\/et_pb_column][\/et_pb_row][\/et_pb_section]<\/p>\n","protected":false},"excerpt":{"rendered":"<p>KontaktUAB &#8220;KASIMA&#8221;Daukanto g. 66Tel\u0161iai, Leedu, LT87101Ettev\u00f5tte kood: 302752257El. E-post: info@kasima.ltK\u00e4ibemaksu maksja kood: LT100006761113A\/S LT15 7230 0000 0646 7027UAB Urbo BankasA\/S LT67 7300 0101 3100 9281AB Swedbank Ettev\u00f5tte direktor +370 611 18674 info@kasima.lt Kommertsjuht +370 676 07071 sales@kasima.lt Finantsjuht +370 698 53291 simona@kasima.lt +370 608 42988 usedparts@kasima.lt +370 668 22211 servisas@kasima.lt +370 611 52225info@kasima.lt<\/p>\n","protected":false},"author":1,"featured_media":0,"parent":0,"menu_order":0,"comment_status":"closed","ping_status":"closed","template":"","meta":{"_et_pb_use_builder":"on","_et_pb_old_content":"","_et_gb_content_width":"","footnotes":""},"class_list":["post-7226","page","type-page","status-publish","hentry"],"_links":{"self":[{"href":"https:\/\/kasima3.bcapps.lt\/et\/wp-json\/wp\/v2\/pages\/7226","targetHints":{"allow":["GET"]}}],"collection":[{"href":"https:\/\/kasima3.bcapps.lt\/et\/wp-json\/wp\/v2\/pages"}],"about":[{"href":"https:\/\/kasima3.bcapps.lt\/et\/wp-json\/wp\/v2\/types\/page"}],"author":[{"embeddable":true,"href":"https:\/\/kasima3.bcapps.lt\/et\/wp-json\/wp\/v2\/users\/1"}],"replies":[{"embeddable":true,"href":"https:\/\/kasima3.bcapps.lt\/et\/wp-json\/wp\/v2\/comments?post=7226"}],"version-history":[{"count":34,"href":"https:\/\/kasima3.bcapps.lt\/et\/wp-json\/wp\/v2\/pages\/7226\/revisions"}],"predecessor-version":[{"id":58446,"href":"https:\/\/kasima3.bcapps.lt\/et\/wp-json\/wp\/v2\/pages\/7226\/revisions\/58446"}],"wp:attachment":[{"href":"https:\/\/kasima3.bcapps.lt\/et\/wp-json\/wp\/v2\/media?parent=7226"}],"curies":[{"name":"wp","href":"https:\/\/api.w.org\/{rel}","templated":true}]}}