{"id":10004,"date":"2023-02-10T13:12:37","date_gmt":"2023-02-10T13:12:37","guid":{"rendered":"https:\/\/kasima.lt\/shop\/maaratlemata\/maapuurid\/"},"modified":"2025-10-29T08:31:41","modified_gmt":"2025-10-29T08:31:41","slug":"maaparanduseks","status":"publish","type":"product","link":"https:\/\/kasima3.bcapps.lt\/et\/produktas\/maaparanduseks\/","title":{"rendered":"Maapuurid KSM Attachments"},"content":{"rendered":"<p>KSM lisaseadmed h\u00fcdraulilised mullatrellid ehitus- ja p\u00f5llumajandusmasinatele.<br \/>\nPuurreduktorid, maapuurid, pikendused, adapterid, riputid, varuosad ja k\u00f5ik muud seadmed maapuurimiseks.<br \/>\nErinevat t\u00fc\u00fcpi ja l\u00e4bim\u00f5\u00f5duga maapuurid \u00fches kohas.<br \/>\nGarantii, m\u00fc\u00fcgij\u00e4rgne teenindus.<br \/>\nKonsulteeri<\/p>\n<p>Suurim valik Baltimaades!<\/p>\n<p>Me toimetame kauba kliendi poolt m\u00e4\u00e4ratud aadressile.<\/p>\n","protected":false},"excerpt":{"rendered":"<p>Hind ilma k\u00e4ibemaksuta<\/p>\n<p>Tootja: KSM Attachments<br \/>\nMudel: maapuur<br \/>\nHelista: <a href=\"tel:+37067607071\">+37067607071<\/a><br \/>\nKontakt: <a href=\"mailto:info@kasima3.bcapps.lt\">sales@kasima3.bcapps.lt<\/a><\/p>\n","protected":false},"featured_media":9989,"template":"","meta":{"_et_pb_use_builder":"","_et_pb_old_content":"","_et_gb_content_width":""},"product_brand":[],"product_cat":[159,161,169,172,201,212,233,243,244,165,167,367],"product_tag":[],"class_list":{"0":"post-10004","1":"product","2":"type-product","3":"status-publish","4":"has-post-thumbnail","6":"product_cat-15-3-tonni","7":"product_cat-3-5-tonni","8":"product_cat-5-7-tonni","9":"product_cat-7-10-tonni","10":"product_cat-10-13-tonni","11":"product_cat-13-16-tonni","12":"product_cat-16-20-tonni","13":"product_cat-20-25-tonni","14":"product_cat-25-tonni-ja-rohkem","15":"product_cat-uus","16":"product_cat-ekskavaator","17":"product_cat-hudropuur","19":"first","20":"instock","21":"taxable","22":"shipping-taxable","23":"purchasable","24":"product-type-simple"},"_links":{"self":[{"href":"https:\/\/kasima3.bcapps.lt\/et\/wp-json\/wp\/v2\/product\/10004","targetHints":{"allow":["GET"]}}],"collection":[{"href":"https:\/\/kasima3.bcapps.lt\/et\/wp-json\/wp\/v2\/product"}],"about":[{"href":"https:\/\/kasima3.bcapps.lt\/et\/wp-json\/wp\/v2\/types\/product"}],"wp:featuredmedia":[{"embeddable":true,"href":"https:\/\/kasima3.bcapps.lt\/et\/wp-json\/wp\/v2\/media\/9989"}],"wp:attachment":[{"href":"https:\/\/kasima3.bcapps.lt\/et\/wp-json\/wp\/v2\/media?parent=10004"}],"wp:term":[{"taxonomy":"product_brand","embeddable":true,"href":"https:\/\/kasima3.bcapps.lt\/et\/wp-json\/wp\/v2\/product_brand?post=10004"},{"taxonomy":"product_cat","embeddable":true,"href":"https:\/\/kasima3.bcapps.lt\/et\/wp-json\/wp\/v2\/product_cat?post=10004"},{"taxonomy":"product_tag","embeddable":true,"href":"https:\/\/kasima3.bcapps.lt\/et\/wp-json\/wp\/v2\/product_tag?post=10004"}],"curies":[{"name":"wp","href":"https:\/\/api.w.org\/{rel}","templated":true}]}}