{"id":10439,"date":"2023-02-21T13:36:30","date_gmt":"2023-02-21T13:36:30","guid":{"rendered":"https:\/\/kasima.lt\/shop\/maaratlemata\/cfa-puurimissusteemid\/"},"modified":"2025-10-29T08:31:42","modified_gmt":"2025-10-29T08:31:42","slug":"cfa-rezimo-systems","status":"publish","type":"product","link":"https:\/\/kasima3.bcapps.lt\/et\/produktas\/cfa-rezimo-systems\/","title":{"rendered":"CFA puurimiss\u00fcsteemid"},"content":{"rendered":"<p>Pakume CFA-t\u00fc\u00fcpi maapuuris\u00fcsteeme ja nendega seotud seadmeid: CFA-t\u00fc\u00fcpi muhvid (adapterid), puurimisreduktorid, maapuurid, puurimisp\u00fcksid jne.<\/p>\n<p>CFA puurid on saadaval pikkusega alates 2 meetrist kuni vajaliku pikkusega. K\u00f5ige sagedamini kasutatakse 300, 400, 500, 600 mm l\u00e4bim\u00f5\u00f5duga puurimispunkte. Puurid valitakse vastavalt kliendi tehnikale ja eelistatud puurimiss\u00fcgavusele 2 v\u00f5i 3 meetri jagu.<\/p>\n<p>CFA puurid kohandatakse vastavalt kliendi vajadustele. Me paneme kokku ja \u00fchendame kliendi seadmed.<\/p>\n<p>CFA t\u00e4hendab Continuous Flight Augers. See vaiade paigaldamise tehnoloogia on t\u00e4nap\u00e4evastes hoonetes v\u00e4ga levinud, sest selle kasutusv\u00f5imalused on v\u00e4ga mitmekesised. Nende vaiade paigaldamiseks kasutatakse spetsiaalseid t\u00f6\u00f6riistu, millega puuritakse vajaliku l\u00e4bim\u00f5\u00f5duga \u00f5\u00f5nsused, mis t\u00e4idetakse betooniga, t\u00f5mmates puur tagasi. CFA-poste saab kasutada mitmesugustes olukordades, kuid k\u00f5ige sagedamini kasutatakse neid, kui pinnas on v\u00e4ga l\u00f5tv v\u00f5i kui lihtsad puur- v\u00f5i l\u00f6\u00f6ktalad ei ole v\u00f5imalikud.<\/p>\n<p>Hinnad varieeruvad vastavalt kliendi soovidele ja tehnilistele v\u00f5imalustele, kuid s\u00fcsteem on mitu korda odavam kui iseliikuv puurmasin.<\/p>\n","protected":false},"excerpt":{"rendered":"<p>Hind ilma k\u00e4ibemaksuta<\/p>\n<p>Tootja: CFA puurid<br \/>\nMudel: Pidev lendu augerid<br \/>\nHelista: <a href=\"tel:+37067607071\">+37067607071<\/a><br \/>\nKontakt: <a href=\"mailto:info@kasima3.bcapps.lt\">sales@kasima3.bcapps.lt<\/a><\/p>\n<p>&nbsp;<\/p>\n","protected":false},"featured_media":10459,"template":"","meta":{"_et_pb_use_builder":"","_et_pb_old_content":"","_et_gb_content_width":""},"product_brand":[],"product_cat":[172,201,212,233,243,244,165,274,367],"product_tag":[],"class_list":{"0":"post-10439","1":"product","2":"type-product","3":"status-publish","4":"has-post-thumbnail","6":"product_cat-7-10-tonni","7":"product_cat-10-13-tonni","8":"product_cat-13-16-tonni","9":"product_cat-16-20-tonni","10":"product_cat-20-25-tonni","11":"product_cat-25-tonni-ja-rohkem","12":"product_cat-uus","13":"product_cat-cfa-hudropuur","14":"product_cat-hudropuur","16":"first","17":"instock","18":"taxable","19":"shipping-taxable","20":"product-type-simple"},"_links":{"self":[{"href":"https:\/\/kasima3.bcapps.lt\/et\/wp-json\/wp\/v2\/product\/10439","targetHints":{"allow":["GET"]}}],"collection":[{"href":"https:\/\/kasima3.bcapps.lt\/et\/wp-json\/wp\/v2\/product"}],"about":[{"href":"https:\/\/kasima3.bcapps.lt\/et\/wp-json\/wp\/v2\/types\/product"}],"wp:featuredmedia":[{"embeddable":true,"href":"https:\/\/kasima3.bcapps.lt\/et\/wp-json\/wp\/v2\/media\/10459"}],"wp:attachment":[{"href":"https:\/\/kasima3.bcapps.lt\/et\/wp-json\/wp\/v2\/media?parent=10439"}],"wp:term":[{"taxonomy":"product_brand","embeddable":true,"href":"https:\/\/kasima3.bcapps.lt\/et\/wp-json\/wp\/v2\/product_brand?post=10439"},{"taxonomy":"product_cat","embeddable":true,"href":"https:\/\/kasima3.bcapps.lt\/et\/wp-json\/wp\/v2\/product_cat?post=10439"},{"taxonomy":"product_tag","embeddable":true,"href":"https:\/\/kasima3.bcapps.lt\/et\/wp-json\/wp\/v2\/product_tag?post=10439"}],"curies":[{"name":"wp","href":"https:\/\/api.w.org\/{rel}","templated":true}]}}