{"id":10685,"date":"2023-02-27T15:05:40","date_gmt":"2023-02-27T15:05:40","guid":{"rendered":"https:\/\/kasima.lt\/shop\/maaratlemata\/wirtgen-w50dc-asfaldiloikur\/"},"modified":"2025-10-29T08:31:42","modified_gmt":"2025-10-29T08:31:42","slug":"asfaldi-kulmutus-virtgen-w50dc","status":"publish","type":"product","link":"https:\/\/kasima3.bcapps.lt\/et\/produktas\/asfaldi-kulmutus-virtgen-w50dc\/","title":{"rendered":"Wirtgen W50DC asfaldil\u00f5ikur"},"content":{"rendered":"<p>Asfaldil\u00f5ikur WIRTGEN W50DC,<br \/>\nValmistamise aasta: 2011<br \/>\nSeisund: t\u00f6\u00f6tav<br \/>\nLevel Pro s\u00fcsteem,<br \/>\nMoto tunnid: 5027<br \/>\nT\u00fchimass: 8000 kg,<br \/>\nMootor Deutz 92 kw .,<br \/>\nFreesimise laius 500 mm,<br \/>\nT\u00f6\u00f6s\u00fcgavus: 0 &#8211; 210 mm,<br \/>\nKiiresti eemaldatav konveier,<br \/>\nUued esirehvid,<br \/>\nVarahammaste komplekt,<br \/>\nKogu hooldust teostab ametlik edasim\u00fc\u00fcja,<\/p>\n","protected":false},"excerpt":{"rendered":"<p>Hind ilma k\u00e4ibemaksuta<\/p>\n<p>Tootja Wirtgen<br \/>\nMudel: W50DC<br \/>\nHelista: <a href=\"tel:+37067607071\">+37067607071<\/a><br \/>\nKontakt: <a href=\"mailto:info@kasima3.bcapps.lt\">sales@kasima3.bcapps.lt<\/a><\/p>\n<p>&nbsp;<\/p>\n","protected":false},"featured_media":10566,"template":"","meta":{"_et_pb_use_builder":"","_et_pb_old_content":"","_et_gb_content_width":""},"product_brand":[],"product_cat":[147],"product_tag":[],"class_list":{"0":"post-10685","1":"product","2":"type-product","3":"status-publish","4":"has-post-thumbnail","6":"product_cat-ehitus","8":"first","9":"outofstock","10":"taxable","11":"shipping-taxable","12":"product-type-simple"},"_links":{"self":[{"href":"https:\/\/kasima3.bcapps.lt\/et\/wp-json\/wp\/v2\/product\/10685","targetHints":{"allow":["GET"]}}],"collection":[{"href":"https:\/\/kasima3.bcapps.lt\/et\/wp-json\/wp\/v2\/product"}],"about":[{"href":"https:\/\/kasima3.bcapps.lt\/et\/wp-json\/wp\/v2\/types\/product"}],"wp:featuredmedia":[{"embeddable":true,"href":"https:\/\/kasima3.bcapps.lt\/et\/wp-json\/wp\/v2\/media\/10566"}],"wp:attachment":[{"href":"https:\/\/kasima3.bcapps.lt\/et\/wp-json\/wp\/v2\/media?parent=10685"}],"wp:term":[{"taxonomy":"product_brand","embeddable":true,"href":"https:\/\/kasima3.bcapps.lt\/et\/wp-json\/wp\/v2\/product_brand?post=10685"},{"taxonomy":"product_cat","embeddable":true,"href":"https:\/\/kasima3.bcapps.lt\/et\/wp-json\/wp\/v2\/product_cat?post=10685"},{"taxonomy":"product_tag","embeddable":true,"href":"https:\/\/kasima3.bcapps.lt\/et\/wp-json\/wp\/v2\/product_tag?post=10685"}],"curies":[{"name":"wp","href":"https:\/\/api.w.org\/{rel}","templated":true}]}}