{"id":11729,"date":"2023-03-21T11:16:10","date_gmt":"2023-03-21T11:16:10","guid":{"rendered":"https:\/\/kasima.lt\/shop\/maaratlemata\/metsamuls-valentini-picchio-1500\/"},"modified":"2025-10-29T08:31:44","modified_gmt":"2025-10-29T08:31:44","slug":"misko-mulceris-valentini-picchio-1500","status":"publish","type":"product","link":"https:\/\/kasima3.bcapps.lt\/et\/produktas\/misko-mulceris-valentini-picchio-1500\/","title":{"rendered":"Metsamult\u0161er Valentini Picchio 1500"},"content":{"rendered":"<p>Tootja: Valentini Srl.<br \/>\nMudel: Picchio 1500<br \/>\nKorpuse osad: HARDOX,<br \/>\nT\u00f6\u00f6tav \u00f5livooluhulk 60-70 l\/min.<br \/>\nT\u00f6\u00f6tav \u00f5lir\u00f5hk kuni 300 baari,<br \/>\nKaal 585 kg.<br \/>\nPikkus 120 cm,<br \/>\nLaius 172 cm,<br \/>\nT\u00f6\u00f6laius 150 cm,<br \/>\nK\u00f5rgus 105 cm<br \/>\nHammaste arv 30 tk.<br \/>\nKaitse liigse p\u00f6\u00f6rdemomendi ja l\u00f6\u00f6gi \u00fclekoormuse eest,<br \/>\nHambad on fikseeritud ja p\u00f6\u00f6ratud 180 kraadi,<br \/>\n2 meetrit h\u00fcdraulilist voolikut koos pihustitega,<br \/>\nKahekordne kiibikaitse,<br \/>\nKinnitusraam,<br \/>\nHakkematerjali soovitatav l\u00e4bim\u00f5\u00f5t on kuni 15 cm.<\/p>\n","protected":false},"excerpt":{"rendered":"<p>Hind ilma k\u00e4ibemaksuta<\/p>\n<p>Tootja: Valentini Srl<br \/>\nMudel: Picchio 1500<br \/>\nHelista: <a href=\"tel:+37067607071\">+37067607071<\/a><br \/>\nKontakt: <a href=\"mailto:sales@kasima3.bcapps.lt\">sales@kasima3.bcapps.lt<\/a><\/p>\n","protected":false},"featured_media":11620,"template":"","meta":{"_et_pb_use_builder":"","_et_pb_old_content":"","_et_gb_content_width":""},"product_brand":[],"product_cat":[159,161,165,218,245,156,199],"product_tag":[],"class_list":{"0":"post-11729","1":"product","2":"type-product","3":"status-publish","4":"has-post-thumbnail","6":"product_cat-15-3-tonni","7":"product_cat-3-5-tonni","8":"product_cat-uus","9":"product_cat-hudraulilised-multserid","10":"product_cat-muruniiduk-vosaloikur","11":"product_cat-minilaadur","12":"product_cat-frontaallaadurid","14":"first","15":"instock","16":"taxable","17":"shipping-taxable","18":"purchasable","19":"product-type-simple"},"_links":{"self":[{"href":"https:\/\/kasima3.bcapps.lt\/et\/wp-json\/wp\/v2\/product\/11729","targetHints":{"allow":["GET"]}}],"collection":[{"href":"https:\/\/kasima3.bcapps.lt\/et\/wp-json\/wp\/v2\/product"}],"about":[{"href":"https:\/\/kasima3.bcapps.lt\/et\/wp-json\/wp\/v2\/types\/product"}],"wp:featuredmedia":[{"embeddable":true,"href":"https:\/\/kasima3.bcapps.lt\/et\/wp-json\/wp\/v2\/media\/11620"}],"wp:attachment":[{"href":"https:\/\/kasima3.bcapps.lt\/et\/wp-json\/wp\/v2\/media?parent=11729"}],"wp:term":[{"taxonomy":"product_brand","embeddable":true,"href":"https:\/\/kasima3.bcapps.lt\/et\/wp-json\/wp\/v2\/product_brand?post=11729"},{"taxonomy":"product_cat","embeddable":true,"href":"https:\/\/kasima3.bcapps.lt\/et\/wp-json\/wp\/v2\/product_cat?post=11729"},{"taxonomy":"product_tag","embeddable":true,"href":"https:\/\/kasima3.bcapps.lt\/et\/wp-json\/wp\/v2\/product_tag?post=11729"}],"curies":[{"name":"wp","href":"https:\/\/api.w.org\/{rel}","templated":true}]}}