{"id":11865,"date":"2023-03-21T14:31:34","date_gmt":"2023-03-21T14:31:34","guid":{"rendered":"https:\/\/kasima.lt\/shop\/maaratlemata\/buldooser-komatsu-d61px-24\/"},"modified":"2025-10-29T08:31:44","modified_gmt":"2025-10-29T08:31:44","slug":"buldooser-komatsu-d61px-24","status":"publish","type":"product","link":"https:\/\/kasima3.bcapps.lt\/et\/produktas\/buldooser-komatsu-d61px-24\/","title":{"rendered":"Buldooser Komatsu D61PX-24"},"content":{"rendered":"<p>Komatsu D61PX-24<br \/>\nValmistamise aasta 2017<br \/>\nMass 19460 kg.<br \/>\nMootori t\u00f6\u00f6tundide arv 6567<br \/>\nMootor 126 kw<br \/>\nNoa laius 390 cm<br \/>\nRaja laius 87 cm<br \/>\nKliimaseadmed<br \/>\nTagantj\u00e4rele vaatamise kaamera<\/p>\n<p>V\u00e4ga heas seisukorras<br \/>\nHiljuti vahetatud \u0161assii<br \/>\nK\u00f5ik Komatsu hooldust\u00f6\u00f6d<\/p>\n","protected":false},"excerpt":{"rendered":"<p>Hind ilma k\u00e4ibemaksuta<\/p>\n<p>Tootja.<br \/>\nMudel: D61PX-24<br \/>\nHelista: <a href=\"tel:+37067607071\">+37067607071<\/a><br \/>\nKontakt: <a href=\"mailto:sales@kasima3.bcapps.lt\">sales@kasima3.bcapps.lt<\/a><\/p>\n","protected":false},"featured_media":11739,"template":"","meta":{"_et_pb_use_builder":"","_et_pb_old_content":"","_et_gb_content_width":""},"product_brand":[],"product_cat":[196,147],"product_tag":[],"class_list":{"0":"post-11865","1":"product","2":"type-product","3":"status-publish","4":"has-post-thumbnail","6":"product_cat-tee-ehitusmasinad","7":"product_cat-ehitus","9":"first","10":"instock","11":"taxable","12":"shipping-taxable","13":"product-type-simple"},"_links":{"self":[{"href":"https:\/\/kasima3.bcapps.lt\/et\/wp-json\/wp\/v2\/product\/11865","targetHints":{"allow":["GET"]}}],"collection":[{"href":"https:\/\/kasima3.bcapps.lt\/et\/wp-json\/wp\/v2\/product"}],"about":[{"href":"https:\/\/kasima3.bcapps.lt\/et\/wp-json\/wp\/v2\/types\/product"}],"wp:featuredmedia":[{"embeddable":true,"href":"https:\/\/kasima3.bcapps.lt\/et\/wp-json\/wp\/v2\/media\/11739"}],"wp:attachment":[{"href":"https:\/\/kasima3.bcapps.lt\/et\/wp-json\/wp\/v2\/media?parent=11865"}],"wp:term":[{"taxonomy":"product_brand","embeddable":true,"href":"https:\/\/kasima3.bcapps.lt\/et\/wp-json\/wp\/v2\/product_brand?post=11865"},{"taxonomy":"product_cat","embeddable":true,"href":"https:\/\/kasima3.bcapps.lt\/et\/wp-json\/wp\/v2\/product_cat?post=11865"},{"taxonomy":"product_tag","embeddable":true,"href":"https:\/\/kasima3.bcapps.lt\/et\/wp-json\/wp\/v2\/product_tag?post=11865"}],"curies":[{"name":"wp","href":"https:\/\/api.w.org\/{rel}","templated":true}]}}