{"id":12775,"date":"2023-05-03T07:28:45","date_gmt":"2023-05-03T07:28:45","guid":{"rendered":"https:\/\/kasima.lt\/shop\/maaratlemata\/betono-maisykle-cf-bmx160e\/"},"modified":"2025-10-29T08:31:44","modified_gmt":"2025-10-29T08:31:44","slug":"betoonisegisti-cf-bmx160e","status":"publish","type":"product","link":"https:\/\/kasima3.bcapps.lt\/et\/produktas\/betoonisegisti-cf-bmx160e\/","title":{"rendered":"Betoonisegisti C&amp;F BMX160E"},"content":{"rendered":"<p>SPETSIFIKATSIOONID:<br \/>\nMaksimaalne mahutavus: 200 l.<br \/>\nSegisti soovitatav maht: 160 l.<br \/>\nT\u00e4idetud segisti kaal (ligikaudne): 630 kg.<br \/>\nT\u00fchja segisti kaal: 250 kg.<br \/>\nBetoonisegisti laius: 1200 mm.<br \/>\nMaksimaalne r\u00f5hk: 180 baari.<br \/>\nH\u00fcdraulika\u00f5li vooluhulk: 45-65 l\/min.<\/p>\n<p>Pakume teile t\u00e4ielikku h\u00fcdraulilist betoonisegajat, mis on valmistatud Itaalias ja sertifitseeritud t\u00f6\u00f6tamiseks Euroopa \u00dchenduses. Segur on varustatud elektrimootori poolt juhitava betooni v\u00e4ljavooluklapiga, mida avab ja sulgeb h\u00fcdrauliline jaotur. Segisti m\u00fc\u00fcakse komplektina (betooni v\u00e4ljavooluvoolik, h\u00fcdraulilised voolikud ja pihustid, elektroonilised \u00fchendused ja l\u00fclitid). Segur segab betooni m\u00f5lemas suunas. See on varustatud M+S h\u00fcdropumpade ja Bosh Rextrothi h\u00fcdrauliliste jaoturitega. Minilaaduri betoonisegisti korpus on valmistatud HB400 ning terad ja v\u00f5ll on valmistatud HB500 struktuuriterasest. Pakume 12-kuulise garantii tehase defektide vastu. KASIMA Ltd. pakub garantii- ja garantiij\u00e4rgset hooldust.<br \/>\nKAUPADE TARNIMINE:<br \/>\nMeil on toode kohapeal, nii et saate tulla ja neid isiklikult n\u00e4ha. Kiire tarne teie aadressile.<\/p>\n<p>See betoonisegisti sobib Bobcat, CAT, Gehl, Takeuchi, Manitou, Komatsu, Wacker Neuson, Gehlmax, New Holland, JCB, Mustang, CASE, EUROCOMACH, Doosan, Caterpillar ja muudele minilaaduritele ja ekskavaatoritele.<\/p>\n<p>Lisatasu eest saame paigaldada teie kahvelt\u00f5stukile v\u00f5i miniekskavaatorile betoonisegisti riputuse.<\/p>\n","protected":false},"excerpt":{"rendered":"<p>Hind ilma k\u00e4ibemaksuta<\/p>\n<p>Tootja: C&amp;F<br \/>\nMudel: BMX 160E<br \/>\nHelista: <a href=\"tel:+37067607071\">+37067607071<\/a><br \/>\nKontakt: <a href=\"mailto:sales@kasima3.bcapps.lt\">sales@kasima3.bcapps.lt<\/a><\/p>\n","protected":false},"featured_media":12731,"template":"","meta":{"_et_pb_use_builder":"","_et_pb_old_content":"","_et_gb_content_width":""},"product_brand":[],"product_cat":[159,161,165,158,167,156],"product_tag":[],"class_list":{"0":"post-12775","1":"product","2":"type-product","3":"status-publish","4":"has-post-thumbnail","6":"product_cat-15-3-tonni","7":"product_cat-3-5-tonni","8":"product_cat-uus","9":"product_cat-betooni-segumasin","10":"product_cat-ekskavaator","11":"product_cat-minilaadur","13":"first","14":"instock","15":"taxable","16":"shipping-taxable","17":"purchasable","18":"product-type-simple"},"_links":{"self":[{"href":"https:\/\/kasima3.bcapps.lt\/et\/wp-json\/wp\/v2\/product\/12775","targetHints":{"allow":["GET"]}}],"collection":[{"href":"https:\/\/kasima3.bcapps.lt\/et\/wp-json\/wp\/v2\/product"}],"about":[{"href":"https:\/\/kasima3.bcapps.lt\/et\/wp-json\/wp\/v2\/types\/product"}],"wp:featuredmedia":[{"embeddable":true,"href":"https:\/\/kasima3.bcapps.lt\/et\/wp-json\/wp\/v2\/media\/12731"}],"wp:attachment":[{"href":"https:\/\/kasima3.bcapps.lt\/et\/wp-json\/wp\/v2\/media?parent=12775"}],"wp:term":[{"taxonomy":"product_brand","embeddable":true,"href":"https:\/\/kasima3.bcapps.lt\/et\/wp-json\/wp\/v2\/product_brand?post=12775"},{"taxonomy":"product_cat","embeddable":true,"href":"https:\/\/kasima3.bcapps.lt\/et\/wp-json\/wp\/v2\/product_cat?post=12775"},{"taxonomy":"product_tag","embeddable":true,"href":"https:\/\/kasima3.bcapps.lt\/et\/wp-json\/wp\/v2\/product_tag?post=12775"}],"curies":[{"name":"wp","href":"https:\/\/api.w.org\/{rel}","templated":true}]}}