{"id":12861,"date":"2023-05-08T12:37:59","date_gmt":"2023-05-08T12:37:59","guid":{"rendered":"https:\/\/kasima.lt\/shop\/maaratlemata\/vibroplokste-poliakale-ksm-cp06\/"},"modified":"2025-10-29T08:31:45","modified_gmt":"2025-10-29T08:31:45","slug":"vibroplate-poliakale-ksm-cp06","status":"publish","type":"product","link":"https:\/\/kasima3.bcapps.lt\/et\/produktas\/vibroplate-poliakale-ksm-cp06\/","title":{"rendered":"Vibratsiooniplaat\/ Vaiahaamer KSM CP06"},"content":{"rendered":"<p>SPETSIFIKATSIOONID:<br \/>\nKaal 570 kg.<br \/>\nVibratsioonisagedus: 2000 bpm;<br \/>\nSepistamisv\u00f5imsus: 7 tonni .<br \/>\nH\u00fcdrauliline vooluhulk: 85-105 l\/min.<br \/>\nH\u00fcdrauliline t\u00f6\u00f6r\u00f5hk: 100-130 baari.<br \/>\nAlusplaadi m\u00f5\u00f5tmed: 1150&#215;700 mm.  <\/p>\n<p>Vibratsiooniplaat \/ Vaiahaamer on suurep\u00e4rase j\u00f5udlusega. Seda kasutatakse piirkondades, kus on vaja pinnase t\u00f5husat tihendamist. Pol\u00fcasfalti kasutatakse laialdaselt puit- v\u00f5i metallvarraste sepistamiseks ning see sobib ka kraavide v\u00f5i n\u00f5lvade tihendamiseks. See v\u00f5imaldab teil kiiresti ja vaevata paigaldada tara v\u00f5i muu tara postid.<br \/>\nKAUPADE TARNIMINE:<br \/>\nToode on meil kohapeal olemas, nii et selle kohale toimetamine ei v\u00f5ta kaua aega. Olete teretulnud meid k\u00fclastama, et tutvuda tootega.<br \/>\nSee vibratsiooniplaat sobib Atlas, Bobcat, CASE, Caterpillar, CAT, Doosan, Eurocomach, Gehl, Hitachi, JCB, Komatsu, Liebherr, Liebherr, New Holland, Terex, Wacker, Neuson, Volvo ja muudele masinatele.<\/p>\n","protected":false},"excerpt":{"rendered":"<p>Hind ilma k\u00e4ibemaksuta<\/p>\n<p>Tootja: KSM<br \/>\nMudel: CP06<br \/>\nHelista: <a href=\"tel:+37067607071\">+37067607071<\/a><br \/>\nKontakt: <a href=\"mailto:sales@kasima3.bcapps.lt\">sales@kasima3.bcapps.lt<\/a><\/p>\n","protected":false},"featured_media":12827,"template":"","meta":{"_et_pb_use_builder":"","_et_pb_old_content":"","_et_gb_content_width":""},"product_brand":[],"product_cat":[172,201,212,233,165,167,177],"product_tag":[],"class_list":{"0":"post-12861","1":"product","2":"type-product","3":"status-publish","4":"has-post-thumbnail","6":"product_cat-7-10-tonni","7":"product_cat-10-13-tonni","8":"product_cat-13-16-tonni","9":"product_cat-16-20-tonni","10":"product_cat-uus","11":"product_cat-ekskavaator","12":"product_cat-ekskavaatori-vibroplaat","14":"first","15":"instock","16":"taxable","17":"shipping-taxable","18":"purchasable","19":"product-type-simple"},"_links":{"self":[{"href":"https:\/\/kasima3.bcapps.lt\/et\/wp-json\/wp\/v2\/product\/12861","targetHints":{"allow":["GET"]}}],"collection":[{"href":"https:\/\/kasima3.bcapps.lt\/et\/wp-json\/wp\/v2\/product"}],"about":[{"href":"https:\/\/kasima3.bcapps.lt\/et\/wp-json\/wp\/v2\/types\/product"}],"wp:featuredmedia":[{"embeddable":true,"href":"https:\/\/kasima3.bcapps.lt\/et\/wp-json\/wp\/v2\/media\/12827"}],"wp:attachment":[{"href":"https:\/\/kasima3.bcapps.lt\/et\/wp-json\/wp\/v2\/media?parent=12861"}],"wp:term":[{"taxonomy":"product_brand","embeddable":true,"href":"https:\/\/kasima3.bcapps.lt\/et\/wp-json\/wp\/v2\/product_brand?post=12861"},{"taxonomy":"product_cat","embeddable":true,"href":"https:\/\/kasima3.bcapps.lt\/et\/wp-json\/wp\/v2\/product_cat?post=12861"},{"taxonomy":"product_tag","embeddable":true,"href":"https:\/\/kasima3.bcapps.lt\/et\/wp-json\/wp\/v2\/product_tag?post=12861"}],"curies":[{"name":"wp","href":"https:\/\/api.w.org\/{rel}","templated":true}]}}