{"id":13210,"date":"2023-06-02T11:15:35","date_gmt":"2023-06-02T11:15:35","guid":{"rendered":"https:\/\/kasima.lt\/shop\/maaratlemata\/merlo-kaubaaluste-kahvlid-4000-kg\/"},"modified":"2025-10-29T08:31:45","modified_gmt":"2025-10-29T08:31:45","slug":"kaubaaluste-sakes-measure-4000-kg","status":"publish","type":"product","link":"https:\/\/kasima3.bcapps.lt\/et\/produktas\/kaubaaluste-sakes-measure-4000-kg\/","title":{"rendered":"MERLO kaubaaluste kahvlid 4000 kg."},"content":{"rendered":"<p>kaubaaluste kahvlite SPETSIFIKATSIOONID:<br \/>\nT\u00f5stev\u00f5ime: 4000 kg<br \/>\nKahvli pikkus: 120 cm.<br \/>\nReguleeritav kahvli laius kuni 120 cm.<\/p>\n<p>Vedrustuse t\u00fc\u00fcp: MERLO<\/p>\n<p>Pakume teile MERLO kaubaaluste kahvlite komplekti teleskooplaadurile. Komplekti kuuluvad: raam, kahvlikomplekt, klambrid. Kaubaaluste kahvleid kasutatakse ehitus- ja p\u00f5llumajandussektoris mitmesuguste koormate laadimiseks ja transportimiseks. Teleskooplaaduri kahvlitega t\u00f6\u00f6tamine kiirendab ja h\u00f5lbustab kaupade laadimist, mahalaadimist v\u00f5i vedu. <\/p>\n<p>KAUPADE TARNIMINE:<br \/>\nMeil on toode kohapeal, nii et saate tulla ja neid isiklikult n\u00e4ha. Kiire tarne teie aadressile.<\/p>\n<p>*Lisatasu eest saame kohandada teie teleskoopk\u00e4sitlejat.<\/p>\n","protected":false},"excerpt":{"rendered":"<p>Hind ilma k\u00e4ibemaksuta<\/p>\n<p>Tootja: MERLO kahvelt\u00f5stukitele<br \/>\nMudel: 4000 kg.<br \/>\nHelista: <a href=\"tel:+37067607071\">+37067607071<\/a><br \/>\nKontakt: <a href=\"mailto:sales@kasima3.bcapps.lt\">sales@kasima3.bcapps.lt<\/a><\/p>\n","protected":false},"featured_media":13159,"template":"","meta":{"_et_pb_use_builder":"","_et_pb_old_content":"","_et_gb_content_width":""},"product_brand":[],"product_cat":[161,169,172,324],"product_tag":[],"class_list":{"0":"post-13210","1":"product","2":"type-product","3":"status-publish","4":"has-post-thumbnail","6":"product_cat-3-5-tonni","7":"product_cat-5-7-tonni","8":"product_cat-7-10-tonni","9":"product_cat-tostehargid","11":"first","12":"instock","13":"taxable","14":"shipping-taxable","15":"purchasable","16":"product-type-simple"},"_links":{"self":[{"href":"https:\/\/kasima3.bcapps.lt\/et\/wp-json\/wp\/v2\/product\/13210","targetHints":{"allow":["GET"]}}],"collection":[{"href":"https:\/\/kasima3.bcapps.lt\/et\/wp-json\/wp\/v2\/product"}],"about":[{"href":"https:\/\/kasima3.bcapps.lt\/et\/wp-json\/wp\/v2\/types\/product"}],"wp:featuredmedia":[{"embeddable":true,"href":"https:\/\/kasima3.bcapps.lt\/et\/wp-json\/wp\/v2\/media\/13159"}],"wp:attachment":[{"href":"https:\/\/kasima3.bcapps.lt\/et\/wp-json\/wp\/v2\/media?parent=13210"}],"wp:term":[{"taxonomy":"product_brand","embeddable":true,"href":"https:\/\/kasima3.bcapps.lt\/et\/wp-json\/wp\/v2\/product_brand?post=13210"},{"taxonomy":"product_cat","embeddable":true,"href":"https:\/\/kasima3.bcapps.lt\/et\/wp-json\/wp\/v2\/product_cat?post=13210"},{"taxonomy":"product_tag","embeddable":true,"href":"https:\/\/kasima3.bcapps.lt\/et\/wp-json\/wp\/v2\/product_tag?post=13210"}],"curies":[{"name":"wp","href":"https:\/\/api.w.org\/{rel}","templated":true}]}}