{"id":13412,"date":"2023-06-19T12:33:30","date_gmt":"2023-06-19T12:33:30","guid":{"rendered":"https:\/\/kasima.lt\/shop\/maaratlemata\/hidraulinis-planiravimo-kausas-s-40\/"},"modified":"2025-10-29T08:31:46","modified_gmt":"2025-10-29T08:31:46","slug":"hudrauliline-planeerimisliitmik-s-40","status":"publish","type":"product","link":"https:\/\/kasima3.bcapps.lt\/et\/produktas\/hudrauliline-planeerimisliitmik-s-40\/","title":{"rendered":"H\u00fcdrauliline h\u00f6\u00f6velkopp S-40"},"content":{"rendered":"<p>Skandinaavia stiilis planeerimis\u00e4mber<br \/>\nH\u00fcdraulilise lehe funktsioon<br \/>\nH\u00fcdrosilindrid &#8211; 1 tk.<br \/>\nMahutavus: 400 l.<br \/>\nLaius: 132 cm<br \/>\nKaal: 210 kg<br \/>\n\u00dchendus: S-40<\/p>\n<p>H\u00fcdraulilised voolikud ja pihustid.<\/p>\n","protected":false},"excerpt":{"rendered":"<p>Hind ilma k\u00e4ibemaksuta<\/p>\n<p>Tootja.<br \/>\nMudel: S-40<br \/>\nHelista: <a href=\"tel:+37067607071\">+37067607071<\/a><br \/>\nKontakt: <a href=\"mailto:sales@kasima3.bcapps.lt\">sales@kasima3.bcapps.lt<\/a><\/p>\n","protected":false},"featured_media":13388,"template":"","meta":{"_et_pb_use_builder":"","_et_pb_old_content":"","_et_gb_content_width":""},"product_brand":[],"product_cat":[161,169,172,165,303],"product_tag":[],"class_list":{"0":"post-13412","1":"product","2":"type-product","3":"status-publish","4":"has-post-thumbnail","6":"product_cat-3-5-tonni","7":"product_cat-5-7-tonni","8":"product_cat-7-10-tonni","9":"product_cat-uus","10":"product_cat-kopad","12":"first","13":"onbackorder","14":"sale","15":"taxable","16":"shipping-taxable","17":"purchasable","18":"product-type-simple"},"_links":{"self":[{"href":"https:\/\/kasima3.bcapps.lt\/et\/wp-json\/wp\/v2\/product\/13412","targetHints":{"allow":["GET"]}}],"collection":[{"href":"https:\/\/kasima3.bcapps.lt\/et\/wp-json\/wp\/v2\/product"}],"about":[{"href":"https:\/\/kasima3.bcapps.lt\/et\/wp-json\/wp\/v2\/types\/product"}],"wp:featuredmedia":[{"embeddable":true,"href":"https:\/\/kasima3.bcapps.lt\/et\/wp-json\/wp\/v2\/media\/13388"}],"wp:attachment":[{"href":"https:\/\/kasima3.bcapps.lt\/et\/wp-json\/wp\/v2\/media?parent=13412"}],"wp:term":[{"taxonomy":"product_brand","embeddable":true,"href":"https:\/\/kasima3.bcapps.lt\/et\/wp-json\/wp\/v2\/product_brand?post=13412"},{"taxonomy":"product_cat","embeddable":true,"href":"https:\/\/kasima3.bcapps.lt\/et\/wp-json\/wp\/v2\/product_cat?post=13412"},{"taxonomy":"product_tag","embeddable":true,"href":"https:\/\/kasima3.bcapps.lt\/et\/wp-json\/wp\/v2\/product_tag?post=13412"}],"curies":[{"name":"wp","href":"https:\/\/api.w.org\/{rel}","templated":true}]}}