{"id":13680,"date":"2023-06-20T11:45:16","date_gmt":"2023-06-20T11:45:16","guid":{"rendered":"https:\/\/kasima.lt\/shop\/maaratlemata\/bunkerine-sluota-wolverine-84\/"},"modified":"2025-10-29T08:31:46","modified_gmt":"2025-10-29T08:31:46","slug":"bunkerine-slave-wolverine-84","status":"publish","type":"product","link":"https:\/\/kasima3.bcapps.lt\/et\/produktas\/bunkerine-slave-wolverine-84\/","title":{"rendered":"Punkriga p\u00fchkimishari Wolverine 84"},"content":{"rendered":"<p>SPETSIFIKATSIOONID:<br \/>\nPunkriga p\u00fchkimishari t\u00f6\u00f6laius 210 cm.<br \/>\nPunkri kogulaius on 225 cm.<br \/>\nHopperluuda kaal: 490 kg.<br \/>\nVoolukiirus: kuni 90 l\/min.<br \/>\nAasta: 2023<br \/>\nReguleeritav p\u00fchkimissegmendi k\u00f5rgus<br \/>\nM\u00e4\u00e4ritud laagrid<br \/>\nVedrustus: minilaadur<\/p>\n<p>Pakume teile t\u00e4ielikku Wolverine Hopper Broom&#8217;i, mis on m\u00f5eldud mustuse, lahtiste materjalide ja muude ebasoovitavate materjalide p\u00fchkimiseks minilaaduriga. Hopperluudade komplekti kuuluvad: h\u00fcdraulilised voolikud koos \u00fchendusotsikutega. Hopperluud on ideaalne lahendus neile, kellel on vaja p\u00fchkida ja koguda mustust, mida tavaline nurgaluud ei suuda. Selle punktharja abil on lihtne pr\u00fcgi kokku p\u00fchkida ja see teie valitud kohas \u00e4ra visata. Seadme kaitsekummid takistavad tolmu kerget levikut. See teeb operaatori t\u00f6\u00f6 lihtsamaks ja v\u00e4hendab keskkonda paisatava tolmu hulka.<\/p>\n<p>Pakume 12-kuulise garantii tehase defektide vastu. KASIMA Ltd. pakub garantii- ja garantiij\u00e4rgset hooldust.<\/p>\n<p>Meil on toode kohapeal, nii et saate tulla ja neid isiklikult n\u00e4ha. Kiire tarne teie aadressile.<\/p>\n<p>See punkrikuhja sobib Bobcat, CAT, Gehl, Takeuchi, Manitou, Komatsu, Wacker Neuson, Terex, New Holland, JCB, Mustang, CASE, EUROCOMACH, Doosan, Caterpillar ja teiste laaduritega.<\/p>\n<p>*Adapterit saab lisatasu eest paigaldada teie kahvelt\u00f5stukile.<\/p>\n","protected":false},"excerpt":{"rendered":"<p>Hind ilma k\u00e4ibemaksuta<\/p>\n<p>Tootja: Wolverine<br \/>\nMudel: Punkriga p\u00fchkimishari 84<br \/>\nHelista: <a href=\"tel:+37067607071\">+37067607071<\/a><br \/>\nKontakt: <a href=\"mailto:sales@kasima3.bcapps.lt\">sales@kasima3.bcapps.lt<\/a><\/p>\n","protected":false},"featured_media":13636,"template":"","meta":{"_et_pb_use_builder":"","_et_pb_old_content":"","_et_gb_content_width":""},"product_brand":[],"product_cat":[159,161,165,290],"product_tag":[],"class_list":{"0":"post-13680","1":"product","2":"type-product","3":"status-publish","4":"has-post-thumbnail","6":"product_cat-15-3-tonni","7":"product_cat-3-5-tonni","8":"product_cat-uus","9":"product_cat-hudrauliline-puhkimishari","11":"first","12":"instock","13":"taxable","14":"shipping-taxable","15":"purchasable","16":"product-type-simple"},"_links":{"self":[{"href":"https:\/\/kasima3.bcapps.lt\/et\/wp-json\/wp\/v2\/product\/13680","targetHints":{"allow":["GET"]}}],"collection":[{"href":"https:\/\/kasima3.bcapps.lt\/et\/wp-json\/wp\/v2\/product"}],"about":[{"href":"https:\/\/kasima3.bcapps.lt\/et\/wp-json\/wp\/v2\/types\/product"}],"wp:featuredmedia":[{"embeddable":true,"href":"https:\/\/kasima3.bcapps.lt\/et\/wp-json\/wp\/v2\/media\/13636"}],"wp:attachment":[{"href":"https:\/\/kasima3.bcapps.lt\/et\/wp-json\/wp\/v2\/media?parent=13680"}],"wp:term":[{"taxonomy":"product_brand","embeddable":true,"href":"https:\/\/kasima3.bcapps.lt\/et\/wp-json\/wp\/v2\/product_brand?post=13680"},{"taxonomy":"product_cat","embeddable":true,"href":"https:\/\/kasima3.bcapps.lt\/et\/wp-json\/wp\/v2\/product_cat?post=13680"},{"taxonomy":"product_tag","embeddable":true,"href":"https:\/\/kasima3.bcapps.lt\/et\/wp-json\/wp\/v2\/product_tag?post=13680"}],"curies":[{"name":"wp","href":"https:\/\/api.w.org\/{rel}","templated":true}]}}