{"id":14987,"date":"2023-08-01T15:04:33","date_gmt":"2023-08-01T15:04:33","guid":{"rendered":"https:\/\/kasima.lt\/shop\/maaratlemata\/viksrinis-damperis-cnf-t95sl\/"},"modified":"2025-10-29T08:31:47","modified_gmt":"2025-10-29T08:31:47","slug":"minikallur-cnf-t95sl","status":"publish","type":"product","link":"https:\/\/kasima3.bcapps.lt\/et\/produktas\/minikallur-cnf-t95sl\/","title":{"rendered":"Minikallur CNF T95SL"},"content":{"rendered":"<p>Tootja CNF<br \/>\nMudel T95SL<br \/>\nYANMAR mootor 9,5 hj koos eelsoojendusega<br \/>\nElektriline starter<br \/>\nK\u00fctuse t\u00fc\u00fcp Diisel<br \/>\nKiirus kuni 5 km\/h<br \/>\nJuhtimine 1 hoova abil<br \/>\nH\u00fcdrostaatiline j\u00f5u\u00fclekanne<br \/>\nRaskus 550 kg.<br \/>\nT\u00f5stev\u00f5ime 900 kg.<br \/>\nKorpuse mahutavus 0,36 \/ 0,45 kuupmeetrit.<br \/>\nH\u00e4dapidur<br \/>\nH\u00fcdrosilindrilised lukud<\/p>\n<p>Komplektis:<br \/>\nKoppide laadimine<br \/>\nParkimisaluse amortiseerumine<br \/>\nTasakaaluga kaalud<br \/>\nT\u00f5stetud kerega<\/p>\n","protected":false},"excerpt":{"rendered":"<p>Hind ilma k\u00e4ibemaksuta<\/p>\n<p>Tootja: CNF<br \/>\nMudel: T95SL<br \/>\nHelista: <a href=\"tel:+37067607071\">+37067607071<\/a><br \/>\nKontakt: <a href=\"mailto:sales@kasima3.bcapps.lt\">sales@kasima3.bcapps.lt<\/a><\/p>\n","protected":false},"featured_media":23373,"template":"","meta":{"_et_pb_use_builder":"","_et_pb_old_content":"","_et_gb_content_width":""},"product_brand":[],"product_cat":[147],"product_tag":[],"class_list":{"0":"post-14987","1":"product","2":"type-product","3":"status-publish","4":"has-post-thumbnail","6":"product_cat-ehitus","8":"first","9":"instock","10":"taxable","11":"shipping-taxable","12":"product-type-simple"},"_links":{"self":[{"href":"https:\/\/kasima3.bcapps.lt\/et\/wp-json\/wp\/v2\/product\/14987","targetHints":{"allow":["GET"]}}],"collection":[{"href":"https:\/\/kasima3.bcapps.lt\/et\/wp-json\/wp\/v2\/product"}],"about":[{"href":"https:\/\/kasima3.bcapps.lt\/et\/wp-json\/wp\/v2\/types\/product"}],"wp:featuredmedia":[{"embeddable":true,"href":"https:\/\/kasima3.bcapps.lt\/et\/wp-json\/wp\/v2\/media\/23373"}],"wp:attachment":[{"href":"https:\/\/kasima3.bcapps.lt\/et\/wp-json\/wp\/v2\/media?parent=14987"}],"wp:term":[{"taxonomy":"product_brand","embeddable":true,"href":"https:\/\/kasima3.bcapps.lt\/et\/wp-json\/wp\/v2\/product_brand?post=14987"},{"taxonomy":"product_cat","embeddable":true,"href":"https:\/\/kasima3.bcapps.lt\/et\/wp-json\/wp\/v2\/product_cat?post=14987"},{"taxonomy":"product_tag","embeddable":true,"href":"https:\/\/kasima3.bcapps.lt\/et\/wp-json\/wp\/v2\/product_tag?post=14987"}],"curies":[{"name":"wp","href":"https:\/\/api.w.org\/{rel}","templated":true}]}}