{"id":16565,"date":"2023-10-11T12:21:15","date_gmt":"2023-10-11T12:21:15","guid":{"rendered":"https:\/\/kasima.lt\/product\/wirtgen-ws250-mullastabilisaator\/"},"modified":"2025-10-29T08:31:49","modified_gmt":"2025-10-29T08:31:49","slug":"pinnase-stabiliseerimise-taimede-irtgen-ws250","status":"publish","type":"product","link":"https:\/\/kasima3.bcapps.lt\/et\/produktas\/pinnase-stabiliseerimise-taimede-irtgen-ws250\/","title":{"rendered":"WIRTGEN WS250 mullastabilisaator"},"content":{"rendered":"<p>WIRTGEN WS250 mullastabilisaator<br \/>\nV\u00e4ga heas seisukorras<br \/>\nLeedus ei toimu<\/p>\n<p>Valmistamise aasta &#8211; 2006<br \/>\nFreesimise laius &#8211; 2500 mm<br \/>\nT\u00f6\u00f6s\u00fcgavus &#8211; 500 mm<br \/>\nFreesimistrummel &#8211; FB2500<br \/>\nTagumine vedrustus kolme tugipunktiga<br \/>\nKardaanv\u00f5lli<br \/>\nMehaaniline ajam nokkv\u00f5llist kahe j\u00f5u\u00fclekanderihmaga<br \/>\nFreesimis- ja segamisrotori korpusele paigaldatud p\u00f6\u00f6rlevad k\u00fclgpaneelid<br \/>\nFreesimise s\u00fcgavuse peatused<\/p>\n","protected":false},"excerpt":{"rendered":"<p>Hind ilma k\u00e4ibemaksuta<\/p>\n<p>Tootja: WIRTGEN<br \/>\nMudel: WS2500<br \/>\nHelista: <a href=\"tel:+37067607071\">+37067607071<\/a><br \/>\nKontakt: <a href=\"mailto:sales@kasima3.bcapps.lt\">sales@kasima3.bcapps.lt<\/a><\/p>\n","protected":false},"featured_media":16524,"template":"","meta":{"_et_pb_use_builder":"","_et_pb_old_content":"","_et_gb_content_width":""},"product_brand":[],"product_cat":[147,214,217],"product_tag":[],"class_list":{"0":"post-16565","1":"product","2":"type-product","3":"status-publish","4":"has-post-thumbnail","6":"product_cat-ehitus","7":"product_cat-kasutatud","8":"product_cat-traktoriga-veetavad-stabilisaatorid","10":"first","11":"outofstock","12":"taxable","13":"shipping-taxable","14":"product-type-simple"},"_links":{"self":[{"href":"https:\/\/kasima3.bcapps.lt\/et\/wp-json\/wp\/v2\/product\/16565","targetHints":{"allow":["GET"]}}],"collection":[{"href":"https:\/\/kasima3.bcapps.lt\/et\/wp-json\/wp\/v2\/product"}],"about":[{"href":"https:\/\/kasima3.bcapps.lt\/et\/wp-json\/wp\/v2\/types\/product"}],"wp:featuredmedia":[{"embeddable":true,"href":"https:\/\/kasima3.bcapps.lt\/et\/wp-json\/wp\/v2\/media\/16524"}],"wp:attachment":[{"href":"https:\/\/kasima3.bcapps.lt\/et\/wp-json\/wp\/v2\/media?parent=16565"}],"wp:term":[{"taxonomy":"product_brand","embeddable":true,"href":"https:\/\/kasima3.bcapps.lt\/et\/wp-json\/wp\/v2\/product_brand?post=16565"},{"taxonomy":"product_cat","embeddable":true,"href":"https:\/\/kasima3.bcapps.lt\/et\/wp-json\/wp\/v2\/product_cat?post=16565"},{"taxonomy":"product_tag","embeddable":true,"href":"https:\/\/kasima3.bcapps.lt\/et\/wp-json\/wp\/v2\/product_tag?post=16565"}],"curies":[{"name":"wp","href":"https:\/\/api.w.org\/{rel}","templated":true}]}}