{"id":19117,"date":"2024-03-27T07:39:53","date_gmt":"2024-03-27T07:39:53","guid":{"rendered":"https:\/\/kasima.lt\/product\/hidraulines-zirkles-mustang-rh20\/"},"modified":"2025-10-29T08:31:52","modified_gmt":"2025-10-29T08:31:52","slug":"hidraulines-zirkles-mustang-rh20","status":"publish","type":"product","link":"https:\/\/kasima3.bcapps.lt\/et\/produktas\/hidraulines-zirkles-mustang-rh20\/","title":{"rendered":"H\u00fcdraulilised k\u00e4\u00e4rid MUSTANG RH20"},"content":{"rendered":"<p>Mustang RH20 betoonimurdja 15-22-tonnistele ekskavaatoritele.<br \/>\nFikseeritud alumine ja liikuv \u00fclemine suudmeala.<br \/>\nValmistatud k\u00f5rge kulumiskindlusega terasest,<br \/>\nNuga kinnitusdetailide l\u00f5ikamiseks.<br \/>\nPurusti p\u00f6\u00f6rleb 360\u00b0.<br \/>\nStandardplaat adapteri jaoks.<br \/>\nPikkus: 1940 mm<br \/>\nKaal: 1800 kg.<\/p>\n<p>Meil on ka muudes suurustes h\u00fcdraulilisi k\u00e4\u00e4rid.<\/p>\n<p>Meil on kaup kohapeal, nii et saate t\u00f6\u00f6d alustada v\u00f5imalikult kiiresti.<\/p>\n<p>Vajadusel saame teha teie olemasolevatele seadmetele peatamise.<\/p>\n<p>Lisateabe saamiseks saatke palun e-kiri v\u00f5i helistage ..<\/p>\n","protected":false},"excerpt":{"rendered":"<p>Hind ilma k\u00e4ibemaksuta<\/p>\n<p>Tootja: MUSTANG<br \/>\nMudel: RH20<br \/>\nHelista: <a href=\"tel:+37067607071\">+37067607071<\/a><br \/>\nKontakt: <a href=\"mailto:sales@kasima3.bcapps.lt\">sales@kasima3.bcapps.lt<\/a><\/p>\n","protected":false},"featured_media":19113,"template":"","meta":{"_et_pb_use_builder":"","_et_pb_old_content":"","_et_gb_content_width":""},"product_brand":[],"product_cat":[233,243,167],"product_tag":[],"class_list":{"0":"post-19117","1":"product","2":"type-product","3":"status-publish","4":"has-post-thumbnail","6":"product_cat-16-20-tonni","7":"product_cat-20-25-tonni","8":"product_cat-ekskavaator","10":"first","11":"instock","12":"taxable","13":"shipping-taxable","14":"product-type-simple"},"_links":{"self":[{"href":"https:\/\/kasima3.bcapps.lt\/et\/wp-json\/wp\/v2\/product\/19117","targetHints":{"allow":["GET"]}}],"collection":[{"href":"https:\/\/kasima3.bcapps.lt\/et\/wp-json\/wp\/v2\/product"}],"about":[{"href":"https:\/\/kasima3.bcapps.lt\/et\/wp-json\/wp\/v2\/types\/product"}],"wp:featuredmedia":[{"embeddable":true,"href":"https:\/\/kasima3.bcapps.lt\/et\/wp-json\/wp\/v2\/media\/19113"}],"wp:attachment":[{"href":"https:\/\/kasima3.bcapps.lt\/et\/wp-json\/wp\/v2\/media?parent=19117"}],"wp:term":[{"taxonomy":"product_brand","embeddable":true,"href":"https:\/\/kasima3.bcapps.lt\/et\/wp-json\/wp\/v2\/product_brand?post=19117"},{"taxonomy":"product_cat","embeddable":true,"href":"https:\/\/kasima3.bcapps.lt\/et\/wp-json\/wp\/v2\/product_cat?post=19117"},{"taxonomy":"product_tag","embeddable":true,"href":"https:\/\/kasima3.bcapps.lt\/et\/wp-json\/wp\/v2\/product_tag?post=19117"}],"curies":[{"name":"wp","href":"https:\/\/api.w.org\/{rel}","templated":true}]}}