{"id":19209,"date":"2024-03-27T14:57:46","date_gmt":"2024-03-27T14:57:46","guid":{"rendered":"https:\/\/kasima.lt\/product\/asfalto-freza-wirtgen-w50dc-2\/"},"modified":"2025-10-29T08:31:53","modified_gmt":"2025-10-29T08:31:53","slug":"asfalto-freza-wirtgen-w50dc-2","status":"publish","type":"product","link":"https:\/\/kasima3.bcapps.lt\/et\/produktas\/asfalto-freza-wirtgen-w50dc-2\/","title":{"rendered":"Wirtgen W50DC asfaldil\u00f5ikur"},"content":{"rendered":"<p>Asfaldil\u00f5ikur WIRTGEN W50DC,<br \/>\nValmistamise aasta: 2007<br \/>\nSeisund: t\u00f6\u00f6tav<br \/>\nMootor: 125hj (92kW)<br \/>\nMoto tunnid: 4110<br \/>\nT\u00fchimass: 7500 kg,<br \/>\nFreesimise laius 500 mm,<br \/>\nT\u00f6\u00f6s\u00fcgavus: 0 &#8211; 210 mm,<br \/>\nSisaldab h\u00fcdraulilist t\u00fchjendusklappi puistekauba jaoks.<\/p>\n<p>Lisateabe saamiseks saatke palun e-kiri v\u00f5i helistage ..<\/p>\n<p><iframe loading=\"lazy\" title=\"Wirtgen W50DC, 2007 FOR SALE!\" width=\"1080\" height=\"608\" src=\"https:\/\/www.youtube.com\/embed\/nLQNTUgJ-sU?start=2&#038;feature=oembed\"  allow=\"accelerometer; autoplay; clipboard-write; encrypted-media; gyroscope; picture-in-picture; web-share\" referrerpolicy=\"strict-origin-when-cross-origin\" allowfullscreen><\/iframe><\/p>\n","protected":false},"excerpt":{"rendered":"<p>Hind ilma k\u00e4ibemaksuta<\/p>\n<p>Tootja Wirtgen<br \/>\nMudel: W50DC<br \/>\nHelista: <a href=\"tel:+37067607071\">+37067607071<\/a><br \/>\nKontakt: <a href=\"mailto:sales@kasima3.bcapps.lt\">sales@kasima3.bcapps.lt<\/a><\/p>\n","protected":false},"featured_media":19125,"template":"","meta":{"_et_pb_use_builder":"","_et_pb_old_content":"","_et_gb_content_width":""},"product_brand":[],"product_cat":[196,259],"product_tag":[],"class_list":{"0":"post-19209","1":"product","2":"type-product","3":"status-publish","4":"has-post-thumbnail","6":"product_cat-tee-ehitusmasinad","7":"product_cat-asfaldi-ja-betoonifrees","9":"first","10":"outofstock","11":"taxable","12":"shipping-taxable","13":"product-type-simple"},"_links":{"self":[{"href":"https:\/\/kasima3.bcapps.lt\/et\/wp-json\/wp\/v2\/product\/19209","targetHints":{"allow":["GET"]}}],"collection":[{"href":"https:\/\/kasima3.bcapps.lt\/et\/wp-json\/wp\/v2\/product"}],"about":[{"href":"https:\/\/kasima3.bcapps.lt\/et\/wp-json\/wp\/v2\/types\/product"}],"wp:featuredmedia":[{"embeddable":true,"href":"https:\/\/kasima3.bcapps.lt\/et\/wp-json\/wp\/v2\/media\/19125"}],"wp:attachment":[{"href":"https:\/\/kasima3.bcapps.lt\/et\/wp-json\/wp\/v2\/media?parent=19209"}],"wp:term":[{"taxonomy":"product_brand","embeddable":true,"href":"https:\/\/kasima3.bcapps.lt\/et\/wp-json\/wp\/v2\/product_brand?post=19209"},{"taxonomy":"product_cat","embeddable":true,"href":"https:\/\/kasima3.bcapps.lt\/et\/wp-json\/wp\/v2\/product_cat?post=19209"},{"taxonomy":"product_tag","embeddable":true,"href":"https:\/\/kasima3.bcapps.lt\/et\/wp-json\/wp\/v2\/product_tag?post=19209"}],"curies":[{"name":"wp","href":"https:\/\/api.w.org\/{rel}","templated":true}]}}