{"id":19510,"date":"2024-04-10T08:41:27","date_gmt":"2024-04-10T08:41:27","guid":{"rendered":"https:\/\/kasima.lt\/product\/gruntinis-volas-hamm-3307-2\/"},"modified":"2025-10-29T08:31:53","modified_gmt":"2025-10-29T08:31:53","slug":"gruntinis-volas-hamm-3307-2","status":"publish","type":"product","link":"https:\/\/kasima3.bcapps.lt\/et\/produktas\/gruntinis-volas-hamm-3307-2\/","title":{"rendered":"Pinnaserull HAMM 3307"},"content":{"rendered":"<p>Tootja HAMM<br \/>\nMudel 3307<br \/>\nValmistamise aasta 2006<br \/>\nMoto tundi 6554<br \/>\nMootor Deutz BF4M2011 (65 kW)<br \/>\nKogumass 7850 kg.<br \/>\n\u00dcldm\u00f5\u00f5tmed 4,68 m \u00d7 1,79 m \u00d7 2,795 m<br \/>\nLaius 1,68 m.<\/p>\n<p><a href=\"https:\/\/www.youtube.com\/watch?v=NGVj-C-fH3s\">https:\/\/www.youtube.com\/watch?v=NGVj-C-fH3s<\/a><\/p>\n","protected":false},"excerpt":{"rendered":"<p>Hind ilma k\u00e4ibemaksuta<\/p>\n<p>Tootja: HAMM<br \/>\nMudel: 3307<br \/>\nHelista: <a href=\"tel:+37067607071\">+37067607071<\/a><br \/>\nKontakt: <a href=\"mailto:sales@kasima3.bcapps.lt\">sales@kasima3.bcapps.lt<\/a><\/p>\n","protected":false},"featured_media":20333,"template":"","meta":{"_et_pb_use_builder":"","_et_pb_old_content":"","_et_gb_content_width":""},"product_brand":[],"product_cat":[196],"product_tag":[],"class_list":{"0":"post-19510","1":"product","2":"type-product","3":"status-publish","4":"has-post-thumbnail","6":"product_cat-tee-ehitusmasinad","8":"first","9":"instock","10":"taxable","11":"shipping-taxable","12":"product-type-simple"},"_links":{"self":[{"href":"https:\/\/kasima3.bcapps.lt\/et\/wp-json\/wp\/v2\/product\/19510","targetHints":{"allow":["GET"]}}],"collection":[{"href":"https:\/\/kasima3.bcapps.lt\/et\/wp-json\/wp\/v2\/product"}],"about":[{"href":"https:\/\/kasima3.bcapps.lt\/et\/wp-json\/wp\/v2\/types\/product"}],"wp:featuredmedia":[{"embeddable":true,"href":"https:\/\/kasima3.bcapps.lt\/et\/wp-json\/wp\/v2\/media\/20333"}],"wp:attachment":[{"href":"https:\/\/kasima3.bcapps.lt\/et\/wp-json\/wp\/v2\/media?parent=19510"}],"wp:term":[{"taxonomy":"product_brand","embeddable":true,"href":"https:\/\/kasima3.bcapps.lt\/et\/wp-json\/wp\/v2\/product_brand?post=19510"},{"taxonomy":"product_cat","embeddable":true,"href":"https:\/\/kasima3.bcapps.lt\/et\/wp-json\/wp\/v2\/product_cat?post=19510"},{"taxonomy":"product_tag","embeddable":true,"href":"https:\/\/kasima3.bcapps.lt\/et\/wp-json\/wp\/v2\/product_tag?post=19510"}],"curies":[{"name":"wp","href":"https:\/\/api.w.org\/{rel}","templated":true}]}}