{"id":19834,"date":"2024-05-02T14:19:43","date_gmt":"2024-05-02T14:19:43","guid":{"rendered":"https:\/\/kasima.lt\/product\/medienos-giljotina-ksm-g-03\/"},"modified":"2025-10-29T08:31:53","modified_gmt":"2025-10-29T08:31:53","slug":"medienos-giljotina-ksm-g-03","status":"publish","type":"product","link":"https:\/\/kasima3.bcapps.lt\/et\/produktas\/medienos-giljotina-ksm-g-03\/","title":{"rendered":"Giljotiin puidule KSM G-03"},"content":{"rendered":"<p>Giljotiin KSM G-03<br \/>\nSeadmed on ette n\u00e4htud puude ja p\u00f5\u00f5saste langetamiseks ja virnastamiseks.<br \/>\nVastupidav konstruktsioon ja kerge juhtimiss\u00fcsteem tagavad j\u00e4tkusuutlikkuse ja t\u00f6\u00f6kindluse.<br \/>\nM\u00f5eldud t\u00f6\u00f6tamiseks 3-5-tonnise ekskavaatoriga.<br \/>\nH\u00fcdrauliline r\u00f5hk 60 &#8211; 210 bar<br \/>\nH\u00fcdrauliline vool 40 -95 l\/min<br \/>\nMaksimaalne l\u00f5ikediameeter 150 mm<br \/>\nHaaratsite maksimaalne avanemine 330 mm<br \/>\nKaal 180 kg. <\/p>\n","protected":false},"excerpt":{"rendered":"<p>Hind ilma k\u00e4ibemaksuta<\/p>\n<p>Tootja: KSM<br \/>\nMudel: G-03<br \/>\nHelista: <a href=\"tel:+37067607071\">+37067607071<\/a><br \/>\nKontakt: <a href=\"mailto:sales@kasima3.bcapps.lt\">sales@kasima3.bcapps.lt<\/a><\/p>\n","protected":false},"featured_media":19830,"template":"","meta":{"_et_pb_use_builder":"","_et_pb_old_content":"","_et_gb_content_width":""},"product_brand":[],"product_cat":[161,234,245,167],"product_tag":[],"class_list":{"0":"post-19834","1":"product","2":"type-product","3":"status-publish","4":"has-post-thumbnail","6":"product_cat-3-5-tonni","7":"product_cat-muud-lisaseadmed","8":"product_cat-muruniiduk-vosaloikur","9":"product_cat-ekskavaator","11":"first","12":"instock","13":"taxable","14":"shipping-taxable","15":"purchasable","16":"product-type-simple"},"_links":{"self":[{"href":"https:\/\/kasima3.bcapps.lt\/et\/wp-json\/wp\/v2\/product\/19834","targetHints":{"allow":["GET"]}}],"collection":[{"href":"https:\/\/kasima3.bcapps.lt\/et\/wp-json\/wp\/v2\/product"}],"about":[{"href":"https:\/\/kasima3.bcapps.lt\/et\/wp-json\/wp\/v2\/types\/product"}],"wp:featuredmedia":[{"embeddable":true,"href":"https:\/\/kasima3.bcapps.lt\/et\/wp-json\/wp\/v2\/media\/19830"}],"wp:attachment":[{"href":"https:\/\/kasima3.bcapps.lt\/et\/wp-json\/wp\/v2\/media?parent=19834"}],"wp:term":[{"taxonomy":"product_brand","embeddable":true,"href":"https:\/\/kasima3.bcapps.lt\/et\/wp-json\/wp\/v2\/product_brand?post=19834"},{"taxonomy":"product_cat","embeddable":true,"href":"https:\/\/kasima3.bcapps.lt\/et\/wp-json\/wp\/v2\/product_cat?post=19834"},{"taxonomy":"product_tag","embeddable":true,"href":"https:\/\/kasima3.bcapps.lt\/et\/wp-json\/wp\/v2\/product_tag?post=19834"}],"curies":[{"name":"wp","href":"https:\/\/api.w.org\/{rel}","templated":true}]}}