{"id":20160,"date":"2024-05-09T10:43:19","date_gmt":"2024-05-09T10:43:19","guid":{"rendered":"https:\/\/kasima.lt\/product\/greita-jungtis-40-200-130-mm-mechanine\/"},"modified":"2025-10-29T08:31:54","modified_gmt":"2025-10-29T08:31:54","slug":"greita-jungtis-40-200-130-mm-mechanine","status":"publish","type":"product","link":"https:\/\/kasima3.bcapps.lt\/et\/produktas\/greita-jungtis-40-200-130-mm-mechanine\/","title":{"rendered":"Kiir\u00fchendus 40-200-130 mm, mehaaniline"},"content":{"rendered":"<p>SPETSIFIKATSIOONID:<br \/>\nTolli l\u00e4bim\u00f5\u00f5t (D1=D2): 40 mm.<br \/>\nNooletappide (A1) keskpunktide vaheline kaugus: 200 mm.<br \/>\nKaubakoppide keskpunktide vaheline kaugus (A2): 200 mm.<br \/>\nEkskavaatori poomi laius (W): 130 mm.<br \/>\nKoppade vahekaugus (W2): 130 mm.<br \/>\nReguleeritav \u00e4mbrilukustuse l\u00f6\u00f6k (A2).<\/p>\n<p>Ekskavaatori mehaanilist kiir\u00fchendust kasutatakse ekskavaatori koppade, puuride, h\u00fcdrovasara v\u00f5i muude lisaseadmete kiireks vahetamiseks. See on kiire, t\u00f5hus ja aja kokkuhoidev viis, millega unustate k\u00e4sitsi haamri, mida varem kasutasite tapide v\u00e4lja l\u00f6\u00f6miseks. V\u00f5tmega \u00fchenduskoht takistab \u00fchenduskoha kinnij\u00e4\u00e4mist ekskavaatori k\u00fcna v\u00f5i muu kinnitusseadme k\u00fclge, isegi kui see on loomulikul viisil kulunud.<br \/>\nKAUPADE TARNIMINE:<br \/>\nMeil on toode kohapeal, nii et saate tulla ja neid isiklikult n\u00e4ha. Kiire tarne teie aadressile.<\/p>\n","protected":false},"excerpt":{"rendered":"<p>Hind ilma k\u00e4ibemaksuta<\/p>\n<p>Tootja.<br \/>\nMudel: M 40-200-130<br \/>\nHelista: <a href=\"tel:+37067607071\">+37067607071<\/a><br \/>\nKontakt: <a href=\"mailto:sales@kasima3.bcapps.lt\">sales@kasima3.bcapps.lt<\/a><\/p>\n","protected":false},"featured_media":20126,"template":"","meta":{"_et_pb_use_builder":"","_et_pb_old_content":"","_et_gb_content_width":""},"product_brand":[],"product_cat":[161,284,167],"product_tag":[],"class_list":{"0":"post-20160","1":"product","2":"type-product","3":"status-publish","4":"has-post-thumbnail","6":"product_cat-3-5-tonni","7":"product_cat-ekskavaatori-kiirkonks","8":"product_cat-ekskavaator","10":"first","11":"instock","12":"taxable","13":"shipping-taxable","14":"purchasable","15":"product-type-simple"},"_links":{"self":[{"href":"https:\/\/kasima3.bcapps.lt\/et\/wp-json\/wp\/v2\/product\/20160","targetHints":{"allow":["GET"]}}],"collection":[{"href":"https:\/\/kasima3.bcapps.lt\/et\/wp-json\/wp\/v2\/product"}],"about":[{"href":"https:\/\/kasima3.bcapps.lt\/et\/wp-json\/wp\/v2\/types\/product"}],"wp:featuredmedia":[{"embeddable":true,"href":"https:\/\/kasima3.bcapps.lt\/et\/wp-json\/wp\/v2\/media\/20126"}],"wp:attachment":[{"href":"https:\/\/kasima3.bcapps.lt\/et\/wp-json\/wp\/v2\/media?parent=20160"}],"wp:term":[{"taxonomy":"product_brand","embeddable":true,"href":"https:\/\/kasima3.bcapps.lt\/et\/wp-json\/wp\/v2\/product_brand?post=20160"},{"taxonomy":"product_cat","embeddable":true,"href":"https:\/\/kasima3.bcapps.lt\/et\/wp-json\/wp\/v2\/product_cat?post=20160"},{"taxonomy":"product_tag","embeddable":true,"href":"https:\/\/kasima3.bcapps.lt\/et\/wp-json\/wp\/v2\/product_tag?post=20160"}],"curies":[{"name":"wp","href":"https:\/\/api.w.org\/{rel}","templated":true}]}}