{"id":20265,"date":"2024-05-09T11:04:13","date_gmt":"2024-05-09T11:04:13","guid":{"rendered":"https:\/\/kasima.lt\/product\/greita-jungtis-60-290-172-s-45-45x430x290-hidrauline\/"},"modified":"2025-10-29T08:31:54","modified_gmt":"2025-10-29T08:31:54","slug":"greita-jungtis-60-290-172-s-45-45x430x290-hidrauline","status":"publish","type":"product","link":"https:\/\/kasima3.bcapps.lt\/et\/produktas\/greita-jungtis-60-290-172-s-45-45x430x290-hidrauline\/","title":{"rendered":"Kiirliitmik 60-290-172 \/ S-45 (45x430x290) H\u00fcdraulikas\u00f5lm"},"content":{"rendered":"<p>SPETSIFIKATSIOON<\/p>\n<p>\u00dcleval:<br \/>\nTolli l\u00e4bim\u00f5\u00f5t: 60 mm.<br \/>\nNoolte keskpunktide vaheline kaugus: 290 mm.<br \/>\nEkskavaatori poomi laius: 172 mm.<br \/>\nKoppide vahemaa: 172 mm.<\/p>\n<p>Allpool:<br \/>\nS-45 standardne pistik;<br \/>\nTolli l\u00e4bim\u00f5\u00f5t: 45 mm.<br \/>\nPoomi keskpunktide vaheline kaugus: 430 mm.<br \/>\nEkskavaatori poomi laius: 290 mm.<br \/>\nKoppide vahemaa: 290 mm.<\/p>\n<p>H\u00fcdrauliline \u00fchenduskomplekt, mis koosneb h\u00fcdraulilistest voolikutest, jaoturist, muhvist ja muudest osadest.<\/p>\n<p>Ekskavaatori h\u00fcdrauliline lisaliitmik on m\u00f5eldud ekskavaatorite koppade, puuride, h\u00fcdrovasarate v\u00f5i muude lisaseadmete kiireks vahetamiseks.<\/p>\n<p>KAUPADE TARNIMINE:<br \/>\nMeil on toode kohapeal, nii et saate tulla ja neid isiklikult n\u00e4ha.<br \/>\nKiire tarne teie aadressile.<\/p>\n","protected":false},"excerpt":{"rendered":"<p>Hind ilma k\u00e4ibemaksuta<\/p>\n<p>Tootja.<br \/>\nMudel: H 60-290-172 \/ S-45<br \/>\nHelista: <a href=\"tel:+37067607071\">+37067607071<\/a><br \/>\nKontakt: <a href=\"mailto:sales@kasima3.bcapps.lt\">sales@kasima3.bcapps.lt<\/a><\/p>\n","protected":false},"featured_media":20206,"template":"","meta":{"_et_pb_use_builder":"","_et_pb_old_content":"","_et_gb_content_width":""},"product_brand":[],"product_cat":[169,284,167],"product_tag":[],"class_list":{"0":"post-20265","1":"product","2":"type-product","3":"status-publish","4":"has-post-thumbnail","6":"product_cat-5-7-tonni","7":"product_cat-ekskavaatori-kiirkonks","8":"product_cat-ekskavaator","10":"first","11":"instock","12":"taxable","13":"shipping-taxable","14":"purchasable","15":"product-type-simple"},"_links":{"self":[{"href":"https:\/\/kasima3.bcapps.lt\/et\/wp-json\/wp\/v2\/product\/20265","targetHints":{"allow":["GET"]}}],"collection":[{"href":"https:\/\/kasima3.bcapps.lt\/et\/wp-json\/wp\/v2\/product"}],"about":[{"href":"https:\/\/kasima3.bcapps.lt\/et\/wp-json\/wp\/v2\/types\/product"}],"wp:featuredmedia":[{"embeddable":true,"href":"https:\/\/kasima3.bcapps.lt\/et\/wp-json\/wp\/v2\/media\/20206"}],"wp:attachment":[{"href":"https:\/\/kasima3.bcapps.lt\/et\/wp-json\/wp\/v2\/media?parent=20265"}],"wp:term":[{"taxonomy":"product_brand","embeddable":true,"href":"https:\/\/kasima3.bcapps.lt\/et\/wp-json\/wp\/v2\/product_brand?post=20265"},{"taxonomy":"product_cat","embeddable":true,"href":"https:\/\/kasima3.bcapps.lt\/et\/wp-json\/wp\/v2\/product_cat?post=20265"},{"taxonomy":"product_tag","embeddable":true,"href":"https:\/\/kasima3.bcapps.lt\/et\/wp-json\/wp\/v2\/product_tag?post=20265"}],"curies":[{"name":"wp","href":"https:\/\/api.w.org\/{rel}","templated":true}]}}