{"id":20315,"date":"2024-05-09T11:14:11","date_gmt":"2024-05-09T11:14:11","guid":{"rendered":"https:\/\/kasima.lt\/product\/greita-jungtis-60-360-260-mm-mechanine\/"},"modified":"2025-10-29T08:31:55","modified_gmt":"2025-10-29T08:31:55","slug":"greita-jungtis-60-360-260-mm-mechanine","status":"publish","type":"product","link":"https:\/\/kasima3.bcapps.lt\/et\/produktas\/greita-jungtis-60-360-260-mm-mechanine\/","title":{"rendered":"Kiir\u00fchendus 60-360-260 mm, mehaaniline"},"content":{"rendered":"<p>SPETSIFIKATSIOONID:<br \/>\nTolli l\u00e4bim\u00f5\u00f5t (D1=D2): 60 mm.<br \/>\nNooletappide (A1) keskpunktide vaheline kaugus: 360 mm.<br \/>\nKaubikukse keskpunktide vaheline kaugus (A2): 360 mm.<br \/>\nEkskavaatori poomi laius (W): 260 mm.<br \/>\nKoppade vahekaugus (W2): 260 mm.<br \/>\nReguleeritav \u00e4mbrilukustuse l\u00f6\u00f6k (A2).<\/p>\n<p>Ekskavaatori mehaanilist kiir\u00fchendust kasutatakse ekskavaatori koppade, puuride, h\u00fcdrovasara v\u00f5i muude lisaseadmete kiireks vahetamiseks. See on kiire, t\u00f5hus ja aja kokkuhoidev viis, millega unustate k\u00e4sitsi haamri, mida varem kasutasite tapide v\u00e4lja l\u00f6\u00f6miseks. V\u00f5tmega \u00fchenduskoht takistab \u00fchenduskoha kinnij\u00e4\u00e4mist ekskavaatori k\u00fcna v\u00f5i muu kinnitusseadme k\u00fclge, isegi kui see on loomulikul viisil kulunud.<\/p>\n<p>KAUPADE TARNIMINE:<br \/>\nMeil on toode kohapeal, nii et saate tulla ja neid isiklikult n\u00e4ha. Kiire tarne teie aadressile.<\/p>\n","protected":false},"excerpt":{"rendered":"<p>Hind ilma k\u00e4ibemaksuta<\/p>\n<p>Tootja.<br \/>\nMudel: M 60-360-260<br \/>\nHelista: <a href=\"tel:+37067607071\">+37067607071<\/a><br \/>\nKontakt: <a href=\"mailto:sales@kasima3.bcapps.lt\">sales@kasima3.bcapps.lt<\/a><\/p>\n","protected":false},"featured_media":20286,"template":"","meta":{"_et_pb_use_builder":"","_et_pb_old_content":"","_et_gb_content_width":""},"product_brand":[],"product_cat":[284,167],"product_tag":[],"class_list":{"0":"post-20315","1":"product","2":"type-product","3":"status-publish","4":"has-post-thumbnail","6":"product_cat-ekskavaatori-kiirkonks","7":"product_cat-ekskavaator","9":"first","10":"instock","11":"taxable","12":"shipping-taxable","13":"purchasable","14":"product-type-simple"},"_links":{"self":[{"href":"https:\/\/kasima3.bcapps.lt\/et\/wp-json\/wp\/v2\/product\/20315","targetHints":{"allow":["GET"]}}],"collection":[{"href":"https:\/\/kasima3.bcapps.lt\/et\/wp-json\/wp\/v2\/product"}],"about":[{"href":"https:\/\/kasima3.bcapps.lt\/et\/wp-json\/wp\/v2\/types\/product"}],"wp:featuredmedia":[{"embeddable":true,"href":"https:\/\/kasima3.bcapps.lt\/et\/wp-json\/wp\/v2\/media\/20286"}],"wp:attachment":[{"href":"https:\/\/kasima3.bcapps.lt\/et\/wp-json\/wp\/v2\/media?parent=20315"}],"wp:term":[{"taxonomy":"product_brand","embeddable":true,"href":"https:\/\/kasima3.bcapps.lt\/et\/wp-json\/wp\/v2\/product_brand?post=20315"},{"taxonomy":"product_cat","embeddable":true,"href":"https:\/\/kasima3.bcapps.lt\/et\/wp-json\/wp\/v2\/product_cat?post=20315"},{"taxonomy":"product_tag","embeddable":true,"href":"https:\/\/kasima3.bcapps.lt\/et\/wp-json\/wp\/v2\/product_tag?post=20315"}],"curies":[{"name":"wp","href":"https:\/\/api.w.org\/{rel}","templated":true}]}}