{"id":21677,"date":"2024-06-20T12:36:32","date_gmt":"2024-06-20T12:36:32","guid":{"rendered":"https:\/\/kasima.lt\/product\/ekskavatorius-atlas-1604-parduodamas-dalimis\/"},"modified":"2025-10-29T08:31:57","modified_gmt":"2025-10-29T08:31:57","slug":"ekskavatorius-atlas-1604-parduodamas-dalimis","status":"publish","type":"product","link":"https:\/\/kasima3.bcapps.lt\/et\/produktas\/ekskavatorius-atlas-1604-parduodamas-dalimis\/","title":{"rendered":"Atlas 1604 ekskavaatori osad"},"content":{"rendered":"<p>M\u00fc\u00fca Atlas 1604 ratastega ekskavaator, mida m\u00fc\u00fcakse osade kaupa. Sellel masinal on v\u00f5imas ja t\u00f5hus Deutz BF6M2012C mootor. K\u00f5ik komponendid on t\u00f6\u00f6korras, pakkudes ideaalset lahendust neile, kes vajavad ehtsaid Atlase varuosi.<br \/>Mudel: Atlas 1604 ratastega ekskavaator<br \/>Mootor: Deutz BF6M2012C (6-silindriline turbodiiselmootor).<br \/>Seisund: Seadmed: &#8211; Mootor, mis on valmistatud ja paigaldatud: K\u00f5ik osad on suurep\u00e4rases t\u00f6\u00f6korras.<br \/>Olemasolevad komponendid:<br \/>Deutz BF6M2012C mootor (sujuv t\u00f6\u00f6, usaldusv\u00e4\u00e4rne v\u00f5imsus).<br \/>H\u00fcdraulikas\u00fcsteem (t\u00e4ielikult toimiv, lekked puuduvad)<br \/>Rattad ja veermik (h\u00e4sti hooldatud, kasutusvalmis).<br \/>poom, varred ja kopp (heas seisukorras)<br \/>Kabiin ja juhtimisseadmed (t\u00e4ielikult t\u00f6\u00f6korras, heas seisukorras)<br \/>Jahutus- ja elektris\u00fcsteemid (t\u00e4ielikult t\u00f6\u00f6korras)<br \/>\u00dchilduvad osad teiste mudelitega<br \/>Deutz mootori osad: Kaasa arvatud injektorid, filtrid, generaatorid ja palju muud. \u00dchilduvad teiste Deutzi mootorit kasutavate Atlase ja Terexi mudelitega.<br \/>H\u00fcdraulilised pumbad ja ventiilid: Vahetatavad Atlas 1404, Atlas 1504 ja Terex 1604 masinatega.<br \/>Alusmasinad ja rattad: Komponendid, nagu teljed, rattad ja rattad, sobivad mudelitele Atlas 1504, Terex 1504 ja Terex 1604.<br \/>Kabiini komponendid: Ekraanid, juhtimisseadmed ja operaatoriliidesed, mis on \u00fchised teiste Atlase ja Fuchsi materjalik\u00e4sitlejatega, nagu Fuchs MHL 331 ja MHL 340.<br \/>See on suurep\u00e4rane v\u00f5imalus mehaanikutele, t\u00f6\u00f6v\u00f5tjatele v\u00f5i varuosade edasim\u00fc\u00fcjatele, kes otsivad kvaliteetseid Atlase ratastega ekskavaatorite varuosi konkurentsiv\u00f5imelise hinnaga. Ideaalne neile, kes otsivad usaldusv\u00e4\u00e4rseid Deutzi mootoriosi v\u00f5i Atlase h\u00fcdros\u00fcsteeme.<br \/>Atlas 1604 ratastega ekskavaatori osad m\u00fc\u00fcgiks<br \/>M\u00fc\u00fca Deutz BF6M2012C mootor<br \/>Kasutatud Atlas ratastega ekskavaatori osad<br \/>Terex 1604 ja Atlase ekskavaatorite osad<br \/>Atlas 1604 h\u00fcdros\u00fcsteemi osad<br \/>M\u00fc\u00fca ratastega ekskavaatori osad<br \/>Ehtsad Atlase ja Deutzi osad<br \/>Atlase ekskavaatori rattad ja allas\u00f5idukid<br \/>V\u00f5tke meiega juba t\u00e4na \u00fchendust, et saada lisateavet hindade, saadavuse ja tarnev\u00f5imaluste kohta!<br \/><iframe loading=\"lazy\" title=\"Atlas 1604 Wheeled Excavator for Sale \u2013 Parts Available (Engine: Deutz BF6M2012C)\" width=\"1080\" height=\"608\" src=\"https:\/\/www.youtube.com\/embed\/rSq3lqe-tqU?feature=oembed\"  allow=\"accelerometer; autoplay; clipboard-write; encrypted-media; gyroscope; picture-in-picture; web-share\" referrerpolicy=\"strict-origin-when-cross-origin\" allowfullscreen><\/iframe>     <\/p>\n","protected":false},"excerpt":{"rendered":"<p>Tootja: Atlas<br \/>Mudel: 1604<br \/>Helista: <a href=\"tel:+37060842988\">+37060842988<\/a><br \/>E-post: <a href=\"mailto:usedparts@kasima3.bcapps.lt\">usedparts@kasima3.bcapps.lt<\/a><\/p>\n","protected":false},"featured_media":21673,"template":"","meta":{"_et_pb_use_builder":"","_et_pb_old_content":"","_et_gb_content_width":""},"product_brand":[],"product_cat":[485,319,431],"product_tag":[],"class_list":{"0":"post-21677","1":"product","2":"type-product","3":"status-publish","4":"has-post-thumbnail","6":"product_cat-atlase-osad","7":"product_cat-kasutatud-varuosade","8":"product_cat-ehitusmasinad-varuosade","10":"first","11":"instock","12":"taxable","13":"shipping-taxable","14":"product-type-simple"},"_links":{"self":[{"href":"https:\/\/kasima3.bcapps.lt\/et\/wp-json\/wp\/v2\/product\/21677","targetHints":{"allow":["GET"]}}],"collection":[{"href":"https:\/\/kasima3.bcapps.lt\/et\/wp-json\/wp\/v2\/product"}],"about":[{"href":"https:\/\/kasima3.bcapps.lt\/et\/wp-json\/wp\/v2\/types\/product"}],"wp:featuredmedia":[{"embeddable":true,"href":"https:\/\/kasima3.bcapps.lt\/et\/wp-json\/wp\/v2\/media\/21673"}],"wp:attachment":[{"href":"https:\/\/kasima3.bcapps.lt\/et\/wp-json\/wp\/v2\/media?parent=21677"}],"wp:term":[{"taxonomy":"product_brand","embeddable":true,"href":"https:\/\/kasima3.bcapps.lt\/et\/wp-json\/wp\/v2\/product_brand?post=21677"},{"taxonomy":"product_cat","embeddable":true,"href":"https:\/\/kasima3.bcapps.lt\/et\/wp-json\/wp\/v2\/product_cat?post=21677"},{"taxonomy":"product_tag","embeddable":true,"href":"https:\/\/kasima3.bcapps.lt\/et\/wp-json\/wp\/v2\/product_tag?post=21677"}],"curies":[{"name":"wp","href":"https:\/\/api.w.org\/{rel}","templated":true}]}}