{"id":22851,"date":"2024-07-05T11:57:55","date_gmt":"2024-07-05T11:57:55","guid":{"rendered":"https:\/\/kasima.lt\/produktas\/valentini-ivan-1000\/"},"modified":"2025-10-29T08:32:06","modified_gmt":"2025-10-29T08:32:06","slug":"valentini-ivan-1000","status":"publish","type":"product","link":"https:\/\/kasima3.bcapps.lt\/et\/produktas\/valentini-ivan-1000\/","title":{"rendered":"Valentini IVAN 1000"},"content":{"rendered":"<p>Valentini IVAN 1000<\/p>\n<p>Mulla stabilisaator &#8211; kivide ja mulla frees,<\/p>\n<p>Soovitatav traktori v\u00f5imsus: 81-140 Kw, 110-190 hj,<br \/>\nT\u00f6\u00f6s\u00fcgavus kuni: 35cm<br \/>\nHammasrattak\u00e4igukast,<br \/>\nH\u00fcdrauliline rootori k\u00f5rguse reguleerimine,<br \/>\nRootori l\u00e4bim\u00f5\u00f5t: 670 mm,<br \/>\nRootori p\u00f6\u00f6rlemiskiirus: 245 p\/min<br \/>\nT\u00f6\u00f6laius: 1075 mm<br \/>\n\u00dcldlaius: 1515 mm<br \/>\nHammaste arv: 90 tk.<br \/>\nKolmepunktiline universaalne haakeseade<br \/>\nEriti kulumiskindel trummel hammastega.<br \/>\nHARDOX teras,<\/p>\n<p>Garantii ja garantiij\u00e4rgne teenindus.<\/p>\n<p>Laos.<\/p>\n<p>VALENTINI on professionaalsete mullafreeside, mulla stabilisaatorite ja muude \u00e4\u00e4rmiselt rasketes tingimustes kasutatavate tarvikute tootja Ligi 50-aastane tootmiskogemus on toonud kaasa \u00e4\u00e4rmiselt k\u00f5rge t\u00f5hususe ja vastupidavuse tulemused kogu maailmas.<\/p>\n<p>Lisateabe saamiseks palun helistage v\u00f5i saatke e-kiri.<\/p>\n<p><iframe loading=\"lazy\" title=\"Valentini IVAN 1000 3pt PTO Stone Crusher Rock Crusher\" width=\"1080\" height=\"608\" src=\"https:\/\/www.youtube.com\/embed\/x8nnxcJ7vAk?feature=oembed\"  allow=\"accelerometer; autoplay; clipboard-write; encrypted-media; gyroscope; picture-in-picture; web-share\" referrerpolicy=\"strict-origin-when-cross-origin\" allowfullscreen><\/iframe>  <\/p>\n","protected":false},"excerpt":{"rendered":"<p>Hind ilma k\u00e4ibemaksuta<\/p>\n<p>Kaubam\u00e4rk: Valentini<br \/>\nMudel: Ivan 100<br \/>\nHelista: <a href=\"tel:+37067607071\">+37067607071<\/a><br \/>\nKontakt: <a href=\"mailto:sales@kasima3.bcapps.lt\">sales@kasima3.bcapps.lt<\/a><\/p>\n","protected":false},"featured_media":22787,"template":"","meta":{"_et_pb_use_builder":"","_et_pb_old_content":"","_et_gb_content_width":""},"product_brand":[],"product_cat":[196,147,217,167,197,193],"product_tag":[],"class_list":{"0":"post-22851","1":"product","2":"type-product","3":"status-publish","4":"has-post-thumbnail","6":"product_cat-tee-ehitusmasinad","7":"product_cat-ehitus","8":"product_cat-traktoriga-veetavad-stabilisaatorid","9":"product_cat-ekskavaator","10":"product_cat-traktor","11":"product_cat-kultivaatorid","13":"first","14":"instock","15":"taxable","16":"shipping-taxable","17":"purchasable","18":"product-type-simple"},"_links":{"self":[{"href":"https:\/\/kasima3.bcapps.lt\/et\/wp-json\/wp\/v2\/product\/22851","targetHints":{"allow":["GET"]}}],"collection":[{"href":"https:\/\/kasima3.bcapps.lt\/et\/wp-json\/wp\/v2\/product"}],"about":[{"href":"https:\/\/kasima3.bcapps.lt\/et\/wp-json\/wp\/v2\/types\/product"}],"wp:featuredmedia":[{"embeddable":true,"href":"https:\/\/kasima3.bcapps.lt\/et\/wp-json\/wp\/v2\/media\/22787"}],"wp:attachment":[{"href":"https:\/\/kasima3.bcapps.lt\/et\/wp-json\/wp\/v2\/media?parent=22851"}],"wp:term":[{"taxonomy":"product_brand","embeddable":true,"href":"https:\/\/kasima3.bcapps.lt\/et\/wp-json\/wp\/v2\/product_brand?post=22851"},{"taxonomy":"product_cat","embeddable":true,"href":"https:\/\/kasima3.bcapps.lt\/et\/wp-json\/wp\/v2\/product_cat?post=22851"},{"taxonomy":"product_tag","embeddable":true,"href":"https:\/\/kasima3.bcapps.lt\/et\/wp-json\/wp\/v2\/product_tag?post=22851"}],"curies":[{"name":"wp","href":"https:\/\/api.w.org\/{rel}","templated":true}]}}