{"id":22902,"date":"2024-07-09T10:23:16","date_gmt":"2024-07-09T10:23:16","guid":{"rendered":"https:\/\/kasima.lt\/produktas\/komatsu-pw160-7-saa4d102e-2-variklis\/"},"modified":"2025-10-29T08:32:06","modified_gmt":"2025-10-29T08:32:06","slug":"komatsu-pw160-7-saa4d102e-2-variklis","status":"publish","type":"product","link":"https:\/\/kasima3.bcapps.lt\/et\/produktas\/komatsu-pw160-7-saa4d102e-2-variklis\/","title":{"rendered":"Komatsu PW160-7 SAA4D102E-2 mootor SAA4D102E-2"},"content":{"rendered":"<p>Pakume kasutatud Komatsu SAA4D102E-2 mootorit Komatsu PW160 ratastega ekskavaatorist. See 4-silindriline turbodiiselmootor on tuntud oma suurep\u00e4rase j\u00f5udluse, t\u00f6\u00f6kindluse ja k\u00fctuses\u00e4\u00e4stlikkuse poolest, mis on ideaalne raskete ehitust\u00f6\u00f6de ja t\u00f6\u00f6stuslike rakenduste jaoks.<br \/>\nMudel: Komatsu SAA4D102E-2<br \/>\nMootori t\u00f6\u00f6maht: 3,9 liitrit<br \/>\nSilindrid: 4-silindriline<br \/>V\u00f5imsus: Ligikaudu 122 hj (91 kW) @ 2200 p\/min<br \/>P\u00f6\u00f6rdemoment: 1,5 kg: K\u00f5rge p\u00f6\u00f6rdemoment madalatel p\u00f6\u00f6retel, mis tagab t\u00f5husa kaevamise ja t\u00f5stmise v\u00f5imsuse.<br \/>Turbolaadimisega: Turbolaaduriga v\u00f5imendatud, mis suurendab v\u00f5imsust ja k\u00fctuses\u00e4\u00e4stlikkust.<br \/>K\u00fctuses\u00fcsteem: Otsesissepritseerimine parema k\u00fctuses\u00e4\u00e4stu ja reageerimisv\u00f5ime tagamiseks<br \/>Heitkoguste standardid: Tier 2 n\u00f5uetele vastavad <br \/>Jahutuss\u00fcsteem: Vedelikjahutus usaldusv\u00e4\u00e4rseks t\u00f6\u00f6ks \u00e4\u00e4rmuslikes t\u00f6\u00f6tingimustes.<br \/>Komatsu SAA4D102E-2 mootorit kasutatakse tavaliselt paljudes Komatsu masinates ja muudes seadmetes, mis n\u00f5uavad usaldusv\u00e4\u00e4rset, kompaktset ja k\u00fctuses\u00e4\u00e4stlikku mootorit:<br \/>Komatsu PW160 &#8211; ratastega ekskavaator<br \/>Komatsu PC138 &#8211; h\u00fcdrauliline ekskavaator.<br \/>Komatsu PC150 &#8211; h\u00fcdrauliline ekskavaator (m\u00f5ned mudelid).<br \/>Komatsu WB140 &#8211; Kaevaja-laadurid<br \/>Komatsu WB150 &#8211; Kaevaja-laadurid<br \/>Komatsu FG ja FG20 &#8211; kahvelt\u00f5stukid (m\u00f5ned konfiguratsioonid)<br \/>Mootor t\u00e4ielikult t\u00f6\u00f6korras, heas seisukorras <\/p>\n<p>Mootor t\u00e4ielikult t\u00f6\u00f6korras, heas seisukorras<\/p>\n<p><iframe loading=\"lazy\" title=\"Komatsu PW160-7 SAA4D102E-2 engine\" width=\"1080\" height=\"608\" src=\"https:\/\/www.youtube.com\/embed\/3WVBc0aBCF4?feature=oembed\"  allow=\"accelerometer; autoplay; clipboard-write; encrypted-media; gyroscope; picture-in-picture; web-share\" referrerpolicy=\"strict-origin-when-cross-origin\" allowfullscreen><\/iframe><\/p>\n","protected":false},"excerpt":{"rendered":"<p>Hind ilma k\u00e4ibemaksuta <\/p>\n<p>Valmistamine: Komatsu<br \/>\nMudel: PW16070001<br \/>\nHelista:<a href=\"tel:+37060842988\">+37060842988<\/a><br \/>\nE-post: <a href=\"mailto:usedparts@kasima3.bcapps.lt\">usedparts@kasima3.bcapps.lt<\/a><\/p>\n","protected":false},"featured_media":56945,"template":"","meta":{"_et_pb_use_builder":"","_et_pb_old_content":"","_et_gb_content_width":""},"product_brand":[],"product_cat":[480,319,431],"product_tag":[],"class_list":{"0":"post-22902","1":"product","2":"type-product","3":"status-publish","4":"has-post-thumbnail","6":"product_cat-komatsu-osad","7":"product_cat-kasutatud-varuosade","8":"product_cat-ehitusmasinad-varuosade","10":"first","11":"instock","12":"taxable","13":"shipping-taxable","14":"purchasable","15":"product-type-simple"},"_links":{"self":[{"href":"https:\/\/kasima3.bcapps.lt\/et\/wp-json\/wp\/v2\/product\/22902","targetHints":{"allow":["GET"]}}],"collection":[{"href":"https:\/\/kasima3.bcapps.lt\/et\/wp-json\/wp\/v2\/product"}],"about":[{"href":"https:\/\/kasima3.bcapps.lt\/et\/wp-json\/wp\/v2\/types\/product"}],"wp:featuredmedia":[{"embeddable":true,"href":"https:\/\/kasima3.bcapps.lt\/et\/wp-json\/wp\/v2\/media\/56945"}],"wp:attachment":[{"href":"https:\/\/kasima3.bcapps.lt\/et\/wp-json\/wp\/v2\/media?parent=22902"}],"wp:term":[{"taxonomy":"product_brand","embeddable":true,"href":"https:\/\/kasima3.bcapps.lt\/et\/wp-json\/wp\/v2\/product_brand?post=22902"},{"taxonomy":"product_cat","embeddable":true,"href":"https:\/\/kasima3.bcapps.lt\/et\/wp-json\/wp\/v2\/product_cat?post=22902"},{"taxonomy":"product_tag","embeddable":true,"href":"https:\/\/kasima3.bcapps.lt\/et\/wp-json\/wp\/v2\/product_tag?post=22902"}],"curies":[{"name":"wp","href":"https:\/\/api.w.org\/{rel}","templated":true}]}}