{"id":23634,"date":"2024-07-12T12:19:11","date_gmt":"2024-07-12T12:19:11","guid":{"rendered":"https:\/\/kasima.lt\/produktas\/komatsu-pw160-7-slydimo-ziedo-mazgas\/"},"modified":"2025-10-29T08:32:11","modified_gmt":"2025-10-29T08:32:11","slug":"komatsu-pw160-7-slydimo-ziedo-mazgas","status":"publish","type":"product","link":"https:\/\/kasima3.bcapps.lt\/et\/produktas\/komatsu-pw160-7-slydimo-ziedo-mazgas\/","title":{"rendered":"Komatsu PW160-7 libisemisr\u00f5nga koost"},"content":{"rendered":"<p>Komatsu PW160-7 libisemisr\u00f5nga koost<br \/>\nKomatsu libisemisr\u00f5ngas on rasketehnika t\u00f5rgeteta t\u00f6\u00f6 ja funktsioneerimise oluline komponent, kuna see s\u00e4ilitab pideva elektrilise \u00fchenduse paigalolevate ja p\u00f6\u00f6rlevate osade vahel.<br \/>\nTootja osa number: 20K-62-38210<\/p>\n","protected":false},"excerpt":{"rendered":"<p>Hind ilma k\u00e4ibemaksuta<\/p>\n<p>Tootja: KOMATSU<br \/>\nMudel: PW16070006<br \/>\nHelista: <a href=\"tel:+37060842988\">+37060842988<\/a><br \/>\nKontakt: <a href=\"mailto:usedparts@kasima3.bcapps.lt\">usedparts@kasima3.bcapps.lt<\/a><\/p>\n","protected":false},"featured_media":23610,"template":"","meta":{"_et_pb_use_builder":"","_et_pb_old_content":"","_et_gb_content_width":""},"product_brand":[],"product_cat":[480,319,431],"product_tag":[],"class_list":{"0":"post-23634","1":"product","2":"type-product","3":"status-publish","4":"has-post-thumbnail","6":"product_cat-komatsu-osad","7":"product_cat-kasutatud-varuosade","8":"product_cat-ehitusmasinad-varuosade","10":"first","11":"instock","12":"taxable","13":"shipping-taxable","14":"purchasable","15":"product-type-simple"},"_links":{"self":[{"href":"https:\/\/kasima3.bcapps.lt\/et\/wp-json\/wp\/v2\/product\/23634","targetHints":{"allow":["GET"]}}],"collection":[{"href":"https:\/\/kasima3.bcapps.lt\/et\/wp-json\/wp\/v2\/product"}],"about":[{"href":"https:\/\/kasima3.bcapps.lt\/et\/wp-json\/wp\/v2\/types\/product"}],"wp:featuredmedia":[{"embeddable":true,"href":"https:\/\/kasima3.bcapps.lt\/et\/wp-json\/wp\/v2\/media\/23610"}],"wp:attachment":[{"href":"https:\/\/kasima3.bcapps.lt\/et\/wp-json\/wp\/v2\/media?parent=23634"}],"wp:term":[{"taxonomy":"product_brand","embeddable":true,"href":"https:\/\/kasima3.bcapps.lt\/et\/wp-json\/wp\/v2\/product_brand?post=23634"},{"taxonomy":"product_cat","embeddable":true,"href":"https:\/\/kasima3.bcapps.lt\/et\/wp-json\/wp\/v2\/product_cat?post=23634"},{"taxonomy":"product_tag","embeddable":true,"href":"https:\/\/kasima3.bcapps.lt\/et\/wp-json\/wp\/v2\/product_tag?post=23634"}],"curies":[{"name":"wp","href":"https:\/\/api.w.org\/{rel}","templated":true}]}}