{"id":23710,"date":"2024-07-15T05:46:20","date_gmt":"2024-07-15T05:46:20","guid":{"rendered":"https:\/\/kasima.lt\/produktas\/cummins-itampos-generatorius-c150d5-dalimis\/"},"modified":"2025-10-29T08:32:11","modified_gmt":"2025-10-29T08:32:11","slug":"cummins-itampos-generatorius-c150d5-dalimis","status":"publish","type":"product","link":"https:\/\/kasima3.bcapps.lt\/et\/produktas\/cummins-itampos-generatorius-c150d5-dalimis\/","title":{"rendered":"Cummins pinge generaator C150D5 osadena"},"content":{"rendered":"<p>Pinge generaator ISO 8528 : G2<br \/>Mudeli number : C150D5<br \/>Seerianumber : K14I405306<br \/>Valmistamise aasta : 2014 11 kuud. Kaal kg : 1645<br \/>Kontroller : PC1.2 <br \/>V\u00f5imsus KVA\/KW : 150\/120<br \/>Alalisvool A : 216 Nimipinge V : 400<br \/>Pingesagedus Hz : 50<br \/>Mootor : Mootori mudel : 6BTAA5.9-G6<br \/>Mootori seerianumber : 84187596<br \/>Generaator : Raam\/s\u00fcdamik : UCI274E1<br \/>Seerianumber : N14G298075 <br \/>Cummins generaator C150D5 on m\u00fc\u00fcgil osadena, lisainfo saamiseks palun v\u00f5tke \u00fchendust. <\/p>\n","protected":false},"excerpt":{"rendered":"<p>Hind ilma k\u00e4ibemaksuta<\/p>\n<p>Tootja: CUMMINS<br \/>Mudel: C150D5<br \/>Helista: <a href=\"tel:+37060842988\">+37060842988<\/a><br \/>E-post: <a href=\"mailto:usedparts@kasima3.bcapps.lt\">usedparts@kasima3.bcapps.lt<\/a><\/p>\n","protected":false},"featured_media":23641,"template":"","meta":{"_et_pb_use_builder":"","_et_pb_old_content":"","_et_gb_content_width":""},"product_brand":[],"product_cat":[474,491,319,431],"product_tag":[],"class_list":{"0":"post-23710","1":"product","2":"type-product","3":"status-publish","4":"has-post-thumbnail","6":"product_cat-generatoriai-et","7":"product_cat-elektroonika-osad","8":"product_cat-kasutatud-varuosade","9":"product_cat-ehitusmasinad-varuosade","11":"first","12":"instock","13":"taxable","14":"shipping-taxable","15":"purchasable","16":"product-type-simple"},"_links":{"self":[{"href":"https:\/\/kasima3.bcapps.lt\/et\/wp-json\/wp\/v2\/product\/23710","targetHints":{"allow":["GET"]}}],"collection":[{"href":"https:\/\/kasima3.bcapps.lt\/et\/wp-json\/wp\/v2\/product"}],"about":[{"href":"https:\/\/kasima3.bcapps.lt\/et\/wp-json\/wp\/v2\/types\/product"}],"wp:featuredmedia":[{"embeddable":true,"href":"https:\/\/kasima3.bcapps.lt\/et\/wp-json\/wp\/v2\/media\/23641"}],"wp:attachment":[{"href":"https:\/\/kasima3.bcapps.lt\/et\/wp-json\/wp\/v2\/media?parent=23710"}],"wp:term":[{"taxonomy":"product_brand","embeddable":true,"href":"https:\/\/kasima3.bcapps.lt\/et\/wp-json\/wp\/v2\/product_brand?post=23710"},{"taxonomy":"product_cat","embeddable":true,"href":"https:\/\/kasima3.bcapps.lt\/et\/wp-json\/wp\/v2\/product_cat?post=23710"},{"taxonomy":"product_tag","embeddable":true,"href":"https:\/\/kasima3.bcapps.lt\/et\/wp-json\/wp\/v2\/product_tag?post=23710"}],"curies":[{"name":"wp","href":"https:\/\/api.w.org\/{rel}","templated":true}]}}