{"id":23807,"date":"2024-07-17T05:47:53","date_gmt":"2024-07-17T05:47:53","guid":{"rendered":"https:\/\/kasima.lt\/produktas\/medziu-skaldymo-kugis-300-mm\/"},"modified":"2025-10-29T08:32:12","modified_gmt":"2025-10-29T08:32:12","slug":"medziu-skaldymo-kugis-300-mm","status":"publish","type":"product","link":"https:\/\/kasima3.bcapps.lt\/et\/produktas\/medziu-skaldymo-kugis-300-mm\/","title":{"rendered":"Puidu l\u00f5hkumise koonus 300 mm"},"content":{"rendered":"<p>Kruvipuur &#8211; koonus<br \/>\nK\u00e4ndude v\u00f5i palkide l\u00f5hkumiseks<br \/>\nL\u00e4bim\u00f5\u00f5t 300 mm<br \/>\nV\u00f5lli t\u00fc\u00fcp 75 mm kandiline  <\/p>\n","protected":false},"excerpt":{"rendered":"<p>Hind ilma k\u00e4ibemaksuta<\/p>\n<p>Tootja: KSM<br \/>\nMudel:<br \/>\nHelista: <a href=\"tel:+37067607071\">+37067607071<\/a><br \/>\nKontakt: <a href=\"mailto:sles@kasima3.bcapps.lt\">sales@kasima3.bcapps.lt<\/a><\/p>\n","protected":false},"featured_media":23873,"template":"","meta":{"_et_pb_use_builder":"","_et_pb_old_content":"","_et_gb_content_width":""},"product_brand":[],"product_cat":[165,234,197,184,433],"product_tag":[],"class_list":{"0":"post-23807","1":"product","2":"type-product","3":"status-publish","4":"has-post-thumbnail","6":"product_cat-uus","7":"product_cat-muud-lisaseadmed","8":"product_cat-traktor","9":"product_cat-palgilohkujad","10":"product_cat-pollumajandus-varuosade","12":"first","13":"instock","14":"taxable","15":"shipping-taxable","16":"purchasable","17":"product-type-simple"},"_links":{"self":[{"href":"https:\/\/kasima3.bcapps.lt\/et\/wp-json\/wp\/v2\/product\/23807","targetHints":{"allow":["GET"]}}],"collection":[{"href":"https:\/\/kasima3.bcapps.lt\/et\/wp-json\/wp\/v2\/product"}],"about":[{"href":"https:\/\/kasima3.bcapps.lt\/et\/wp-json\/wp\/v2\/types\/product"}],"wp:featuredmedia":[{"embeddable":true,"href":"https:\/\/kasima3.bcapps.lt\/et\/wp-json\/wp\/v2\/media\/23873"}],"wp:attachment":[{"href":"https:\/\/kasima3.bcapps.lt\/et\/wp-json\/wp\/v2\/media?parent=23807"}],"wp:term":[{"taxonomy":"product_brand","embeddable":true,"href":"https:\/\/kasima3.bcapps.lt\/et\/wp-json\/wp\/v2\/product_brand?post=23807"},{"taxonomy":"product_cat","embeddable":true,"href":"https:\/\/kasima3.bcapps.lt\/et\/wp-json\/wp\/v2\/product_cat?post=23807"},{"taxonomy":"product_tag","embeddable":true,"href":"https:\/\/kasima3.bcapps.lt\/et\/wp-json\/wp\/v2\/product_tag?post=23807"}],"curies":[{"name":"wp","href":"https:\/\/api.w.org\/{rel}","templated":true}]}}