{"id":24844,"date":"2024-07-26T05:58:29","date_gmt":"2024-07-26T05:58:29","guid":{"rendered":"https:\/\/kasima.lt\/produktas\/daewoo-doosan-de12tia-variklio-detales\/"},"modified":"2025-10-29T08:32:18","modified_gmt":"2025-10-29T08:32:18","slug":"daewoo-doosan-de12tia-variklio-detales","status":"publish","type":"product","link":"https:\/\/kasima3.bcapps.lt\/et\/produktas\/daewoo-doosan-de12tia-variklio-detales\/","title":{"rendered":"Daewoo Doosan DE12TIA mootori osad"},"content":{"rendered":"<p>Daewoo Doosan DE12TIA mootori osad<br \/>Valmistusaasta 2001m <br \/>Daewoo Mega 400V<br \/>Nr.D2366 700463ED<br \/>\u00dcksikasjalikuma teabe saamiseks varuosade kohta v\u00f5tke meiega \u00fchendust telefoni v\u00f5i e-posti teel.<\/p>\n","protected":false},"excerpt":{"rendered":"<p>Hind ilma k\u00e4ibemaksuta<\/p>\n<p>Tootja: DAEWOO<br \/>Mudel: KND0035<br \/>Helista: <a href=\"tel:+37060842988\">+37060842988<\/a><br \/>E-post: <a href=\"mailto:usedparts@kasima3.bcapps.lt\">usedparts@kasima3.bcapps.lt<\/a><\/p>\n","protected":false},"featured_media":24840,"template":"","meta":{"_et_pb_use_builder":"","_et_pb_old_content":"","_et_gb_content_width":""},"product_brand":[],"product_cat":[428,319,431],"product_tag":[],"class_list":{"0":"post-24844","1":"product","2":"type-product","3":"status-publish","4":"has-post-thumbnail","6":"product_cat-muud-varuosade","7":"product_cat-kasutatud-varuosade","8":"product_cat-ehitusmasinad-varuosade","10":"first","11":"instock","12":"taxable","13":"shipping-taxable","14":"purchasable","15":"product-type-simple"},"_links":{"self":[{"href":"https:\/\/kasima3.bcapps.lt\/et\/wp-json\/wp\/v2\/product\/24844","targetHints":{"allow":["GET"]}}],"collection":[{"href":"https:\/\/kasima3.bcapps.lt\/et\/wp-json\/wp\/v2\/product"}],"about":[{"href":"https:\/\/kasima3.bcapps.lt\/et\/wp-json\/wp\/v2\/types\/product"}],"wp:featuredmedia":[{"embeddable":true,"href":"https:\/\/kasima3.bcapps.lt\/et\/wp-json\/wp\/v2\/media\/24840"}],"wp:attachment":[{"href":"https:\/\/kasima3.bcapps.lt\/et\/wp-json\/wp\/v2\/media?parent=24844"}],"wp:term":[{"taxonomy":"product_brand","embeddable":true,"href":"https:\/\/kasima3.bcapps.lt\/et\/wp-json\/wp\/v2\/product_brand?post=24844"},{"taxonomy":"product_cat","embeddable":true,"href":"https:\/\/kasima3.bcapps.lt\/et\/wp-json\/wp\/v2\/product_cat?post=24844"},{"taxonomy":"product_tag","embeddable":true,"href":"https:\/\/kasima3.bcapps.lt\/et\/wp-json\/wp\/v2\/product_tag?post=24844"}],"curies":[{"name":"wp","href":"https:\/\/api.w.org\/{rel}","templated":true}]}}