{"id":25247,"date":"2024-08-02T08:28:44","date_gmt":"2024-08-02T08:28:44","guid":{"rendered":"https:\/\/kasima.lt\/produktas\/atlas-1604-deutz-bf6m2012c-variklis\/"},"modified":"2025-10-29T08:32:22","modified_gmt":"2025-10-29T08:32:22","slug":"atlas-1604-deutz-bf6m2012c-variklis","status":"publish","type":"product","link":"https:\/\/kasima3.bcapps.lt\/et\/produktas\/atlas-1604-deutz-bf6m2012c-variklis\/","title":{"rendered":"Atlas 1604 Deutz BF6M2012C mootor"},"content":{"rendered":"<p>Kasutatud Atlas 1604 mootor (BF6M2012C)<br \/>Pakume kasutatud Deutz BF6M2012C mootorit, mis on p\u00e4rit Atlas 1604 ekskavaatorist. See mootor on tuntud oma t\u00f6\u00f6kindluse ja j\u00f5udluse poolest, mis muudab selle ideaalseks asendusmootoriks raskete ehitusseadmete jaoks.<br \/>Peamised omadused:<br \/>Mudel: Deutz BF6M2012C<br \/>Aasta: 2003<br \/>Mootori v\u00f5imsus: 162HP\/121kW<br \/>2200RPM<br \/>6.0057Ltr<br \/>Seisund: Kasutatud, t\u00e4iesti t\u00f6\u00f6korras ja h\u00e4sti hooldatud.<br \/>Mootori t\u00fc\u00fcp:6-silindriline turbodiiselmootor.<br \/>V\u00f5imsus: Suure j\u00f5udlusega mootor, mis on m\u00f5eldud raskete masinate jaoks.<br \/>K\u00fctuse t\u00f5husus: K\u00fctuse kasutegur: T\u00f5hus k\u00fctusekulu, mis v\u00e4hendab tegevuskulusid.<br \/>Deutz BF6M2012C mootoriga \u00fchilduvad masinad:<br \/>Atlas 1604 &#8211; ekskavaator<br \/>Atlas 1404 &#8211; ratas- ja roomikekskavaatorid<br \/>Terex TW160 &#8211; ratastega ekskavaator<br \/>Fuchs MHL331 &#8211; materjalik\u00e4sitleja<br \/>Liebherr 900 seeria &#8211; ekskavaatorid (m\u00f5ned mudelid)<br \/>Deutz-Fahr Agrotron &#8211; p\u00f5llumajandustraktorid (erinevad mudelid)<br \/>Claas Jaguar &#8211; v\u00e4etisekoristusmasinad<br \/>Manitou MLT-seeria &#8211; teleskooplaadurid<br \/>Merlo teleskooplaadurid &#8211; erinevad mudelid<br \/>Sch\u00e4ffer Loaders &#8211; rataslaadurid<br \/>BOMAG BW seeria &#8211; rullid ja tihendajad     <iframe loading=\"lazy\" title=\"Used Atlas 1604 engine for sale\" width=\"1080\" height=\"608\" src=\"https:\/\/www.youtube.com\/embed\/ifs1InRgaoY?feature=oembed\"  allow=\"accelerometer; autoplay; clipboard-write; encrypted-media; gyroscope; picture-in-picture; web-share\" referrerpolicy=\"strict-origin-when-cross-origin\" allowfullscreen><\/iframe><\/p>\n","protected":false},"excerpt":{"rendered":"<p>Hind ilma k\u00e4ibemaksuta<\/p>\n<p>Tootja: DEUTZ<br \/>Mudel: AT16040001<br \/>Helista: <a href=\"tel:+37060842988\">+37060842988<\/a><br \/>E-post: <a href=\"mailto:usedparts@kasima3.bcapps.lt\">usedparts@kasima3.bcapps.lt<\/a><\/p>\n","protected":false},"featured_media":34638,"template":"","meta":{"_et_pb_use_builder":"","_et_pb_old_content":"","_et_gb_content_width":""},"product_brand":[],"product_cat":[485,319,431],"product_tag":[],"class_list":{"0":"post-25247","1":"product","2":"type-product","3":"status-publish","4":"has-post-thumbnail","6":"product_cat-atlase-osad","7":"product_cat-kasutatud-varuosade","8":"product_cat-ehitusmasinad-varuosade","10":"first","11":"instock","12":"taxable","13":"shipping-taxable","14":"purchasable","15":"product-type-simple"},"_links":{"self":[{"href":"https:\/\/kasima3.bcapps.lt\/et\/wp-json\/wp\/v2\/product\/25247","targetHints":{"allow":["GET"]}}],"collection":[{"href":"https:\/\/kasima3.bcapps.lt\/et\/wp-json\/wp\/v2\/product"}],"about":[{"href":"https:\/\/kasima3.bcapps.lt\/et\/wp-json\/wp\/v2\/types\/product"}],"wp:featuredmedia":[{"embeddable":true,"href":"https:\/\/kasima3.bcapps.lt\/et\/wp-json\/wp\/v2\/media\/34638"}],"wp:attachment":[{"href":"https:\/\/kasima3.bcapps.lt\/et\/wp-json\/wp\/v2\/media?parent=25247"}],"wp:term":[{"taxonomy":"product_brand","embeddable":true,"href":"https:\/\/kasima3.bcapps.lt\/et\/wp-json\/wp\/v2\/product_brand?post=25247"},{"taxonomy":"product_cat","embeddable":true,"href":"https:\/\/kasima3.bcapps.lt\/et\/wp-json\/wp\/v2\/product_cat?post=25247"},{"taxonomy":"product_tag","embeddable":true,"href":"https:\/\/kasima3.bcapps.lt\/et\/wp-json\/wp\/v2\/product_tag?post=25247"}],"curies":[{"name":"wp","href":"https:\/\/api.w.org\/{rel}","templated":true}]}}