{"id":25488,"date":"2024-08-05T12:20:54","date_gmt":"2024-08-05T12:20:54","guid":{"rendered":"https:\/\/kasima.lt\/produktas\/asfalto-freza-wirtgen-w50dc-2008\/"},"modified":"2025-10-29T08:32:23","modified_gmt":"2025-10-29T08:32:23","slug":"asfalto-freza-wirtgen-w50dc-2008","status":"publish","type":"product","link":"https:\/\/kasima3.bcapps.lt\/et\/produktas\/asfalto-freza-wirtgen-w50dc-2008\/","title":{"rendered":"Asfaldil\u00f5ikur Wirtgen W50DC, 2008"},"content":{"rendered":"<p>Ei kasutata Leedus<br \/>H\u00fcdrauliline varikatus<br \/>T\u00e4ielikult t\u00f6\u00f6korras<br \/>Uued rehvid<br \/>V\u00e4ga heas seisukorras<br \/>Freesimine 500 mm. trummel<br \/>Trummeli kastmiss\u00fcsteem<br \/>Ehitusaasta 2008<br \/>Mootor DEUTZ 92 kw<br \/>Mootori t\u00f6\u00f6tundide arv 5145. <br \/><a href=\"https:\/\/www.youtube.com\/watch?v=zOplhHnIn54t=6s\">https:\/\/www.youtube.com\/watch?v=zOplhHnIn54t=6s<\/a><\/p>\n","protected":false},"excerpt":{"rendered":"<p>Hind ilma k\u00e4ibemaksuta<\/p>\n<p>Tootja: WIRTGEN<br \/>Mudel: W50DC<br \/>Helista: <a href=\"tel:+37067607071\">+37067607071<\/a><br \/>E-post: <a href=\"mailto:sales@kasima3.bcapps.lt\">sales@kasima3.bcapps.lt<\/a><\/p>\n","protected":false},"featured_media":25364,"template":"","meta":{"_et_pb_use_builder":"","_et_pb_old_content":"","_et_gb_content_width":""},"product_brand":[],"product_cat":[196],"product_tag":[],"class_list":{"0":"post-25488","1":"product","2":"type-product","3":"status-publish","4":"has-post-thumbnail","6":"product_cat-tee-ehitusmasinad","8":"first","9":"outofstock","10":"taxable","11":"shipping-taxable","12":"product-type-simple"},"_links":{"self":[{"href":"https:\/\/kasima3.bcapps.lt\/et\/wp-json\/wp\/v2\/product\/25488","targetHints":{"allow":["GET"]}}],"collection":[{"href":"https:\/\/kasima3.bcapps.lt\/et\/wp-json\/wp\/v2\/product"}],"about":[{"href":"https:\/\/kasima3.bcapps.lt\/et\/wp-json\/wp\/v2\/types\/product"}],"wp:featuredmedia":[{"embeddable":true,"href":"https:\/\/kasima3.bcapps.lt\/et\/wp-json\/wp\/v2\/media\/25364"}],"wp:attachment":[{"href":"https:\/\/kasima3.bcapps.lt\/et\/wp-json\/wp\/v2\/media?parent=25488"}],"wp:term":[{"taxonomy":"product_brand","embeddable":true,"href":"https:\/\/kasima3.bcapps.lt\/et\/wp-json\/wp\/v2\/product_brand?post=25488"},{"taxonomy":"product_cat","embeddable":true,"href":"https:\/\/kasima3.bcapps.lt\/et\/wp-json\/wp\/v2\/product_cat?post=25488"},{"taxonomy":"product_tag","embeddable":true,"href":"https:\/\/kasima3.bcapps.lt\/et\/wp-json\/wp\/v2\/product_tag?post=25488"}],"curies":[{"name":"wp","href":"https:\/\/api.w.org\/{rel}","templated":true}]}}