{"id":26237,"date":"2024-08-20T06:51:41","date_gmt":"2024-08-20T06:51:41","guid":{"rendered":"https:\/\/kasima.lt\/produktas\/john-deere-prailgintos-jungties-diskai-su-padangom\/"},"modified":"2025-10-29T08:32:27","modified_gmt":"2025-10-29T08:32:27","slug":"john-deere-prailgintos-jungties-diskai-su-padangom","status":"publish","type":"product","link":"https:\/\/kasima3.bcapps.lt\/et\/produktas\/john-deere-prailgintos-jungties-diskai-su-padangom\/","title":{"rendered":"John Deere laiendatud liigendkettad koos rehvidega"},"content":{"rendered":"<p>John Deere laiendatud \u00fchenduskettad koos rehvidega<br \/>Sobib John Deere 6910S traktoritele<br \/>Kasutatud rehvid Taurus Point8<br \/>Rehvi l\u00e4bim\u00f5\u00f5t 20.8 R38<br \/>T\u00e4iendavad kruvid puuduvad<br \/>Hind on komplekti eest.<\/p>\n","protected":false},"excerpt":{"rendered":"<p>Hind ilma k\u00e4ibemaksuta<\/p>\n<p>Tootja: JOHN DEERE<br \/>Mudel: Taurus Point8<br \/>Helista: <a href=\"tel:+37067607071\">+37067607071<\/a><br \/>E-post: <a href=\"mailto:sales@kasima3.bcapps.lt\">sales@kasima3.bcapps.lt<\/a><\/p>\n","protected":false},"featured_media":26208,"template":"","meta":{"_et_pb_use_builder":"","_et_pb_old_content":"","_et_gb_content_width":""},"product_brand":[],"product_cat":[427,319,433],"product_tag":[],"class_list":{"0":"post-26237","1":"product","2":"type-product","3":"status-publish","4":"has-post-thumbnail","6":"product_cat-john-deere-varuosade","7":"product_cat-kasutatud-varuosade","8":"product_cat-pollumajandus-varuosade","10":"first","11":"instock","12":"taxable","13":"shipping-taxable","14":"purchasable","15":"product-type-simple"},"_links":{"self":[{"href":"https:\/\/kasima3.bcapps.lt\/et\/wp-json\/wp\/v2\/product\/26237","targetHints":{"allow":["GET"]}}],"collection":[{"href":"https:\/\/kasima3.bcapps.lt\/et\/wp-json\/wp\/v2\/product"}],"about":[{"href":"https:\/\/kasima3.bcapps.lt\/et\/wp-json\/wp\/v2\/types\/product"}],"wp:featuredmedia":[{"embeddable":true,"href":"https:\/\/kasima3.bcapps.lt\/et\/wp-json\/wp\/v2\/media\/26208"}],"wp:attachment":[{"href":"https:\/\/kasima3.bcapps.lt\/et\/wp-json\/wp\/v2\/media?parent=26237"}],"wp:term":[{"taxonomy":"product_brand","embeddable":true,"href":"https:\/\/kasima3.bcapps.lt\/et\/wp-json\/wp\/v2\/product_brand?post=26237"},{"taxonomy":"product_cat","embeddable":true,"href":"https:\/\/kasima3.bcapps.lt\/et\/wp-json\/wp\/v2\/product_cat?post=26237"},{"taxonomy":"product_tag","embeddable":true,"href":"https:\/\/kasima3.bcapps.lt\/et\/wp-json\/wp\/v2\/product_tag?post=26237"}],"curies":[{"name":"wp","href":"https:\/\/api.w.org\/{rel}","templated":true}]}}