{"id":27272,"date":"2024-09-03T08:38:37","date_gmt":"2024-09-03T08:38:37","guid":{"rendered":"https:\/\/kasima.lt\/produktas\/cnf-swp180-punktharja-luuda\/"},"modified":"2025-10-29T08:32:36","modified_gmt":"2025-10-29T08:32:36","slug":"cnf-swp180-punktharja-luuda","status":"publish","type":"product","link":"https:\/\/kasima3.bcapps.lt\/et\/produktas\/cnf-swp180-punktharja-luuda\/","title":{"rendered":"Punkriga p\u00fchkimishari CNF SWP180"},"content":{"rendered":"<p>Valmistatud Itaalias<br \/>Tootja garantii<br \/>Punkri harja laius 1825 mm.<br \/>Kaal 410 kg.<br \/>Harja segmentide l\u00e4bim\u00f5\u00f5t 560 mm.<br \/>Punkri maht 475 l.<br \/>Minimaalne \u2013 maksimaalne h\u00fcdro\u00f5li vooluhulk 40 \u2013 100 ltr\/min.<br \/>HARDOX kahepoolne poltidega tera<br \/>Keti \u00fclekanne<br \/>H\u00fcdraulika voolikud ja otsikud<br \/>Esi- ja k\u00fclgmised kummist kaitsed<br \/>Eesmine punkri kaitse<br \/>T\u00f5stek\u00f5rvad<br \/>Sobib enamiku v\u00e4ikelaadurite t\u00fc\u00fcpide jaoks. <\/p>\n","protected":false},"excerpt":{"rendered":"<p>Hind ilma k\u00e4ibemaksuta<\/p>\n<p>Tootja: CNF<br \/>Mudel: SWP180<br \/>Helista: <a href=\"tel:+37067607071\">+37067607071<\/a><br \/>E-post: <a href=\"mailto:sales@kasima3.bcapps.lt\">sales@kasima3.bcapps.lt<\/a><\/p>\n","protected":false},"featured_media":27237,"template":"","meta":{"_et_pb_use_builder":"","_et_pb_old_content":"","_et_gb_content_width":""},"product_brand":[],"product_cat":[159,161,165,290,156],"product_tag":[],"class_list":{"0":"post-27272","1":"product","2":"type-product","3":"status-publish","4":"has-post-thumbnail","6":"product_cat-15-3-tonni","7":"product_cat-3-5-tonni","8":"product_cat-uus","9":"product_cat-hudrauliline-puhkimishari","10":"product_cat-minilaadur","12":"first","13":"instock","14":"taxable","15":"shipping-taxable","16":"purchasable","17":"product-type-simple"},"_links":{"self":[{"href":"https:\/\/kasima3.bcapps.lt\/et\/wp-json\/wp\/v2\/product\/27272","targetHints":{"allow":["GET"]}}],"collection":[{"href":"https:\/\/kasima3.bcapps.lt\/et\/wp-json\/wp\/v2\/product"}],"about":[{"href":"https:\/\/kasima3.bcapps.lt\/et\/wp-json\/wp\/v2\/types\/product"}],"wp:featuredmedia":[{"embeddable":true,"href":"https:\/\/kasima3.bcapps.lt\/et\/wp-json\/wp\/v2\/media\/27237"}],"wp:attachment":[{"href":"https:\/\/kasima3.bcapps.lt\/et\/wp-json\/wp\/v2\/media?parent=27272"}],"wp:term":[{"taxonomy":"product_brand","embeddable":true,"href":"https:\/\/kasima3.bcapps.lt\/et\/wp-json\/wp\/v2\/product_brand?post=27272"},{"taxonomy":"product_cat","embeddable":true,"href":"https:\/\/kasima3.bcapps.lt\/et\/wp-json\/wp\/v2\/product_cat?post=27272"},{"taxonomy":"product_tag","embeddable":true,"href":"https:\/\/kasima3.bcapps.lt\/et\/wp-json\/wp\/v2\/product_tag?post=27272"}],"curies":[{"name":"wp","href":"https:\/\/api.w.org\/{rel}","templated":true}]}}