{"id":27730,"date":"2024-09-10T05:59:16","date_gmt":"2024-09-10T05:59:16","guid":{"rendered":"https:\/\/kasima.lt\/produktas\/raskeveokite-kasutatud-radiaatorid\/"},"modified":"2025-10-29T08:32:46","modified_gmt":"2025-10-29T08:32:46","slug":"raskeveokite-kasutatud-radiaatorid","status":"publish","type":"product","link":"https:\/\/kasima3.bcapps.lt\/et\/produktas\/raskeveokite-kasutatud-radiaatorid\/","title":{"rendered":"Raskeveokite kasutatud radiaatorid"},"content":{"rendered":"<p>Kasutatud radiaatorid raskeveokitele<br \/>Sobib harvesteritele ja muudele suurematele masinatele <\/p>\n<p>\u00dclemiste radiaatorite m\u00f5\u00f5tmed:<br \/>Pikkus 149cm <br \/>K\u00f5rgus 69cm<br \/>Laius 14cm <\/p>\n<p>Alumiste radiaatorite m\u00f5\u00f5tmed:<br \/>Pikkus 149cm <br \/>K\u00f5rgus 72cm<br \/>Laius 16cm <\/p>\n","protected":false},"excerpt":{"rendered":"<p>Hind ilma k\u00e4ibemaksuta<\/p>\n<p>Tootja: N\/A<br \/>Mudel: KND0058<br \/>Helista: <a href=\"tel:+37060842988\">+37060842988<\/a><br \/>E-post: <a href=\"mailto:usedparts@kasima3.bcapps.lt\">usedparts@kasima3.bcapps.lt<\/a><\/p>\n","protected":false},"featured_media":27720,"template":"","meta":{"_et_pb_use_builder":"","_et_pb_old_content":"","_et_gb_content_width":""},"product_brand":[],"product_cat":[319,431,433],"product_tag":[],"class_list":{"0":"post-27730","1":"product","2":"type-product","3":"status-publish","4":"has-post-thumbnail","6":"product_cat-kasutatud-varuosade","7":"product_cat-ehitusmasinad-varuosade","8":"product_cat-pollumajandus-varuosade","10":"first","11":"instock","12":"taxable","13":"shipping-taxable","14":"product-type-simple"},"_links":{"self":[{"href":"https:\/\/kasima3.bcapps.lt\/et\/wp-json\/wp\/v2\/product\/27730","targetHints":{"allow":["GET"]}}],"collection":[{"href":"https:\/\/kasima3.bcapps.lt\/et\/wp-json\/wp\/v2\/product"}],"about":[{"href":"https:\/\/kasima3.bcapps.lt\/et\/wp-json\/wp\/v2\/types\/product"}],"wp:featuredmedia":[{"embeddable":true,"href":"https:\/\/kasima3.bcapps.lt\/et\/wp-json\/wp\/v2\/media\/27720"}],"wp:attachment":[{"href":"https:\/\/kasima3.bcapps.lt\/et\/wp-json\/wp\/v2\/media?parent=27730"}],"wp:term":[{"taxonomy":"product_brand","embeddable":true,"href":"https:\/\/kasima3.bcapps.lt\/et\/wp-json\/wp\/v2\/product_brand?post=27730"},{"taxonomy":"product_cat","embeddable":true,"href":"https:\/\/kasima3.bcapps.lt\/et\/wp-json\/wp\/v2\/product_cat?post=27730"},{"taxonomy":"product_tag","embeddable":true,"href":"https:\/\/kasima3.bcapps.lt\/et\/wp-json\/wp\/v2\/product_tag?post=27730"}],"curies":[{"name":"wp","href":"https:\/\/api.w.org\/{rel}","templated":true}]}}