{"id":27882,"date":"2024-09-12T06:52:03","date_gmt":"2024-09-12T06:52:03","guid":{"rendered":"https:\/\/kasima.lt\/produktas\/miniekskavaatorite-kasutatud-kummiroopad\/"},"modified":"2025-10-29T08:32:47","modified_gmt":"2025-10-29T08:32:47","slug":"miniekskavaatorite-kasutatud-kummiroopad","status":"publish","type":"product","link":"https:\/\/kasima3.bcapps.lt\/et\/produktas\/miniekskavaatorite-kasutatud-kummiroopad\/","title":{"rendered":"Miniekskavaatorite kasutatud kummir\u00f6\u00f6pad"},"content":{"rendered":"<p>Miniekskavaatorite kasutatud kummir\u00f6\u00f6pad<br \/>2 \u00fchikut Takeuchi r\u00f6\u00f6pad:<br \/>230x48x68<br \/>19140-80500<br \/>N-901<br \/>AADN5016<br \/>\u00dcks Vulcan r\u00f6\u00f6pad:<br \/>230x96x32<\/p>\n","protected":false},"excerpt":{"rendered":"<p>Hind ilma k\u00e4ibemaksuta<\/p>\n<p>Tootja: TAKEUCHI, VULCAN<br \/>Mudel: KND0064<br \/>Helista: <a href=\"tel:+37060842988\">+37060842988<\/a><br \/>E-post: <a href=\"mailto:usedparts@kasima3.bcapps.lt\">usedparts@kasima3.bcapps.lt<\/a><\/p>\n","protected":false},"featured_media":27862,"template":"","meta":{"_et_pb_use_builder":"","_et_pb_old_content":"","_et_gb_content_width":""},"product_brand":[],"product_cat":[319,431],"product_tag":[],"class_list":{"0":"post-27882","1":"product","2":"type-product","3":"status-publish","4":"has-post-thumbnail","6":"product_cat-kasutatud-varuosade","7":"product_cat-ehitusmasinad-varuosade","9":"first","10":"instock","11":"taxable","12":"shipping-taxable","13":"purchasable","14":"product-type-simple"},"_links":{"self":[{"href":"https:\/\/kasima3.bcapps.lt\/et\/wp-json\/wp\/v2\/product\/27882","targetHints":{"allow":["GET"]}}],"collection":[{"href":"https:\/\/kasima3.bcapps.lt\/et\/wp-json\/wp\/v2\/product"}],"about":[{"href":"https:\/\/kasima3.bcapps.lt\/et\/wp-json\/wp\/v2\/types\/product"}],"wp:featuredmedia":[{"embeddable":true,"href":"https:\/\/kasima3.bcapps.lt\/et\/wp-json\/wp\/v2\/media\/27862"}],"wp:attachment":[{"href":"https:\/\/kasima3.bcapps.lt\/et\/wp-json\/wp\/v2\/media?parent=27882"}],"wp:term":[{"taxonomy":"product_brand","embeddable":true,"href":"https:\/\/kasima3.bcapps.lt\/et\/wp-json\/wp\/v2\/product_brand?post=27882"},{"taxonomy":"product_cat","embeddable":true,"href":"https:\/\/kasima3.bcapps.lt\/et\/wp-json\/wp\/v2\/product_cat?post=27882"},{"taxonomy":"product_tag","embeddable":true,"href":"https:\/\/kasima3.bcapps.lt\/et\/wp-json\/wp\/v2\/product_tag?post=27882"}],"curies":[{"name":"wp","href":"https:\/\/api.w.org\/{rel}","templated":true}]}}