{"id":28087,"date":"2024-09-13T11:41:07","date_gmt":"2024-09-13T11:41:07","guid":{"rendered":"https:\/\/kasima.lt\/produktas\/teleskooplaadur-manitou-mt1337-mono-ultra\/"},"modified":"2025-10-29T08:32:47","modified_gmt":"2025-10-29T08:32:47","slug":"teleskooplaadur-manitou-mt1337-mono-ultra","status":"publish","type":"product","link":"https:\/\/kasima3.bcapps.lt\/et\/produktas\/teleskooplaadur-manitou-mt1337-mono-ultra\/","title":{"rendered":"Teleskooplaadur Manitou MT1337 Mono Ultra"},"content":{"rendered":"<p>Leedus ei kasutata<br \/>T\u00f5stek\u00f5rgus 13 meetrit<br \/>T\u00f5stev\u00f5ime 3700 kg. <br \/>Mootor PERKINS 73 kw.<br \/>Kaasa arvatud kopp ja kaubaaluste kahvlid <br \/>Heas seisukorras, k\u00f5ik t\u00f6\u00f6tab.<\/p>\n<p><iframe loading=\"lazy\" title=\"Manitou MT 1737 SLT MONO ULTRA 2001\" width=\"1080\" height=\"608\" src=\"https:\/\/www.youtube.com\/embed\/tFgaFw8ZIDg?feature=oembed\"  allow=\"accelerometer; autoplay; clipboard-write; encrypted-media; gyroscope; picture-in-picture; web-share\" referrerpolicy=\"strict-origin-when-cross-origin\" allowfullscreen><\/iframe>  <\/p>\n","protected":false},"excerpt":{"rendered":"<p>Hind ilma k\u00e4ibemaksuta<\/p>\n<p>Tootja: Manitou<br \/>Mudel: MT1337 SLT Mono Ultra<br \/>Helista: <a href=\"tel:+37067607071\">+37067607071<\/a><br \/>E-post: <a href=\"mailto:sales@kasima3.bcapps.lt\">sales@kasima3.bcapps.lt<\/a><\/p>\n","protected":false},"featured_media":27912,"template":"","meta":{"_et_pb_use_builder":"","_et_pb_old_content":"","_et_gb_content_width":""},"product_brand":[],"product_cat":[147,148],"product_tag":[],"class_list":{"0":"post-28087","1":"product","2":"type-product","3":"status-publish","4":"has-post-thumbnail","6":"product_cat-ehitus","7":"product_cat-muud-masinad","9":"first","10":"instock","11":"taxable","12":"shipping-taxable","13":"product-type-simple"},"_links":{"self":[{"href":"https:\/\/kasima3.bcapps.lt\/et\/wp-json\/wp\/v2\/product\/28087","targetHints":{"allow":["GET"]}}],"collection":[{"href":"https:\/\/kasima3.bcapps.lt\/et\/wp-json\/wp\/v2\/product"}],"about":[{"href":"https:\/\/kasima3.bcapps.lt\/et\/wp-json\/wp\/v2\/types\/product"}],"wp:featuredmedia":[{"embeddable":true,"href":"https:\/\/kasima3.bcapps.lt\/et\/wp-json\/wp\/v2\/media\/27912"}],"wp:attachment":[{"href":"https:\/\/kasima3.bcapps.lt\/et\/wp-json\/wp\/v2\/media?parent=28087"}],"wp:term":[{"taxonomy":"product_brand","embeddable":true,"href":"https:\/\/kasima3.bcapps.lt\/et\/wp-json\/wp\/v2\/product_brand?post=28087"},{"taxonomy":"product_cat","embeddable":true,"href":"https:\/\/kasima3.bcapps.lt\/et\/wp-json\/wp\/v2\/product_cat?post=28087"},{"taxonomy":"product_tag","embeddable":true,"href":"https:\/\/kasima3.bcapps.lt\/et\/wp-json\/wp\/v2\/product_tag?post=28087"}],"curies":[{"name":"wp","href":"https:\/\/api.w.org\/{rel}","templated":true}]}}