{"id":29319,"date":"2024-10-01T11:29:52","date_gmt":"2024-10-01T11:29:52","guid":{"rendered":"https:\/\/kasima.lt\/produktas\/volvo-ec210blc-detales\/"},"modified":"2025-10-29T08:32:56","modified_gmt":"2025-10-29T08:32:56","slug":"volvo-ec210blc-detales","status":"publish","type":"product","link":"https:\/\/kasima3.bcapps.lt\/et\/produktas\/volvo-ec210blc-detales\/","title":{"rendered":"Volvo EC210BLC osad"},"content":{"rendered":"<p>M\u00fc\u00fca Volvo EC210BLC ekskavaator osade kaupa. See masin on varustatud v\u00f5imsa Volvo D6D EFE2 mootoriga, mis on tuntud oma suure j\u00f5udluse ja t\u00f6\u00f6kindluse poolest rasketes t\u00f6\u00f6des. Ekskavaator on t\u00e4ielikus t\u00f6\u00f6korras, mist\u00f5ttu on see suurep\u00e4rane allikas ehtsate Volvo varuosade jaoks.<br \/>Mudel: Volvo EC210BLC<br \/>Mootor: Volvo D6D EFE2 (diisel, vastupidav ja k\u00fctuses\u00e4\u00e4stlik).<br \/>Seisukord: Puudub: K\u00f5ik osad t\u00f6\u00f6korras<br \/>Olemasolevad komponendid:<br \/>Volvo D6D EFE2 mootor (sujuv, tugev j\u00f5udlus).<br \/>H\u00fcdraulikas\u00fcsteem (t\u00e4ielikult toimiv, ei leki)<br \/>H\u00fcdraulika pump : Kawasaki K3V112DT-1XER-9N24-2<br \/>Roomikud ja alusvanker (minimaalne kulumine, kasutusvalmis)<br \/>Poom, varras ja kopp (suurep\u00e4rases seisukorras)<br \/>Kabiin koos juhtimisseadmetega (puhas ja t\u00f6\u00f6korras)<br \/>Elektri- ja jahutuss\u00fcsteemid<br \/>See on suurep\u00e4rane v\u00f5imalus t\u00f6\u00f6v\u00f5tjatele, mehaanikutele v\u00f5i varuosade edasim\u00fc\u00fcjatele, kes otsivad kvaliteetseid Volvo varuosi, eriti D6D mootori komponente. Ideaalne k\u00f5igile, kes otsivad Volvo ekskavaatorite usaldusv\u00e4\u00e4rseid ja kuluefektiivseid varuosi.<br \/>Volvo EC210BLC varuosad m\u00fc\u00fcgiks<br \/>Volvo D6D EFE2 mootor m\u00fc\u00fcgiks<br \/>Kasutatud Volvo ekskavaatori osad<br \/>Volvo h\u00fcdros\u00fcsteemi osad<br \/>M\u00fc\u00fca ekskavaatorite aluskonstruktsioonid<br \/>Ehtsad kasutatud Volvo osad<br \/>D6D mootori osad Volvo<br \/>Taskukohased Volvo varuosad<br \/>Tootja v\u00f5tmeosade koodid :<br \/>VOE14519203<br \/>VOE14528733<br \/>VOE14533651<br \/>VOE14516445<br \/>VOE14541068<br \/>SA1146-00062<br \/>VOE14563328<br \/>VOE14532821<br \/>SA 1142-00012<br \/>VOE14595621<br \/>VOE14531855<br \/>V\u00f5tke meiega kohe \u00fchendust hinnakujunduse, osade saadavuse ja tarnev\u00f5imaluste kohta!<br \/><iframe loading=\"lazy\" title=\"Volvo EC210BLC used parts for sale\" width=\"1080\" height=\"608\" src=\"https:\/\/www.youtube.com\/embed\/pS3czaCoRsI?feature=oembed\"  allow=\"accelerometer; autoplay; clipboard-write; encrypted-media; gyroscope; picture-in-picture; web-share\" referrerpolicy=\"strict-origin-when-cross-origin\" allowfullscreen><\/iframe>       <\/p>\n","protected":false},"excerpt":{"rendered":"<p>Hind ilma k\u00e4ibemaksuta<\/p>\n<p>Tootja: VOLVO<br \/>Mudel: EC210BLC<br \/>Helista meile: <a href=\"tel:+37060842988\">+37060842988<\/a><br \/>E-post: <a href=\"mailto:usedparts@kasima3.bcapps.lt\">usedparts@kasima3.bcapps.lt<\/a><\/p>\n","protected":false},"featured_media":29260,"template":"","meta":{"_et_pb_use_builder":"","_et_pb_old_content":"","_et_gb_content_width":""},"product_brand":[],"product_cat":[397,319,431],"product_tag":[],"class_list":{"0":"post-29319","1":"product","2":"type-product","3":"status-publish","4":"has-post-thumbnail","6":"product_cat-volvo-varuosade","7":"product_cat-kasutatud-varuosade","8":"product_cat-ehitusmasinad-varuosade","10":"first","11":"instock","12":"taxable","13":"shipping-taxable","14":"product-type-simple"},"_links":{"self":[{"href":"https:\/\/kasima3.bcapps.lt\/et\/wp-json\/wp\/v2\/product\/29319","targetHints":{"allow":["GET"]}}],"collection":[{"href":"https:\/\/kasima3.bcapps.lt\/et\/wp-json\/wp\/v2\/product"}],"about":[{"href":"https:\/\/kasima3.bcapps.lt\/et\/wp-json\/wp\/v2\/types\/product"}],"wp:featuredmedia":[{"embeddable":true,"href":"https:\/\/kasima3.bcapps.lt\/et\/wp-json\/wp\/v2\/media\/29260"}],"wp:attachment":[{"href":"https:\/\/kasima3.bcapps.lt\/et\/wp-json\/wp\/v2\/media?parent=29319"}],"wp:term":[{"taxonomy":"product_brand","embeddable":true,"href":"https:\/\/kasima3.bcapps.lt\/et\/wp-json\/wp\/v2\/product_brand?post=29319"},{"taxonomy":"product_cat","embeddable":true,"href":"https:\/\/kasima3.bcapps.lt\/et\/wp-json\/wp\/v2\/product_cat?post=29319"},{"taxonomy":"product_tag","embeddable":true,"href":"https:\/\/kasima3.bcapps.lt\/et\/wp-json\/wp\/v2\/product_tag?post=29319"}],"curies":[{"name":"wp","href":"https:\/\/api.w.org\/{rel}","templated":true}]}}