{"id":29355,"date":"2024-10-02T12:46:41","date_gmt":"2024-10-02T12:46:41","guid":{"rendered":"https:\/\/kasima.lt\/produktas\/wifo-sniego-stumdytuvas\/"},"modified":"2025-10-29T08:32:56","modified_gmt":"2025-10-29T08:32:56","slug":"wifo-sniego-stumdytuvas","status":"publish","type":"product","link":"https:\/\/kasima3.bcapps.lt\/et\/produktas\/wifo-sniego-stumdytuvas\/","title":{"rendered":"Wifo Lume t\u00f5ukur"},"content":{"rendered":"<p>Wifo lume t\u00f5ukurr h\u00fcdraulilise tera p\u00f6\u00f6rlemisega<br \/>Laius 2000mm<br \/>K\u00f5rgus 550mm<\/p>\n","protected":false},"excerpt":{"rendered":"<p>Hind ilma k\u00e4ibemaksuta<\/p>\n<p>Tootmine:N\/A<br \/>Mudel:KSM0066<br \/>Helista:<a href=\"tel:+37060842988\">+37060842988<\/a><br \/>E-post:<a href=\"mailto:usedparts@kasima3.bcapps.lt\"> usedparts@kasima3.bcapps.lt<\/a><\/p>\n","protected":false},"featured_media":29336,"template":"","meta":{"_et_pb_use_builder":"","_et_pb_old_content":"","_et_gb_content_width":""},"product_brand":[],"product_cat":[214,234],"product_tag":[],"class_list":{"0":"post-29355","1":"product","2":"type-product","3":"status-publish","4":"has-post-thumbnail","6":"product_cat-kasutatud","7":"product_cat-muud-lisaseadmed","9":"first","10":"instock","11":"taxable","12":"shipping-taxable","13":"purchasable","14":"product-type-simple"},"_links":{"self":[{"href":"https:\/\/kasima3.bcapps.lt\/et\/wp-json\/wp\/v2\/product\/29355","targetHints":{"allow":["GET"]}}],"collection":[{"href":"https:\/\/kasima3.bcapps.lt\/et\/wp-json\/wp\/v2\/product"}],"about":[{"href":"https:\/\/kasima3.bcapps.lt\/et\/wp-json\/wp\/v2\/types\/product"}],"wp:featuredmedia":[{"embeddable":true,"href":"https:\/\/kasima3.bcapps.lt\/et\/wp-json\/wp\/v2\/media\/29336"}],"wp:attachment":[{"href":"https:\/\/kasima3.bcapps.lt\/et\/wp-json\/wp\/v2\/media?parent=29355"}],"wp:term":[{"taxonomy":"product_brand","embeddable":true,"href":"https:\/\/kasima3.bcapps.lt\/et\/wp-json\/wp\/v2\/product_brand?post=29355"},{"taxonomy":"product_cat","embeddable":true,"href":"https:\/\/kasima3.bcapps.lt\/et\/wp-json\/wp\/v2\/product_cat?post=29355"},{"taxonomy":"product_tag","embeddable":true,"href":"https:\/\/kasima3.bcapps.lt\/et\/wp-json\/wp\/v2\/product_tag?post=29355"}],"curies":[{"name":"wp","href":"https:\/\/api.w.org\/{rel}","templated":true}]}}