{"id":29456,"date":"2024-10-03T06:05:30","date_gmt":"2024-10-03T06:05:30","guid":{"rendered":"https:\/\/kasima.lt\/produktas\/naudoti-ekskavatoriu-kausai\/"},"modified":"2025-10-29T08:32:57","modified_gmt":"2025-10-29T08:32:57","slug":"naudoti-ekskavatoriu-kausai","status":"publish","type":"product","link":"https:\/\/kasima3.bcapps.lt\/et\/produktas\/naudoti-ekskavatoriu-kausai\/","title":{"rendered":"Kasutatud ekskavaatorite k\u00fchvlid"},"content":{"rendered":"<p>Kasutatud ekskavaatorite k\u00fchvlid<br \/>Erinevad l\u00e4bim\u00f5\u00f5dud<br \/>Lisateabe saamiseks koppade kohta helistage v\u00f5i saatke e-kiri.<\/p>\n","protected":false},"excerpt":{"rendered":"<p>Hind ilma k\u00e4ibemaksuta<\/p>\n<p>Tootja: N\/A<br \/>Mudel: KND0070<br \/>Helista meile: <a href=\"tel:+37060842988\">+37060842988<\/a><br \/>E-post: <a href=\"mailto:usedparts@kasima3.bcapps.lt\">usedparts@kasima3.bcapps.lt<\/a><\/p>\n","protected":false},"featured_media":29437,"template":"","meta":{"_et_pb_use_builder":"","_et_pb_old_content":"","_et_gb_content_width":""},"product_brand":[],"product_cat":[214,303,234,167,319,431],"product_tag":[],"class_list":{"0":"post-29456","1":"product","2":"type-product","3":"status-publish","4":"has-post-thumbnail","6":"product_cat-kasutatud","7":"product_cat-kopad","8":"product_cat-muud-lisaseadmed","9":"product_cat-ekskavaator","10":"product_cat-kasutatud-varuosade","11":"product_cat-ehitusmasinad-varuosade","13":"first","14":"instock","15":"taxable","16":"shipping-taxable","17":"product-type-simple"},"_links":{"self":[{"href":"https:\/\/kasima3.bcapps.lt\/et\/wp-json\/wp\/v2\/product\/29456","targetHints":{"allow":["GET"]}}],"collection":[{"href":"https:\/\/kasima3.bcapps.lt\/et\/wp-json\/wp\/v2\/product"}],"about":[{"href":"https:\/\/kasima3.bcapps.lt\/et\/wp-json\/wp\/v2\/types\/product"}],"wp:featuredmedia":[{"embeddable":true,"href":"https:\/\/kasima3.bcapps.lt\/et\/wp-json\/wp\/v2\/media\/29437"}],"wp:attachment":[{"href":"https:\/\/kasima3.bcapps.lt\/et\/wp-json\/wp\/v2\/media?parent=29456"}],"wp:term":[{"taxonomy":"product_brand","embeddable":true,"href":"https:\/\/kasima3.bcapps.lt\/et\/wp-json\/wp\/v2\/product_brand?post=29456"},{"taxonomy":"product_cat","embeddable":true,"href":"https:\/\/kasima3.bcapps.lt\/et\/wp-json\/wp\/v2\/product_cat?post=29456"},{"taxonomy":"product_tag","embeddable":true,"href":"https:\/\/kasima3.bcapps.lt\/et\/wp-json\/wp\/v2\/product_tag?post=29456"}],"curies":[{"name":"wp","href":"https:\/\/api.w.org\/{rel}","templated":true}]}}