{"id":30161,"date":"2024-10-15T05:53:30","date_gmt":"2024-10-15T05:53:30","guid":{"rendered":"https:\/\/kasima.lt\/produktas\/jcb-js130lc-ekskavatoriaus-dalys\/"},"modified":"2025-10-29T08:33:06","modified_gmt":"2025-10-29T08:33:06","slug":"jcb-js130lc-ekskavatoriaus-dalys","status":"publish","type":"product","link":"https:\/\/kasima3.bcapps.lt\/et\/produktas\/jcb-js130lc-ekskavatoriaus-dalys\/","title":{"rendered":"JCB JS130LC ekskavaatori osad"},"content":{"rendered":"<p>M\u00fc\u00fca JCB JS130LC ekskavaator, mida m\u00fc\u00fcakse varuosadeks. Selle masina j\u00f5uallikaks on usaldusv\u00e4\u00e4rne ISUZU BB-4BG1T mootor, mis on tuntud oma k\u00fctuses\u00e4\u00e4stlikkuse ja j\u00f5udluse poolest. Ekskavaator on t\u00e4ielikus t\u00f6\u00f6korras, mist\u00f5ttu on see suurep\u00e4rane allikas ehtsate JCB varuosade hankimiseks murdosa uute komponentide maksumusest.<br \/>Mudel: JCB JS130LC<br \/>Mootor: ISUZU BB-4BG1T (diisel, tugev ja t\u00f5hus).<br \/>Seisund: Korras: K\u00f5ik osad on suurep\u00e4rases t\u00f6\u00f6korras.<br \/>Olemasolevad komponendid:<br \/>ISUZU BB-4BG1T mootor (sujuvalt t\u00f6\u00f6tav, t\u00f5hus diisel).<br \/>H\u00fcdraulikas\u00fcsteem (t\u00e4ielikult toimiv, ei leki)<br \/>roomikud ja alusp\u00f5hi (minimaalne kulumine)<br \/>poom, varras ja kopp (kvaliteetsed, kasutusvalmis)<br \/>Kabiin koos juhtimisseadmetega (suurep\u00e4rases seisukorras, t\u00e4ielikult t\u00f6\u00f6korras)<br \/>Elektri- ja jahutuss\u00fcsteemid<br \/>See on suurep\u00e4rane v\u00f5imalus k\u00f5igile, kes soovivad osta kvaliteetseid JCB varuosi, sealhulgas ISUZU mootori ja h\u00fcdros\u00fcsteemi komponente. Sobib ideaalselt mehaanikutele, t\u00f6\u00f6v\u00f5tjatele v\u00f5i varuosade edasim\u00fc\u00fcjatele, kes vajavad usaldusv\u00e4\u00e4rseid kasutatud varuosi.<br \/>JCB JS130LC varuosad m\u00fc\u00fcgiks<br \/>M\u00fc\u00fca ISUZU BB-4BG1T mootor.<br \/>Kasutatud JCB ekskavaatori osad<br \/>JCB h\u00fcdros\u00fcsteemi osad<br \/>M\u00fc\u00fca ekskavaatorite alusvankrid<br \/>Kasutatud JCB originaalosad<br \/>ISUZU mootori osad JCB<br \/>taskukohased JCB varuosad<br \/>Tootmisvaruosade koodid:<br \/>332\/K6848<br \/>17\/923100<br \/>34\/L0319<br \/>20\/925461<br \/>332\/E5680<br \/>332\/K8067<br \/>45\/920062<br \/>30\/926180<br \/>331\/17715<br \/>332\/K5380<br \/>332\/K5378<br \/>335\/03322<br \/>01\/145302<br \/>333\/J9380<br \/>25\/222656<br \/>25\/223653<br \/>25\/221159<br \/>V\u00f5tke meiega \u00fchendust, et saada lisateavet, hindu ja tarnev\u00f5imalusi!<br \/><iframe loading=\"lazy\" title=\"JCB JS130LC used parts for sale\" width=\"1080\" height=\"608\" src=\"https:\/\/www.youtube.com\/embed\/ZqJcMv6Gxcw?feature=oembed\"  allow=\"accelerometer; autoplay; clipboard-write; encrypted-media; gyroscope; picture-in-picture; web-share\" referrerpolicy=\"strict-origin-when-cross-origin\" allowfullscreen><\/iframe>      <\/p>\n","protected":false},"excerpt":{"rendered":"<p>Hind ilma k\u00e4ibemaksuta<\/p>\n<p>Tootja: JCB<br \/>Mudel: JS130LC<br \/>Helista meile: <a href=\"tel:+37060842988\">+37060842988<\/a><br \/>E-post: <a href=\"mailto:usedparts@kasima3.bcapps.lt\">usedparts@kasima3.bcapps.lt<\/a><\/p>\n","protected":false},"featured_media":30167,"template":"","meta":{"_et_pb_use_builder":"","_et_pb_old_content":"","_et_gb_content_width":""},"product_brand":[],"product_cat":[426,319,431],"product_tag":[],"class_list":{"0":"post-30161","1":"product","2":"type-product","3":"status-publish","4":"has-post-thumbnail","6":"product_cat-jcb-varuosade","7":"product_cat-kasutatud-varuosade","8":"product_cat-ehitusmasinad-varuosade","10":"first","11":"instock","12":"taxable","13":"shipping-taxable","14":"product-type-simple"},"_links":{"self":[{"href":"https:\/\/kasima3.bcapps.lt\/et\/wp-json\/wp\/v2\/product\/30161","targetHints":{"allow":["GET"]}}],"collection":[{"href":"https:\/\/kasima3.bcapps.lt\/et\/wp-json\/wp\/v2\/product"}],"about":[{"href":"https:\/\/kasima3.bcapps.lt\/et\/wp-json\/wp\/v2\/types\/product"}],"wp:featuredmedia":[{"embeddable":true,"href":"https:\/\/kasima3.bcapps.lt\/et\/wp-json\/wp\/v2\/media\/30167"}],"wp:attachment":[{"href":"https:\/\/kasima3.bcapps.lt\/et\/wp-json\/wp\/v2\/media?parent=30161"}],"wp:term":[{"taxonomy":"product_brand","embeddable":true,"href":"https:\/\/kasima3.bcapps.lt\/et\/wp-json\/wp\/v2\/product_brand?post=30161"},{"taxonomy":"product_cat","embeddable":true,"href":"https:\/\/kasima3.bcapps.lt\/et\/wp-json\/wp\/v2\/product_cat?post=30161"},{"taxonomy":"product_tag","embeddable":true,"href":"https:\/\/kasima3.bcapps.lt\/et\/wp-json\/wp\/v2\/product_tag?post=30161"}],"curies":[{"name":"wp","href":"https:\/\/api.w.org\/{rel}","templated":true}]}}