{"id":30279,"date":"2024-10-15T07:35:16","date_gmt":"2024-10-15T07:35:16","guid":{"rendered":"https:\/\/kasima.lt\/produktas\/hidraulinis-plaktukas-ksm-attachments-ksh120\/"},"modified":"2025-10-29T08:33:06","modified_gmt":"2025-10-29T08:33:06","slug":"hidraulinis-plaktukas-ksm-attachments-ksh120","status":"publish","type":"product","link":"https:\/\/kasima3.bcapps.lt\/et\/produktas\/hidraulinis-plaktukas-ksm-attachments-ksh120\/","title":{"rendered":"H\u00fcdrauliline haamer KSM Attachments KSH120"},"content":{"rendered":"<p>H\u00fcdrovasara kaal: 125 kg.<br \/>T\u00f6\u00f6\u00f5li vooluhulk: 14 &#8211; 25 l\/min.<br \/>T\u00f6\u00f6\u00f5li r\u00f5hk: 80 &#8211; 120 bar.<br \/>L\u00f6\u00f6gisagedus: 500 &#8211; 1000 l\u00f6\u00f6ki minutis;<br \/>Tera l\u00e4bim\u00f5\u00f5t: 35 mm<br \/>H\u00fcdraulilise vooliku l\u00e4bim\u00f5\u00f5t: 1\/2<br \/>H\u00fcdrauliline voolik ja hooldust\u00f6\u00f6riistade komplekt kaasas.<\/p>\n<p>H\u00fcdrovasar betooni, raudbetoonkonstruktsioonide, k\u00fclmunud pinnase, asfaldi l\u00f5hkumiseks. Seda saab kasutada ka k\u00f5vade materjalide, nagu kivi v\u00f5i kivim, l\u00f5hkumiseks ja purustamiseks ning sobib v\u00e4ikeste vaiade sepistamiseks. KSH 120 purustusv\u00f5imsus on v\u00f5rreldamatu k\u00e4siveskiga ja teeb t\u00f6\u00f6 palju lihtsamaks. <br \/>Norra kaubam\u00e4rk KSM Attachments pakub suurep\u00e4rast hinna ja kvaliteedi suhet. <br \/>Pakume 12-kuulise garantii tehaseh\u00e4irete vastu. <br \/>KASIMA O\u00dc pakub m\u00fc\u00fcgij\u00e4rgset ja garantiij\u00e4rgset hooldust.<\/p>\n<p>Kaubad on meil kohapeal, nii et saate tulla ja neid isiklikult n\u00e4ha. <br \/>Kiire tarne teie m\u00e4\u00e4ratud aadressile.      <\/p>\n","protected":false},"excerpt":{"rendered":"<p>Hind ilma k\u00e4ibemaksuta<\/p>\n<p>Tootja: KSM Attachments <br \/>Mudel: KSH120<br \/>Helistage meile: <a href=\"tel:+37067607071\">+37060842988<\/a><br \/>E-post: <a href=\"mailto:sales@kasima3.bcapps.lt\">usedparts@kasima3.bcapps.lt<\/a><\/p>\n","protected":false},"featured_media":30229,"template":"","meta":{"_et_pb_use_builder":"","_et_pb_old_content":"","_et_gb_content_width":""},"product_brand":[],"product_cat":[295,159,165,226,167,199],"product_tag":[],"class_list":{"0":"post-30279","1":"product","2":"type-product","3":"status-publish","4":"has-post-thumbnail","6":"product_cat-kuni-15-tonni","7":"product_cat-15-3-tonni","8":"product_cat-uus","9":"product_cat-hudrovasar","10":"product_cat-ekskavaator","11":"product_cat-frontaallaadurid","13":"first","14":"instock","15":"taxable","16":"shipping-taxable","17":"purchasable","18":"product-type-simple"},"_links":{"self":[{"href":"https:\/\/kasima3.bcapps.lt\/et\/wp-json\/wp\/v2\/product\/30279","targetHints":{"allow":["GET"]}}],"collection":[{"href":"https:\/\/kasima3.bcapps.lt\/et\/wp-json\/wp\/v2\/product"}],"about":[{"href":"https:\/\/kasima3.bcapps.lt\/et\/wp-json\/wp\/v2\/types\/product"}],"wp:featuredmedia":[{"embeddable":true,"href":"https:\/\/kasima3.bcapps.lt\/et\/wp-json\/wp\/v2\/media\/30229"}],"wp:attachment":[{"href":"https:\/\/kasima3.bcapps.lt\/et\/wp-json\/wp\/v2\/media?parent=30279"}],"wp:term":[{"taxonomy":"product_brand","embeddable":true,"href":"https:\/\/kasima3.bcapps.lt\/et\/wp-json\/wp\/v2\/product_brand?post=30279"},{"taxonomy":"product_cat","embeddable":true,"href":"https:\/\/kasima3.bcapps.lt\/et\/wp-json\/wp\/v2\/product_cat?post=30279"},{"taxonomy":"product_tag","embeddable":true,"href":"https:\/\/kasima3.bcapps.lt\/et\/wp-json\/wp\/v2\/product_tag?post=30279"}],"curies":[{"name":"wp","href":"https:\/\/api.w.org\/{rel}","templated":true}]}}