{"id":30489,"date":"2024-10-18T08:36:33","date_gmt":"2024-10-18T08:36:33","guid":{"rendered":"https:\/\/kasima.lt\/produktas\/irankiu-deze-su-laipteliais-is-volvo-ew160b\/"},"modified":"2025-10-29T08:33:07","modified_gmt":"2025-10-29T08:33:07","slug":"irankiu-deze-su-laipteliais-is-volvo-ew160b","status":"publish","type":"product","link":"https:\/\/kasima3.bcapps.lt\/et\/produktas\/irankiu-deze-su-laipteliais-is-volvo-ew160b\/","title":{"rendered":"Volvo EW160B t\u00f6\u00f6riistakast koos astmetega"},"content":{"rendered":"<p>Volvo EW160B t\u00f6\u00f6riistakast koos astmetega<br \/>Meil on saadaval Volvo EW160B ekskavaatori t\u00f6\u00f6riistakast koos astmetega. See seade on heas seisukorras ja valmis teie seadme seadistusse integreerimiseks, pakkudes mugavat juurdep\u00e4\u00e4su ja hoiustamist t\u00f6\u00f6riistadele ja hooldusvahenditele.<br \/>Peamised omadused:<br \/>Seisund: Seadmed: Seadmed: Seadmed: Seadmed: Seadmed: .<br \/>\u00dchilduv mudel: Volvo EW160B<br \/>Disain: Varustus: Sisseehitatud astmed lihtsaks juurdep\u00e4\u00e4suks ekskavaatori \u00fclemistele osadele ja turvaline t\u00f6\u00f6riistade hoiukamber.<br \/>Vastupidavus: Valmistatud tugevatest materjalidest, et taluda ehitust\u00f6\u00f6del ja rasketehnika t\u00f6\u00f6de raskusi.<\/p>\n","protected":false},"excerpt":{"rendered":"<p>Hind ilma k\u00e4ibemaksuta<\/p>\n<p>Tootja: VOLVO<br \/>Mudel: EW160B0053<br \/>Helistage meile: <a href=\"tel:+37060842988\">+37060842988<\/a><br \/>E-post: <a href=\"mailto:usedparts@kasima3.bcapps.lt\">usedparts@kasima3.bcapps.lt<\/a><\/p>\n","protected":false},"featured_media":30470,"template":"","meta":{"_et_pb_use_builder":"","_et_pb_old_content":"","_et_gb_content_width":""},"product_brand":[],"product_cat":[397,319,431],"product_tag":[],"class_list":{"0":"post-30489","1":"product","2":"type-product","3":"status-publish","4":"has-post-thumbnail","6":"product_cat-volvo-varuosade","7":"product_cat-kasutatud-varuosade","8":"product_cat-ehitusmasinad-varuosade","10":"first","11":"instock","12":"taxable","13":"shipping-taxable","14":"purchasable","15":"product-type-simple"},"_links":{"self":[{"href":"https:\/\/kasima3.bcapps.lt\/et\/wp-json\/wp\/v2\/product\/30489","targetHints":{"allow":["GET"]}}],"collection":[{"href":"https:\/\/kasima3.bcapps.lt\/et\/wp-json\/wp\/v2\/product"}],"about":[{"href":"https:\/\/kasima3.bcapps.lt\/et\/wp-json\/wp\/v2\/types\/product"}],"wp:featuredmedia":[{"embeddable":true,"href":"https:\/\/kasima3.bcapps.lt\/et\/wp-json\/wp\/v2\/media\/30470"}],"wp:attachment":[{"href":"https:\/\/kasima3.bcapps.lt\/et\/wp-json\/wp\/v2\/media?parent=30489"}],"wp:term":[{"taxonomy":"product_brand","embeddable":true,"href":"https:\/\/kasima3.bcapps.lt\/et\/wp-json\/wp\/v2\/product_brand?post=30489"},{"taxonomy":"product_cat","embeddable":true,"href":"https:\/\/kasima3.bcapps.lt\/et\/wp-json\/wp\/v2\/product_cat?post=30489"},{"taxonomy":"product_tag","embeddable":true,"href":"https:\/\/kasima3.bcapps.lt\/et\/wp-json\/wp\/v2\/product_tag?post=30489"}],"curies":[{"name":"wp","href":"https:\/\/api.w.org\/{rel}","templated":true}]}}