{"id":30509,"date":"2024-10-18T08:58:02","date_gmt":"2024-10-18T08:58:02","guid":{"rendered":"https:\/\/kasima.lt\/produktas\/ausinimo-sistemos-oro-isiurbimo-vamzdis-is-volvo-ew160b\/"},"modified":"2025-10-29T08:33:07","modified_gmt":"2025-10-29T08:33:07","slug":"ausinimo-sistemos-oro-isiurbimo-vamzdis-is-volvo-ew160b","status":"publish","type":"product","link":"https:\/\/kasima3.bcapps.lt\/et\/produktas\/ausinimo-sistemos-oro-isiurbimo-vamzdis-is-volvo-ew160b\/","title":{"rendered":"Volvo EW160B jahutuss\u00fcsteemi \u00f5huv\u00f5tutoru"},"content":{"rendered":"<p>Volvo EW160B jahutuss\u00fcsteemi \u00f5huv\u00f5tutoru<br \/>Meil on saadaval Volvo EW160B ekskavaatori jahutuss\u00fcsteemi \u00f5hu sisselasketoru, mille osa number on VOE14377093. See osa on h\u00e4davajalik, et tagada teie masina optimaalne \u00f5huvool ja jahutusj\u00f5udlus.<br \/>Peamised omadused:<br \/>Seisund: Seadmed: P\u00fcsivus: P\u00fcsivus: P\u00fcsivus: Kasutatud, p\u00f5hjalikult kontrollitud ja heas t\u00f6\u00f6korras.<br \/>Osa number: VOE14377093<br \/>Materjal: Materjal: Materjal: Materjal: Materjal: Materjal: Materjal: Materjal: Vastupidav konstruktsioon, mis on loodud taluma karmi kasutustingimusi.   <\/p>\n","protected":false},"excerpt":{"rendered":"<p>Hind ilma k\u00e4ibemaksuta<\/p>\n<p>Tootja: VOLVO<br \/>Mudel: EW160B0054<br \/>Helistage meile: <a href=\"tel:+37060842988\">+37060842988<\/a><br \/>E-post: <a href=\"mailto:usedparts@kasima3.bcapps.lt\">usedparts@kasima3.bcapps.lt<\/a><\/p>\n","protected":false},"featured_media":30495,"template":"","meta":{"_et_pb_use_builder":"","_et_pb_old_content":"","_et_gb_content_width":""},"product_brand":[],"product_cat":[397,319,431],"product_tag":[],"class_list":{"0":"post-30509","1":"product","2":"type-product","3":"status-publish","4":"has-post-thumbnail","6":"product_cat-volvo-varuosade","7":"product_cat-kasutatud-varuosade","8":"product_cat-ehitusmasinad-varuosade","10":"first","11":"instock","12":"taxable","13":"shipping-taxable","14":"purchasable","15":"product-type-simple"},"_links":{"self":[{"href":"https:\/\/kasima3.bcapps.lt\/et\/wp-json\/wp\/v2\/product\/30509","targetHints":{"allow":["GET"]}}],"collection":[{"href":"https:\/\/kasima3.bcapps.lt\/et\/wp-json\/wp\/v2\/product"}],"about":[{"href":"https:\/\/kasima3.bcapps.lt\/et\/wp-json\/wp\/v2\/types\/product"}],"wp:featuredmedia":[{"embeddable":true,"href":"https:\/\/kasima3.bcapps.lt\/et\/wp-json\/wp\/v2\/media\/30495"}],"wp:attachment":[{"href":"https:\/\/kasima3.bcapps.lt\/et\/wp-json\/wp\/v2\/media?parent=30509"}],"wp:term":[{"taxonomy":"product_brand","embeddable":true,"href":"https:\/\/kasima3.bcapps.lt\/et\/wp-json\/wp\/v2\/product_brand?post=30509"},{"taxonomy":"product_cat","embeddable":true,"href":"https:\/\/kasima3.bcapps.lt\/et\/wp-json\/wp\/v2\/product_cat?post=30509"},{"taxonomy":"product_tag","embeddable":true,"href":"https:\/\/kasima3.bcapps.lt\/et\/wp-json\/wp\/v2\/product_tag?post=30509"}],"curies":[{"name":"wp","href":"https:\/\/api.w.org\/{rel}","templated":true}]}}