{"id":30544,"date":"2024-10-18T11:03:39","date_gmt":"2024-10-18T11:03:39","guid":{"rendered":"https:\/\/kasima.lt\/produktas\/naudotas-volvo-ew160b-variklio-dangtis\/"},"modified":"2025-10-29T08:33:08","modified_gmt":"2025-10-29T08:33:08","slug":"naudotas-volvo-ew160b-variklio-dangtis","status":"publish","type":"product","link":"https:\/\/kasima3.bcapps.lt\/et\/produktas\/naudotas-volvo-ew160b-variklio-dangtis\/","title":{"rendered":"Kasutatud mootori klapp alates Volvo EW160B"},"content":{"rendered":"<p>Kasutatud mootori klapp alates Volvo EW160B<br \/>Pakume kasutatud mootoriklappe Volvo EW160B ekskavaatorist, osa number VOE14377108. See osa on oluline mootori n\u00f5uetekohase katte ja kaitse tagamiseks, s\u00e4ilitades samal ajal juurdep\u00e4\u00e4su hoolduseks.<br \/>Peamised omadused:<br \/>Seisund: kasutatud<br \/>Osa number: VOE14377108<br \/>Materjal: Kvaliteetne ja vastupidav konstruktsioon, mis on m\u00f5eldud pikaajaliseks kasutamiseks rasketes t\u00f6\u00f6keskkondades.  <\/p>\n","protected":false},"excerpt":{"rendered":"<p>Hind ilma k\u00e4ibemaksuta<\/p>\n<p>Tootja: VOLVO<br \/>Mudel: EW160B0056<br \/>Helistage meile: <a href=\"tel:+37060842988\">+37060842988<\/a><br \/>E-post: <a href=\"mailto:usedparts@kasima3.bcapps.lt\">usedparts@kasima3.bcapps.lt<\/a><\/p>\n","protected":false},"featured_media":30530,"template":"","meta":{"_et_pb_use_builder":"","_et_pb_old_content":"","_et_gb_content_width":""},"product_brand":[],"product_cat":[397,319,431],"product_tag":[],"class_list":{"0":"post-30544","1":"product","2":"type-product","3":"status-publish","4":"has-post-thumbnail","6":"product_cat-volvo-varuosade","7":"product_cat-kasutatud-varuosade","8":"product_cat-ehitusmasinad-varuosade","10":"first","11":"instock","12":"taxable","13":"shipping-taxable","14":"purchasable","15":"product-type-simple"},"_links":{"self":[{"href":"https:\/\/kasima3.bcapps.lt\/et\/wp-json\/wp\/v2\/product\/30544","targetHints":{"allow":["GET"]}}],"collection":[{"href":"https:\/\/kasima3.bcapps.lt\/et\/wp-json\/wp\/v2\/product"}],"about":[{"href":"https:\/\/kasima3.bcapps.lt\/et\/wp-json\/wp\/v2\/types\/product"}],"wp:featuredmedia":[{"embeddable":true,"href":"https:\/\/kasima3.bcapps.lt\/et\/wp-json\/wp\/v2\/media\/30530"}],"wp:attachment":[{"href":"https:\/\/kasima3.bcapps.lt\/et\/wp-json\/wp\/v2\/media?parent=30544"}],"wp:term":[{"taxonomy":"product_brand","embeddable":true,"href":"https:\/\/kasima3.bcapps.lt\/et\/wp-json\/wp\/v2\/product_brand?post=30544"},{"taxonomy":"product_cat","embeddable":true,"href":"https:\/\/kasima3.bcapps.lt\/et\/wp-json\/wp\/v2\/product_cat?post=30544"},{"taxonomy":"product_tag","embeddable":true,"href":"https:\/\/kasima3.bcapps.lt\/et\/wp-json\/wp\/v2\/product_tag?post=30544"}],"curies":[{"name":"wp","href":"https:\/\/api.w.org\/{rel}","templated":true}]}}