{"id":30574,"date":"2024-10-18T11:41:46","date_gmt":"2024-10-18T11:41:46","guid":{"rendered":"https:\/\/kasima.lt\/produktas\/naudotas-volvo-ew160b-priekinis-aptarnavimo-gaubtas\/"},"modified":"2025-10-29T08:33:08","modified_gmt":"2025-10-29T08:33:08","slug":"naudotas-volvo-ew160b-priekinis-aptarnavimo-gaubtas","status":"publish","type":"product","link":"https:\/\/kasima3.bcapps.lt\/et\/produktas\/naudotas-volvo-ew160b-priekinis-aptarnavimo-gaubtas\/","title":{"rendered":"Kasutatud Volvo EW160B esiosa hoolduskate"},"content":{"rendered":"<p>Kasutatud Volvo EW160B esiosa hoolduskate<br \/>Meil on saadaval kasutatud Volvo EW160B ekskavaatori esiosa hoolduskate, mille osa number on VOE14375374. See osa pakub olulist kaitset teie masina esiosadele, v\u00f5imaldades samal ajal lihtsat juurdep\u00e4\u00e4su hoolduseks.<br \/>Seisund: kasutatud<br \/>Osa number: VOE14375374<br \/>Materjal: Kvaliteetne, vastupidav konstruktsioon, mis on loodud karmidele t\u00f6\u00f6tingimustele vastu pidama.  <\/p>\n","protected":false},"excerpt":{"rendered":"<p>Hind ilma k\u00e4ibemaksuta<\/p>\n<p>Tootja:VOLVO<br \/>Mudel:EW160B0057<br \/>Helista:<a href=\"tel:+37060842988\">+37060842988<\/a><br \/>E-post: <a href=\"mailto:usedparts@kasima3.bcapps.lt\">usedparts@kasima3.bcapps.lt<\/a><\/p>\n","protected":false},"featured_media":30550,"template":"","meta":{"_et_pb_use_builder":"","_et_pb_old_content":"","_et_gb_content_width":""},"product_brand":[],"product_cat":[397,319,431],"product_tag":[],"class_list":{"0":"post-30574","1":"product","2":"type-product","3":"status-publish","4":"has-post-thumbnail","6":"product_cat-volvo-varuosade","7":"product_cat-kasutatud-varuosade","8":"product_cat-ehitusmasinad-varuosade","10":"first","11":"instock","12":"taxable","13":"shipping-taxable","14":"purchasable","15":"product-type-simple"},"_links":{"self":[{"href":"https:\/\/kasima3.bcapps.lt\/et\/wp-json\/wp\/v2\/product\/30574","targetHints":{"allow":["GET"]}}],"collection":[{"href":"https:\/\/kasima3.bcapps.lt\/et\/wp-json\/wp\/v2\/product"}],"about":[{"href":"https:\/\/kasima3.bcapps.lt\/et\/wp-json\/wp\/v2\/types\/product"}],"wp:featuredmedia":[{"embeddable":true,"href":"https:\/\/kasima3.bcapps.lt\/et\/wp-json\/wp\/v2\/media\/30550"}],"wp:attachment":[{"href":"https:\/\/kasima3.bcapps.lt\/et\/wp-json\/wp\/v2\/media?parent=30574"}],"wp:term":[{"taxonomy":"product_brand","embeddable":true,"href":"https:\/\/kasima3.bcapps.lt\/et\/wp-json\/wp\/v2\/product_brand?post=30574"},{"taxonomy":"product_cat","embeddable":true,"href":"https:\/\/kasima3.bcapps.lt\/et\/wp-json\/wp\/v2\/product_cat?post=30574"},{"taxonomy":"product_tag","embeddable":true,"href":"https:\/\/kasima3.bcapps.lt\/et\/wp-json\/wp\/v2\/product_tag?post=30574"}],"curies":[{"name":"wp","href":"https:\/\/api.w.org\/{rel}","templated":true}]}}