{"id":30756,"date":"2024-10-18T12:18:38","date_gmt":"2024-10-18T12:18:38","guid":{"rendered":"https:\/\/kasima.lt\/produktas\/naudotos-volvo-ew160b-valdymo-skydelio-atramos-ir-atramos-dangtis\/"},"modified":"2025-10-29T08:33:09","modified_gmt":"2025-10-29T08:33:09","slug":"naudotos-volvo-ew160b-valdymo-skydelio-atramos-ir-atramos-dangtis","status":"publish","type":"product","link":"https:\/\/kasima3.bcapps.lt\/et\/produktas\/naudotos-volvo-ew160b-valdymo-skydelio-atramos-ir-atramos-dangtis\/","title":{"rendered":"Kasutatud juhtpaneeli toed ja tugikate Volvo EW160B-st"},"content":{"rendered":"<p>Kasutatud juhtpaneeli toed ja tugikate Volvo EW160B-st<br \/>Pakume kasutatud juhtpaneeli toed ja tugikatet Volvo EW160B ekskavaatorist. K\u00f5ik osad on heas seisukorras ja valmis kasutamiseks remondiks v\u00f5i hoolduseks .<br \/>Juhtpaneeli tugi (osa number: VOE14376005)<br \/>Tugikate (osa number: VOE14508316)<br \/>Seisund: Kasutatud<br \/>Kvaliteetsed materjalid: Kujundatud vastupidavuse ja pikaajalise t\u00f6\u00f6v\u00f5ime tagamiseks rasketes t\u00f6\u00f6keskkondades.  <\/p>\n","protected":false},"excerpt":{"rendered":"<p>Hind ilma k\u00e4ibemaksuta<\/p>\n<p>Tootja: VOLVO<br \/>Mudel: EW160B0058<br \/>Helista:<a href=\"tel:+37060842988\">+37060842988<\/a><br \/>E-post: <a href=\"mailto:usedparts@kasima3.bcapps.lt\">usedparts@kasima3.bcapps.lt<\/a><\/p>\n","protected":false},"featured_media":30747,"template":"","meta":{"_et_pb_use_builder":"","_et_pb_old_content":"","_et_gb_content_width":""},"product_brand":[],"product_cat":[397,319,431],"product_tag":[],"class_list":{"0":"post-30756","1":"product","2":"type-product","3":"status-publish","4":"has-post-thumbnail","6":"product_cat-volvo-varuosade","7":"product_cat-kasutatud-varuosade","8":"product_cat-ehitusmasinad-varuosade","10":"first","11":"instock","12":"taxable","13":"shipping-taxable","14":"product-type-simple"},"_links":{"self":[{"href":"https:\/\/kasima3.bcapps.lt\/et\/wp-json\/wp\/v2\/product\/30756","targetHints":{"allow":["GET"]}}],"collection":[{"href":"https:\/\/kasima3.bcapps.lt\/et\/wp-json\/wp\/v2\/product"}],"about":[{"href":"https:\/\/kasima3.bcapps.lt\/et\/wp-json\/wp\/v2\/types\/product"}],"wp:featuredmedia":[{"embeddable":true,"href":"https:\/\/kasima3.bcapps.lt\/et\/wp-json\/wp\/v2\/media\/30747"}],"wp:attachment":[{"href":"https:\/\/kasima3.bcapps.lt\/et\/wp-json\/wp\/v2\/media?parent=30756"}],"wp:term":[{"taxonomy":"product_brand","embeddable":true,"href":"https:\/\/kasima3.bcapps.lt\/et\/wp-json\/wp\/v2\/product_brand?post=30756"},{"taxonomy":"product_cat","embeddable":true,"href":"https:\/\/kasima3.bcapps.lt\/et\/wp-json\/wp\/v2\/product_cat?post=30756"},{"taxonomy":"product_tag","embeddable":true,"href":"https:\/\/kasima3.bcapps.lt\/et\/wp-json\/wp\/v2\/product_tag?post=30756"}],"curies":[{"name":"wp","href":"https:\/\/api.w.org\/{rel}","templated":true}]}}